{"id":6733,"date":"2023-10-01T22:17:48","date_gmt":"2023-10-01T22:17:48","guid":{"rendered":"https:\/\/amicamiashop.com\/about-us\/"},"modified":"2026-02-10T11:03:46","modified_gmt":"2026-02-10T11:03:46","slug":"kik-vagyunk","status":"publish","type":"page","link":"https:\/\/amicamiashop.com\/hu\/kik-vagyunk\/","title":{"rendered":"KIK VAGYUNK"},"content":{"rendered":"\t\t<div data-elementor-type=\"wp-page\" data-elementor-id=\"6733\" class=\"elementor elementor-6733 elementor-4699\" data-elementor-post-type=\"page\">\n\t\t\t\t\t\t<section class=\"elementor-section elementor-top-section elementor-element elementor-element-e812089 elementor-section-boxed elementor-section-height-default elementor-section-height-default\" data-id=\"e812089\" data-element_type=\"section\" data-settings=\"{&quot;background_background&quot;:&quot;classic&quot;}\">\r\n\t\t\r\n\t\t\t\t\t\t\t<div class=\"elementor-container elementor-column-gap-default\">\r\n\t\t\t\t\t\t\t\t\t\t\t<div class=\"elementor-column elementor-col-100 elementor-top-column elementor-element elementor-element-cc96bd0\" data-id=\"cc96bd0\" data-element_type=\"column\" data-settings=\"{&quot;background_background&quot;:&quot;classic&quot;}\">\r\n\t\t\t\t\t<div class=\"elementor-widget-wrap elementor-element-populated\">\r\n\t\t\t\t\t\t\t\t<div class=\"elementor-element elementor-element-cbad440 elementor-widget elementor-widget-heading\" data-id=\"cbad440\" data-element_type=\"widget\" data-widget_type=\"heading.default\">\n\t\t\t\t<div class=\"elementor-widget-container\">\n\t\t\t\t\t<h2 class=\"elementor-heading-title elementor-size-default\">R\u00f3lunk\n<\/h2>\t\t\t\t<\/div>\n\t\t\t\t<\/div>\n\t\t\t\t\t<\/div>\r\n\t\t\t\t<\/div>\r\n\t\t\t\t\t<\/div>\r\n\t\t\t\t<\/section>\r\n\t\t\t\t<section class=\"elementor-section elementor-top-section elementor-element elementor-element-5f88f63 home-banner elementor-section-boxed elementor-section-height-default elementor-section-height-default\" data-id=\"5f88f63\" data-element_type=\"section\">\r\n\t\t\r\n\t\t\t\t\t\t\t<div class=\"elementor-container elementor-column-gap-no\">\r\n\t\t\t\t\t\t\t\t\t\t\t<div class=\"elementor-column elementor-col-100 elementor-top-column elementor-element elementor-element-17f3e37 porto-ibanner-layer position-static\" data-id=\"17f3e37\" data-element_type=\"column\">\r\n\t\t\t\t\t<div class=\"elementor-widget-wrap elementor-element-populated\">\r\n\t\t\t\t\t\t\t\t<div class=\"elementor-element elementor-element-d896b2c elementor-widget elementor-widget-heading\" data-id=\"d896b2c\" data-element_type=\"widget\" data-widget_type=\"heading.default\">\n\t\t\t\t<div class=\"elementor-widget-container\">\n\t\t\t\t\t<h2 class=\"elementor-heading-title elementor-size-default\">AMICA MIA\n<\/h2>\t\t\t\t<\/div>\n\t\t\t\t<\/div>\n\t\t\t\t<div class=\"elementor-element elementor-element-94e4dd3 elementor-widget elementor-widget-text-editor\" data-id=\"94e4dd3\" data-element_type=\"widget\" data-widget_type=\"text-editor.default\">\n\t\t\t\t<div class=\"elementor-widget-container\">\n\t\t\t\t\t\t\t\t\t<p>Olasz \u00e9s magyar tulajdonosi h\u00e1tt\u00e9rrel rendelkez\u0151 olasz kozmetikai gyanta valamint b\u0151r\u00e1pol\u00f3 term\u00e9kek forgalmaz\u00e1s\u00e1sra szakosodott web\u00e1ruh\u00e1z vagyunk. A magyar piacon 2016 \u00f3ta vagyunk jelen Olaszorsz\u00e1g legkiv\u00e1l\u00f3bb kozmetikai gyanta term\u00e9keivel, melyet kib\u0151vitett\u00fcnk szakmai haszn\u00e1latra tervezett Organikus \u00f6sszetev\u0151ket tartalmaz\u00f3\u00a0 arc \u00e9s test\u00e1pol\u00f3 term\u00e9kekkel.<\/p><p>Kozmetikai gyant\u00e1k \u00e9s kozmetikumok teljes v\u00e1laszt\u00e9k\u00e1t mi magunk v\u00e1logatjuk ki gy\u00e1rt\u00f3 partnereinkt\u0151l, akik a k\u00f6rnyezev\u00e9delmet \u00e9s a munkaer\u0151t tiszteletben tartva, EU min\u0151s\u00e9gi bizonyitv\u00e1nnyal rendelkez\u0151 term\u00e9keket \u00e1ll\u00edtanak el\u0151.<\/p><p>Term\u00e9k k\u00edn\u00e1latunkban megtal\u00e1lhat\u00f3 professzin\u00e1lis term\u00e9kek szakmai haszn\u00e1latra valamint lakoss\u00e1gi term\u00e9kek otthoni felhaszn\u00e1l\u00e1sra.<\/p><p>Profi kozmetikus vagy, Sz\u00e9ps\u00e9gszalon tulajdonos?<\/p><p>Az Amica Mia kiv\u00e1l\u00f3 \u00e9s egyenletes term\u00e9k min\u0151s\u00e9get, versenyk\u00e9pes \u00e1rakat, \u00e1lland\u00f3 szakmai kedvezm\u00e9nyeket, valamint innovat\u00edv kozmetikumokat k\u00edn\u00e1l kozmetikusoknak \u00e9s szalon tulajdonosoknak.<\/p><p>Olyan kozmetikai term\u00e9keket k\u00edn\u00e1lunk \u00a0parnereinknek, amelyek vonz\u00f3v\u00e1 teszik szalonj\u00e1t \u00e9s el\u00e9gedett vend\u00e9gk\u00f6rt garant\u00e1lnak.<\/p><p>Ha lakoss\u00e1gi v\u00e1s\u00e1rl\u00f3k\u00e9nt kipr\u00f3b\u00e1ln\u00e1 az otthoni gyant\u00e1z\u00e1st valamint Organikus arc \u00e9s test\u00e1pol\u00f3 kozmetikumokat, kedvez\u0151 \u00e1rakon kiv\u00e1l\u00f3 min\u0151s\u00e9g\u00fc term\u00e9keket rendelhet web\u00e1ruh\u00e1zunkb\u00f3l.<\/p>\t\t\t\t\t\t\t\t<\/div>\n\t\t\t\t<\/div>\n\t\t\t\t\t<\/div>\r\n\t\t\t\t<\/div>\r\n\t\t\t\t\t<\/div>\r\n\t\t\t\t<\/section>\r\n\t\t\t\t<section class=\"elementor-section elementor-top-section elementor-element elementor-element-5e7dcd1 elementor-section-boxed elementor-section-height-default elementor-section-height-default\" data-id=\"5e7dcd1\" data-element_type=\"section\">\r\n\t\t\r\n\t\t\t\t\t\t\t<div class=\"elementor-container elementor-column-gap-default\">\r\n\t\t\t\t\t\t\t\t\t\t\t<div class=\"elementor-column elementor-col-100 elementor-top-column elementor-element elementor-element-b2eb6f6\" data-id=\"b2eb6f6\" data-element_type=\"column\" data-settings=\"{&quot;background_background&quot;:&quot;classic&quot;}\">\r\n\t\t\t\t\t<div class=\"elementor-widget-wrap elementor-element-populated\">\r\n\t\t\t\t\t\t\t\t<div class=\"elementor-element elementor-element-9ce2028 elementor-widget elementor-widget-heading\" data-id=\"9ce2028\" data-element_type=\"widget\" data-widget_type=\"heading.default\">\n\t\t\t\t<div class=\"elementor-widget-container\">\n\t\t\t\t\t<h2 class=\"elementor-heading-title elementor-size-default\">REGISZTR\u00c1CI\u00d3-<br>\nKOZMETIKUSOKNAK, VISZONTELAD\u00d3KNAK, TANUL\u00d3KNAK<\/h2>\t\t\t\t<\/div>\n\t\t\t\t<\/div>\n\t\t\t\t<div class=\"elementor-element elementor-element-cd2615a elementor-widget elementor-widget-heading\" data-id=\"cd2615a\" data-element_type=\"widget\" data-widget_type=\"heading.default\">\n\t\t\t\t<div class=\"elementor-widget-container\">\n\t\t\t\t\t<h2 class=\"elementor-heading-title elementor-size-default\">K\u00fcldd el szakmai regisztr\u00e1ci\u00f3dat MOST \u00e9s v\u00e1s\u00e1rolj egyszer\u00fcen a WEBSHOPBAN !<\/h2>\t\t\t\t<\/div>\n\t\t\t\t<\/div>\n\t\t\t\t<div class=\"elementor-element elementor-element-50221ab elementor-widget elementor-widget-porto_button\" data-id=\"50221ab\" data-element_type=\"widget\" data-settings=\"{&quot;align&quot;:&quot;center&quot;}\" data-widget_type=\"porto_button.default\">\n\t\t\t\t<div class=\"elementor-widget-container\">\n\t\t\t\t\t<a aria-label=\"button\" class=\"btn btn-md btn-primary\" href=\"https:\/\/amicamiashop.com\/hu\/regisztracio-kozmetikusoknak\/\"><span >SZAKMAI REGISZTR\u00c1CI\u00d3<\/span><\/a>\t\t\t\t<\/div>\n\t\t\t\t<\/div>\n\t\t\t\t\t<\/div>\r\n\t\t\t\t<\/div>\r\n\t\t\t\t\t<\/div>\r\n\t\t\t\t<\/section>\r\n\t\t\t\t<section class=\"elementor-section elementor-top-section elementor-element elementor-element-fde5944 elementor-section-boxed elementor-section-height-default elementor-section-height-default\" data-id=\"fde5944\" data-element_type=\"section\">\r\n\t\t\r\n\t\t\t\t\t\t\t<div class=\"elementor-container elementor-column-gap-default\">\r\n\t\t\t\t\t\t\t\t\t\t\t<div class=\"elementor-column elementor-col-50 elementor-top-column elementor-element elementor-element-3269403\" data-id=\"3269403\" data-element_type=\"column\">\r\n\t\t\t\t\t<div class=\"elementor-widget-wrap elementor-element-populated\">\r\n\t\t\t\t\t\t\t\t<div class=\"elementor-element elementor-element-c1e167b mb-4 elementor-widget elementor-widget-heading\" data-id=\"c1e167b\" data-element_type=\"widget\" data-widget_type=\"heading.default\">\n\t\t\t\t<div class=\"elementor-widget-container\">\n\t\t\t\t\t<h2 class=\"elementor-heading-title elementor-size-default\">Mi\u00e9rt m\u00e1s a cukorpaszta patron\n<\/h2>\t\t\t\t<\/div>\n\t\t\t\t<\/div>\n\t\t\t\t<div class=\"elementor-element elementor-element-02093fa elementor-widget elementor-widget-text-editor\" data-id=\"02093fa\" data-element_type=\"widget\" data-widget_type=\"text-editor.default\">\n\t\t\t\t<div class=\"elementor-widget-container\">\n\t\t\t\t\t\t\t\t\t<p>A\u00a0<strong>Bio cukor paszta patron<\/strong>\u00a0\u00f6sszet\u00e9tele kiz\u00e1r\u00f3lag\u00a0<strong>term\u00e9szetes anyagokat tartalmaz<\/strong>\u00a0100% ban \u00edgy: v\u00edz, cukor \u00e9s citromkivonat. Ez\u00e1ltal b\u00e1rki kock\u00e1zat n\u00e9lk\u00fcl haszn\u00e1lhatja\u00a0<strong>b\u00e1rmely b\u0151r t\u00edpusnak<\/strong>\u00a0megfelel\u0151en. Javasolt haszn\u00e1lata: Els\u0151 gyant\u00e1z\u00e1shoz gyenge \u00e9s vil\u00e1gos sz\u0151r eset\u00e9n.<\/p><ul><li><em>Alacsonyabb h\u0151m\u00e9rs\u00e9kleten \/47\u00b0C\/ megolvad, \u00edgy alacsonyabb h\u0151m\u00e9rs\u00e9kleten is haszn\u00e1lhat\u00f3, ez\u00e9rt egy k\u00edm\u00e9letes gyant\u00e1z\u00e1st tesz lehet\u0151v\u00e9\u00a0<\/em><\/li><li><em>Speci\u00e1lis cukor gyanta\u00a0 patronmeleg\u00edt\u0151 g\u00e9ppel haszn\u00e1lhat\u00f3 amely a k\u00edv\u00e1nt h\u0151fokra meleg\u00edti a cukorpaszt\u00e1t<\/em><\/li><li><em>K\u00f6nny\u00fc kezelhet\u0151s\u00e9g pap\u00edr leh\u00faz\u00f3 cs\u00edkkal\u00a0<\/em><\/li><li><em>Kev\u00e9sb\u00e9 f\u00e1jdalmas sz\u0151rtelen\u00edt\u00e9s<\/em><\/li><li><em>T\u00f6k\u00e9letes gyant\u00e1z\u00e1s eredm\u00e9ny \u00e9s\u00a0 kezel\u00e9s v\u00e9g\u00e9n a b\u0151r hidrat\u00e1lt marad<\/em><\/li><li><em>A Bio cukorpaszta patron nem hagy ragacsos foltot vagy gyantamaradv\u00e1nyt a b\u0151r\u00f6n a kezel\u00e9s v\u00e9g\u00e9n el\u00e9g langyos vizzel \u00e1tt\u00f6r\u00f6lni a kezelt ter\u00fcletet<\/em><\/li><li><em>T\u00e1pl\u00e1lt hidrat\u00e1lt puha b\u0151r \u00e9rz\u00e9s\u00a0<\/em><\/li><\/ul>\t\t\t\t\t\t\t\t<\/div>\n\t\t\t\t<\/div>\n\t\t\t\t\t<\/div>\r\n\t\t\t\t<\/div>\r\n\t\t\t\t<div class=\"elementor-column elementor-col-50 elementor-top-column elementor-element elementor-element-00cbc8f\" data-id=\"00cbc8f\" data-element_type=\"column\" data-settings=\"{&quot;background_background&quot;:&quot;classic&quot;}\">\r\n\t\t\t\t\t<div class=\"elementor-widget-wrap elementor-element-populated\">\r\n\t\t\t\t\t\t\t\t<div class=\"elementor-element elementor-element-ff7a52f mb-4 elementor-widget elementor-widget-heading\" data-id=\"ff7a52f\" data-element_type=\"widget\" data-widget_type=\"heading.default\">\n\t\t\t\t<div class=\"elementor-widget-container\">\n\t\t\t\t\t<h2 class=\"elementor-heading-title elementor-size-default\">\n<\/h2>\t\t\t\t<\/div>\n\t\t\t\t<\/div>\n\t\t\t\t\t<\/div>\r\n\t\t\t\t<\/div>\r\n\t\t\t\t\t<\/div>\r\n\t\t\t\t<\/section>\r\n\t\t\t\t<section class=\"elementor-section elementor-top-section elementor-element elementor-element-1f355f7 home-banner elementor-section-boxed elementor-section-height-default elementor-section-height-default\" data-id=\"1f355f7\" data-element_type=\"section\">\r\n\t\t\r\n\t\t\t\t\t\t\t<div class=\"elementor-container elementor-column-gap-no\">\r\n\t\t\t\t\t\t\t\t\t\t\t<div class=\"elementor-column elementor-col-50 elementor-top-column elementor-element elementor-element-132edf5\" data-id=\"132edf5\" data-element_type=\"column\" data-settings=\"{&quot;background_background&quot;:&quot;classic&quot;}\">\r\n\t\t\t\t\t<div data-plugin-parallax=\"\" data-plugin-options=\"{&quot;speed&quot;: 1.3}\" class=\"elementor-widget-wrap elementor-element-populated\">\r\n\t\t\t\t\t\t\t\t\t<\/div>\r\n\t\t\t\t<\/div>\r\n\t\t\t\t<div class=\"elementor-column elementor-col-50 elementor-top-column elementor-element elementor-element-e061bca porto-ibanner-layer position-static\" data-id=\"e061bca\" data-element_type=\"column\">\r\n\t\t\t\t\t<div class=\"elementor-widget-wrap elementor-element-populated\">\r\n\t\t\t\t\t\t\t\t<div class=\"elementor-element elementor-element-996c6f0 elementor-widget__width-initial elementor-widget elementor-widget-heading\" data-id=\"996c6f0\" data-element_type=\"widget\" data-widget_type=\"heading.default\">\n\t\t\t\t<div class=\"elementor-widget-container\">\n\t\t\t\t\t<h2 class=\"elementor-heading-title elementor-size-default\">Amica Mia intim Gyanta term\u00e9kei<br><\/h2>\t\t\t\t<\/div>\n\t\t\t\t<\/div>\n\t\t\t\t<div class=\"elementor-element elementor-element-cd3cf42 elementor-widget elementor-widget-text-editor\" data-id=\"cd3cf42\" data-element_type=\"widget\" data-widget_type=\"text-editor.default\">\n\t\t\t\t<div class=\"elementor-widget-container\">\n\t\t\t\t\t\t\t\t\t<p>\u00a0<\/p><ul><li>Gyant\u00e1z\u00e1s lehet egyszer\u00fc \u00e9s professzion\u00e1lis \u00e9s kellemes az \u00faj innovat\u00edv gyant\u00e1inkkal.<\/li><li>A modern spatul\u00e1s gyant\u00e1k hagyom\u00e1nyos \u00e9s brazil gyanta v\u00e1ltozatban megfelel\u0151 meleg\u00edt\u00e9si h\u0151m\u00e9rs\u00e9kleten nem s\u00e9rtik fel a h\u00e1mr\u00e9teget nem t\u00f6rnek \u00e9s t\u00f6vest\u0151l t\u00e1vol\u00edtanak el minden sz\u0151rsz\u00e1lat.<\/li><li>A leg\u00fajabb tov\u00e1bb fejlesztett intim gyant\u00e1ink alacsony olvad\u00e1spont\u00fa colophonium mentes, szintetikus \u00e9s multiflex gyant\u00e1k, k\u00f6nnyebb gyant\u00e1z\u00e1st tesz lehet\u0151v\u00e9 a nehezen hozz\u00e1f\u00e9rhet\u0151 helyeken valamint a leg\u00e9rz\u00e9kenyebb b\u0151rtipusra is haszn\u00e1lhat\u00f3. Nincs kipirosod\u00e1s vagy kipattogz\u00f3d\u00e1s vagy m\u00e1s b\u0151rallergia.<\/li><li>Legjobb gy\u00e1rt\u00f3k legjobb gyant\u00e1it gy\u0171jt\u00f6tt\u00fck \u00f6ssze magyarorsz\u00e1gi felhaszn\u00e1l\u00f3inknak.<\/li><li>Fontos sz\u00e1munkra az \u00e1lland\u00f3 kapcsolattart\u00e1s partner kozmetikusainkal, \u00edgy \u00e9rtes\u00edt\u00e9st k\u00fcld\u00fcnk az aktu\u00e1lis akci\u00f3inkr\u00f3l \u00e9s szakmai v\u00e1s\u00e1rl\u00f3inkt\u00f3l visszajelz\u00e9st kapunk term\u00e9keink min\u0151s\u00e9g\u00e9r\u0151l.<\/li><li>C\u00e9g\u00fcnk megalakul\u00e1sa \u00f3ta nagy hangs\u00falyt\u00a0 fektet\u00fcnk az intim gyant\u00e1kra mondhatn\u00e1m \u00fagyis sz\u00edv\u00fcgy\u00fcnk az intim gyanta .<\/li><li>Mindig is arra t\u00f6rekedt\u00fcnk hogy min\u00e9l nagyobb v\u00e1laszt\u00e9kot adjunk\u00a0 olaszorsz\u00e1g legkiv\u00e1l\u00f3bb intim gyant\u00e1ib\u00f3l szakmai v\u00e1s\u00e1rl\u00f3inknak.\u00a0 \u00a0 \u00a0<\/li><\/ul><p class=\"MsoNormal\"><span style=\"font-family: 'Cambria','serif'; mso-ascii-theme-font: major-latin; mso-hansi-theme-font: major-latin; mso-bidi-font-family: Calibri; mso-bidi-theme-font: minor-latin;\">\u00a0 \u00a0<\/span><\/p><p class=\"MsoNormal\">\u00a0<\/p>\t\t\t\t\t\t\t\t<\/div>\n\t\t\t\t<\/div>\n\t\t\t\t<div class=\"elementor-element elementor-element-6f7ed79 elementor-widget elementor-widget-porto_button\" data-id=\"6f7ed79\" data-element_type=\"widget\" data-settings=\"{&quot;align_mobile&quot;:&quot;center&quot;}\" data-widget_type=\"porto_button.default\">\n\t\t\t\t<div class=\"elementor-widget-container\">\n\t\t\t\t\t<a aria-label=\"button\" class=\"btn btn-lg btn-dark btn-modern\" href=\"https:\/\/amicamiashop.com\/hu\/shop-2\/\" target=\"_blank\"><span >TOV\u00c1BB<\/span><\/a>\t\t\t\t<\/div>\n\t\t\t\t<\/div>\n\t\t\t\t\t<\/div>\r\n\t\t\t\t<\/div>\r\n\t\t\t\t\t<\/div>\r\n\t\t\t\t<\/section>\r\n\t\t\t\t<\/div>\n\t\t","protected":false},"excerpt":{"rendered":"<p>R\u00f3lunk AMICA MIA Olasz \u00e9s magyar tulajdonosi h\u00e1tt\u00e9rrel rendelkez\u0151 olasz kozmetikai gyanta valamint b\u0151r\u00e1pol\u00f3 term\u00e9kek forgalmaz\u00e1s\u00e1sra szakosodott web\u00e1ruh\u00e1z vagyunk. A magyar piacon 2016 \u00f3ta vagyunk jelen Olaszorsz\u00e1g legkiv\u00e1l\u00f3bb kozmetikai gyanta term\u00e9keivel, melyet kib\u0151vitett\u00fcnk szakmai haszn\u00e1latra tervezett Organikus \u00f6sszetev\u0151ket tartalmaz\u00f3\u00a0 arc \u00e9s test\u00e1pol\u00f3 term\u00e9kekkel. Kozmetikai gyant\u00e1k \u00e9s kozmetikumok teljes v\u00e1laszt\u00e9k\u00e1t mi magunk v\u00e1logatjuk ki gy\u00e1rt\u00f3 partnereinkt\u0151l, [&hellip;]<\/p>\n","protected":false},"author":1,"featured_media":0,"parent":0,"menu_order":0,"comment_status":"closed","ping_status":"closed","template":"","meta":{"footnotes":""},"class_list":["post-6733","page","type-page","status-publish","hentry"],"_links":{"self":[{"href":"https:\/\/amicamiashop.com\/hu\/wp-json\/wp\/v2\/pages\/6733","targetHints":{"allow":["GET"]}}],"collection":[{"href":"https:\/\/amicamiashop.com\/hu\/wp-json\/wp\/v2\/pages"}],"about":[{"href":"https:\/\/amicamiashop.com\/hu\/wp-json\/wp\/v2\/types\/page"}],"author":[{"embeddable":true,"href":"https:\/\/amicamiashop.com\/hu\/wp-json\/wp\/v2\/users\/1"}],"replies":[{"embeddable":true,"href":"https:\/\/amicamiashop.com\/hu\/wp-json\/wp\/v2\/comments?post=6733"}],"version-history":[{"count":0,"href":"https:\/\/amicamiashop.com\/hu\/wp-json\/wp\/v2\/pages\/6733\/revisions"}],"wp:attachment":[{"href":"https:\/\/amicamiashop.com\/hu\/wp-json\/wp\/v2\/media?parent=6733"}],"curies":[{"name":"wp","href":"https:\/\/api.w.org\/{rel}","templated":true}]}}