{"id":8897,"date":"2024-02-02T20:39:43","date_gmt":"2024-02-02T20:39:43","guid":{"rendered":"https:\/\/amicamiashop.com\/?page_id=8897"},"modified":"2026-04-13T15:49:07","modified_gmt":"2026-04-13T15:49:07","slug":"regisztracio-kozmetikusoknak","status":"publish","type":"page","link":"https:\/\/amicamiashop.com\/hu\/regisztracio-kozmetikusoknak\/","title":{"rendered":"REGISZTR\u00c1CI\u00d3 &#8211; KOZMETIKUSOKNAK"},"content":{"rendered":"\t\t<div data-elementor-type=\"wp-page\" data-elementor-id=\"8897\" class=\"elementor elementor-8897\" data-elementor-post-type=\"page\">\n\t\t\t\t\t\t<section class=\"elementor-section elementor-top-section elementor-element elementor-element-4cfd2eb elementor-section-boxed elementor-section-height-default elementor-section-height-default\" data-id=\"4cfd2eb\" data-element_type=\"section\">\r\n\t\t\r\n\t\t\t\t\t\t\t<div class=\"elementor-container elementor-column-gap-default\">\r\n\t\t\t\t\t\t\t\t\t\t\t<div class=\"elementor-column elementor-col-100 elementor-top-column elementor-element elementor-element-01544c5\" data-id=\"01544c5\" data-element_type=\"column\">\r\n\t\t\t\t\t<div class=\"elementor-widget-wrap elementor-element-populated\">\r\n\t\t\t\t\t\t\t\t<div class=\"elementor-element elementor-element-e40e7e7 elementor-widget elementor-widget-heading\" data-id=\"e40e7e7\" data-element_type=\"widget\" data-widget_type=\"heading.default\">\n\t\t\t\t<div class=\"elementor-widget-container\">\n\t\t\t\t\t<h2 class=\"elementor-heading-title elementor-size-default\">REGISZTR\u00c1CI\u00d3-\nKOZMETIKUSOKNAK, VISZONTELAD\u00d3KNAK, TANUL\u00d3KNAK<\/h2>\t\t\t\t<\/div>\n\t\t\t\t<\/div>\n\t\t\t\t\t<\/div>\r\n\t\t\t\t<\/div>\r\n\t\t\t\t\t<\/div>\r\n\t\t\t\t<\/section>\r\n\t\t\t\t<section class=\"elementor-section elementor-top-section elementor-element elementor-element-05f5ee0 elementor-section-boxed elementor-section-height-default elementor-section-height-default\" data-id=\"05f5ee0\" data-element_type=\"section\">\r\n\t\t\r\n\t\t\t\t\t\t\t<div class=\"elementor-container elementor-column-gap-default\">\r\n\t\t\t\t\t\t\t\t\t\t\t<div class=\"elementor-column elementor-col-25 elementor-top-column elementor-element elementor-element-6abf99f\" data-id=\"6abf99f\" data-element_type=\"column\">\r\n\t\t\t\t\t<div class=\"elementor-widget-wrap\">\r\n\t\t\t\t\t\t\t\t\t<\/div>\r\n\t\t\t\t<\/div>\r\n\t\t\t\t<div class=\"elementor-column elementor-col-50 elementor-top-column elementor-element elementor-element-3d58ec8\" data-id=\"3d58ec8\" data-element_type=\"column\" data-settings=\"{&quot;background_background&quot;:&quot;classic&quot;}\">\r\n\t\t\t\t\t<div class=\"elementor-widget-wrap elementor-element-populated\">\r\n\t\t\t\t\t\t\t\t<div class=\"elementor-element elementor-element-d90ff46 elementor-widget elementor-widget-shortcode\" data-id=\"d90ff46\" data-element_type=\"widget\" data-widget_type=\"shortcode.default\">\n\t\t\t\t<div class=\"elementor-widget-container\">\n\t\t\t\t\t\t\t<div class=\"elementor-shortcode\"><div class=\"forminator-ui forminator-custom-form forminator-custom-form-8896 forminator-design--default  forminator_ajax\" data-forminator-render=\"0\" data-form=\"forminator-module-8896\" data-uid=\"69e54e09b7869\"><br\/><\/div><form\n\t\t\t\tid=\"forminator-module-8896\"\n\t\t\t\tclass=\"forminator-ui forminator-custom-form forminator-custom-form-8896 forminator-design--default  forminator_ajax\"\n\t\t\t\tmethod=\"post\"\n\t\t\t\tdata-forminator-render=\"0\"\n\t\t\t\tdata-form-id=\"8896\"\n\t\t\t\tenctype=\"multipart\/form-data\" data-color-option=\"default\" data-design=\"default\" data-grid=\"open\" style=\"display: none;\"\n\t\t\t\tdata-uid=\"69e54e09b7869\"\n\t\t\t><div role=\"alert\" aria-live=\"polite\" class=\"forminator-response-message forminator-error\" aria-hidden=\"true\"><\/div><div class=\"forminator-row\"><div id=\"text-1\" class=\"forminator-field-text forminator-col forminator-col-6 \"><div class=\"forminator-field\"><label for=\"forminator-field-text-1_69e54e09b7869\" id=\"forminator-field-text-1_69e54e09b7869-label\" class=\"forminator-label\">Keresztn\u00e9v <span class=\"forminator-required\">*<\/span><\/label><input type=\"text\" name=\"text-1\" value=\"\" placeholder=\"Keresztn\u00e9v\" id=\"forminator-field-text-1_69e54e09b7869\" class=\"forminator-input forminator-name--field\" data-required=\"true\" \/><\/div><\/div><div id=\"text-3\" class=\"forminator-field-text forminator-col forminator-col-6 \"><div class=\"forminator-field\"><label for=\"forminator-field-text-3_69e54e09b7869\" id=\"forminator-field-text-3_69e54e09b7869-label\" class=\"forminator-label\">Csal\u00e1dn\u00e9v <span class=\"forminator-required\">*<\/span><\/label><input type=\"text\" name=\"text-3\" value=\"\" placeholder=\"Csal\u00e1dn\u00e9v\" id=\"forminator-field-text-3_69e54e09b7869\" class=\"forminator-input forminator-name--field\" data-required=\"1\" \/><\/div><\/div><\/div><div class=\"forminator-row\"><div id=\"phone-1\" class=\"forminator-field-phone forminator-col forminator-col-6 \"><div class=\"forminator-field\"><label for=\"forminator-field-phone-1_69e54e09b7869\" id=\"forminator-field-phone-1_69e54e09b7869-label\" class=\"forminator-label\">Telefon sz\u00e1m <span class=\"forminator-required\">*<\/span><\/label><input type=\"text\" name=\"phone-1\" value=\"\" placeholder=\"+36 300 400 500\" id=\"forminator-field-phone-1_69e54e09b7869\" class=\"forminator-input forminator-field--phone\" data-required=\"1\" aria-required=\"true\" autocomplete=\"off\" data-national_mode=\"enabled\" data-country=\"hu\" data-validation=\"standard\" \/><\/div><\/div><div id=\"text-4\" class=\"forminator-field-text forminator-col forminator-col-6 \"><div class=\"forminator-field\"><label for=\"forminator-field-text-4_69e54e09b7869\" id=\"forminator-field-text-4_69e54e09b7869-label\" class=\"forminator-label\">C\u00e9g n\u00e9v<\/label><input type=\"text\" name=\"text-4\" value=\"\" placeholder=\"C\u00e9g n\u00e9v\" id=\"forminator-field-text-4_69e54e09b7869\" class=\"forminator-input forminator-name--field\" data-required=\"\" \/><\/div><\/div><\/div><div class=\"forminator-row\"><div id=\"email-1\" class=\"forminator-field-email forminator-col forminator-col-12 \"><div class=\"forminator-field\"><label for=\"forminator-field-email-1_69e54e09b7869\" id=\"forminator-field-email-1_69e54e09b7869-label\" class=\"forminator-label\">Email <span class=\"forminator-required\">*<\/span><\/label><input type=\"email\" name=\"email-1\" value=\"\" placeholder=\"E.g. john@doe.com\" id=\"forminator-field-email-1_69e54e09b7869\" class=\"forminator-input forminator-email--field\" data-required=\"true\" aria-required=\"true\" autocomplete=\"email\" \/><\/div><\/div><\/div><div class=\"forminator-row\"><div id=\"password-1\" class=\"forminator-field-password forminator-col forminator-col-12 \"><div class=\"forminator-field\"><label for=\"forminator-field-password-1_69e54e09b7869\" id=\"forminator-field-password-1_69e54e09b7869-label\" class=\"forminator-label\">Jelsz\u00f3 <span class=\"forminator-required\">*<\/span><\/label><input name=\"password-1\" value=\"\" placeholder=\"Enter your password\" id=\"forminator-field-password-1_69e54e09b7869\" class=\"forminator-input forminator-name--field\" data-required=\"true\" type=\"password\" \/><\/div><\/div><\/div><div class=\"forminator-row\"><div class=\"forminator-col forminator-col-12\"><div class=\"forminator-field\"><label for=\"forminator-field-confirm_password-1_69e54e09b7869\" id=\"forminator-field-confirm_password-1_69e54e09b7869-label\" class=\"forminator-label\">Confirm Password <span class=\"forminator-required\">*<\/span><\/label><input name=\"confirm_password-1\" value=\"\" placeholder=\"Confirm new password\" id=\"forminator-field-confirm_password-1_69e54e09b7869\" class=\"forminator-input forminator-name--field\" data-required=\"true\" type=\"password\" \/><\/div><\/div><\/div><div class=\"forminator-row\"><div id=\"checkbox-1\" class=\"forminator-field-checkbox forminator-col forminator-col-12 \"><div role=\"group\" class=\"forminator-field required\" aria-labelledby=\"forminator-checkbox-group-forminator-field-checkbox-1-69e54e09b7869-label\"><label id=\"forminator-field-checkbox-1-1-69e54e09b7869-label\" for=\"forminator-field-checkbox-1-1-69e54e09b7869\" class=\"forminator-checkbox\" title=\"Az \u0171rlap elk\u00fcld\u00e9s\u00e9vel elfogadom az \u00e1ltal\u00e1nos szerz\u0151d\u00e9si felt\u00e9teleket \u00e9s az adatv\u00e9delmi ir\u00e1nyelveket. Tudom\u00e1sul veszem, hogy adataim azoknak megfelel\u0151en t\u00e1rol\u00e1sra ker\u00fclhetnek \u00e9s t\u00f6rl\u00e9si k\u00e9relmemig t\u00e1rolva maradhatnak.\"><input type=\"checkbox\" name=\"checkbox-1[]\" value=\"one\" id=\"forminator-field-checkbox-1-1-69e54e09b7869\" aria-labelledby=\"forminator-field-checkbox-1-1-69e54e09b7869-label\" data-calculation=\"0\"   data-hidden-behavior=\"zero\"\/><span class=\"forminator-checkbox-box\" aria-hidden=\"true\"><\/span><span class=\"forminator-checkbox-label\">Az \u0171rlap elk\u00fcld\u00e9s\u00e9vel elfogadom az \u00e1ltal\u00e1nos szerz\u0151d\u00e9si felt\u00e9teleket \u00e9s az adatv\u00e9delmi ir\u00e1nyelveket. Tudom\u00e1sul veszem, hogy adataim azoknak megfelel\u0151en t\u00e1rol\u00e1sra ker\u00fclhetnek \u00e9s t\u00f6rl\u00e9si k\u00e9relmemig t\u00e1rolva maradhatnak.<\/span><\/label><\/div><\/div><\/div><div class=\"forminator-row\"><div id=\"upload-1\" class=\"forminator-field-upload forminator-col forminator-col-12 \"><div class=\"forminator-field\"><label for=\"forminator-field-upload-1_69e54e09b7869\" id=\"forminator-field-upload-1_69e54e09b7869-label\" class=\"forminator-label\">Kozmetikus bizony\u00edtv\u00e1ny <span class=\"forminator-required\">*<\/span><\/label><div class=\"forminator-file-upload \" data-element=\"upload-1_69e54e09b7869\" aria-describedby=\"forminator-field-upload-1_69e54e09b7869-description\"><input type=\"file\" name=\"upload-1\" id=\"forminator-field-upload-1_69e54e09b7869\" class=\"forminator-input-file-required do-validate\" accept=\".webp,.jpg,.jpeg,.jpe,.png,.doc,.pdf\" tabindex=\"-1\"><button id=\"forminator-field-upload-1_69e54e09b7869_button\" class=\"forminator-button forminator-button-upload\" data-id=\"forminator-field-upload-1_69e54e09b7869\">Choose File<\/button><span data-empty-text=\"No file chosen\">No file chosen<\/span><button class=\"forminator-button-delete\" style=\"display: none;\"><i class=\"forminator-icon-close\" aria-hidden=\"true\"><\/i><span class=\"forminator-screen-reader-only\">Delete uploaded file<\/span><\/button><\/div><span id=\"forminator-field-upload-1_69e54e09b7869-description\" class=\"forminator-description\">Identification document for KOZMETIKUSOKNAK, VISZONTELAD\u00d3KNAK, TANUL\u00d3KNAK<br><br>Enged\u00e9lyezett f\u00e1jl form\u00e1tumok: jpg,jpeg,png,pdf,doc.<\/span><\/div><\/div><\/div><div class=\"forminator-row\"><div id=\"captcha-1\" class=\"forminator-field-captcha forminator-col forminator-col-12 \"><div class=\"forminator-captcha-left forminator-g-recaptcha\" data-theme=\"light\"  data-sitekey=\"6Lfq1JIqAAAAAAiC2YDl-iv4yMyedQPkoeQsPKHO\" data-size=\"normal\"><\/div> <\/div><\/div><div class=\"forminator-row\"><div id=\"html-1\" class=\"forminator-field-html forminator-col forminator-col-12 \"><div class=\"forminator-field forminator-merge-tags\" data-field=\"html-1\"><label class=\"forminator-label\">K\u00f6zlem\u00e9ny<\/label><p>A fi\u00f3kj\u00e1t a k\u00e9relem beny\u00fajt\u00e1sa ut\u00e1n f\u00fcgg\u0151ben tartjuk, am\u00edg csapatunk j\u00f3v\u00e1 nem hagyja. Am\u00edg nem kap visszaigazol\u00f3 e-mailt, nem tud bejelentkezni \u00e9s nem haszn\u00e1lhatja adatait. K\u00f6sz\u00f6nj\u00fck!<\/p><\/div><\/div><\/div><input type=\"hidden\" name=\"referer_url\" value=\"\" \/><div class=\"forminator-row forminator-row-last\"><div class=\"forminator-col\"><div class=\"forminator-field\"><button class=\"forminator-button forminator-button-submit\">Ment&eacute;s<\/button><\/div><\/div><\/div><input type=\"hidden\" id=\"forminator_nonce\" name=\"forminator_nonce\" value=\"7f7d5b24de\" \/><input type=\"hidden\" name=\"_wp_http_referer\" value=\"\/hu\/wp-json\/wp\/v2\/pages\/8897\" \/><input type=\"hidden\" name=\"form_id\" value=\"8896\"><input type=\"hidden\" name=\"page_id\" value=\"8897\"><input type=\"hidden\" name=\"form_type\" value=\"registration\"><input type=\"hidden\" name=\"current_url\" value=\"https:\/\/amicamiashop.com\/hu\/regisztracio-kozmetikusoknak\/\"><input type=\"hidden\" name=\"render_id\" value=\"0\"><input type=\"hidden\" name=\"action\" value=\"forminator_submit_form_custom-forms\"><\/form><\/div>\n\t\t\t\t\t\t<\/div>\n\t\t\t\t<\/div>\n\t\t\t\t\t<\/div>\r\n\t\t\t\t<\/div>\r\n\t\t\t\t<div class=\"elementor-column elementor-col-25 elementor-top-column elementor-element elementor-element-880dae1\" data-id=\"880dae1\" data-element_type=\"column\">\r\n\t\t\t\t\t<div class=\"elementor-widget-wrap\">\r\n\t\t\t\t\t\t\t\t\t<\/div>\r\n\t\t\t\t<\/div>\r\n\t\t\t\t\t<\/div>\r\n\t\t\t\t<\/section>\r\n\t\t\t\t<\/div>\n\t\t","protected":false},"excerpt":{"rendered":"<p>REGISZTR\u00c1CI\u00d3- KOZMETIKUSOKNAK, VISZONTELAD\u00d3KNAK, TANUL\u00d3KNAK<\/p>\n","protected":false},"author":1,"featured_media":0,"parent":0,"menu_order":0,"comment_status":"closed","ping_status":"closed","template":"","meta":{"footnotes":""},"class_list":["post-8897","page","type-page","status-publish","hentry"],"_links":{"self":[{"href":"https:\/\/amicamiashop.com\/hu\/wp-json\/wp\/v2\/pages\/8897","targetHints":{"allow":["GET"]}}],"collection":[{"href":"https:\/\/amicamiashop.com\/hu\/wp-json\/wp\/v2\/pages"}],"about":[{"href":"https:\/\/amicamiashop.com\/hu\/wp-json\/wp\/v2\/types\/page"}],"author":[{"embeddable":true,"href":"https:\/\/amicamiashop.com\/hu\/wp-json\/wp\/v2\/users\/1"}],"replies":[{"embeddable":true,"href":"https:\/\/amicamiashop.com\/hu\/wp-json\/wp\/v2\/comments?post=8897"}],"version-history":[{"count":0,"href":"https:\/\/amicamiashop.com\/hu\/wp-json\/wp\/v2\/pages\/8897\/revisions"}],"wp:attachment":[{"href":"https:\/\/amicamiashop.com\/hu\/wp-json\/wp\/v2\/media?parent=8897"}],"curies":[{"name":"wp","href":"https:\/\/api.w.org\/{rel}","templated":true}]}}