{"id":13726,"date":"2026-01-25T23:16:33","date_gmt":"2026-01-25T23:16:33","guid":{"rendered":"https:\/\/amicamiashop.com\/?post_type=product&#038;p=13726"},"modified":"2026-03-12T14:28:00","modified_gmt":"2026-03-12T14:28:00","slug":"gyantapatron-olivaolaj-100-ml","status":"publish","type":"product","link":"https:\/\/amicamiashop.com\/hu\/termek\/gyantapatron-olivaolaj-100-ml\/","title":{"rendered":"Gyantapatron ol\u00edvaolaj 100 ML"},"content":{"rendered":"<p><strong>Gyantapatron ol\u00edvaolaj 100 ml<\/strong><\/p>\n<p>Gyantapatron oliva olaj norm\u00e1l \u00e9s \u00e9rz\u00e9keny b\u0151rre. Kiss\u00e9 elasztikus \u00e1llag\u00fa gyanta t\u00edpus kim\u00e9letes a b\u0151rh\u00f6z \u00e9s m\u00e9g a leger\u0151sebb sz\u0151rsz\u00e1lakat is k\u00f6nnyed\u00e9n elt\u00e1vol\u00edtja.<\/p>\n<p>Alkalmaz\u00e1s: Elasztikus g\u00e9l gyanta,b\u0151rt\u00e1pl\u00e1l\u00f3 ol\u00edvaolaj \u00f6sszetev\u0151vel. Bio termeszt\u00e9sb\u0151l sz\u00e1rmaz\u00f3 ol\u00edvaolajat tartalmaz\u00f3 gyanta. Teljesen term\u00e9szetes, sz\u00ednez\u00e9k mentes, tart\u00f3s\u00edt\u00f3szer mentes \u00e9s antiallerg\u00e9n. Minden b\u0151rt\u00edpusra haszn\u00e1lhat\u00f3, a sz\u00e1raz \u00e9s irrit\u00e1lt b\u0151r\u00f6n is. Az ol\u00edvaolajnak k\u00f6sz\u00f6nhet\u0151en, a b\u0151r a gyant\u00e1z\u00e1s ut\u00e1n rugalmas, t\u00e1pl\u00e1lt \u00e9s v\u00e9dett marad.<\/p>\n<p>Hagyom\u00e1nyos patronos gyantameleg\u00edt\u0151ben felmeleg\u00edtve 15 perc alatt, gyantapap\u00edrral haszn\u00e1lhat\u00f3. T\u00f6k\u00e9letes \u00e9s k\u00edm\u00e9letes gyant\u00e1z\u00e1s selymes puha b\u0151r 3 h\u00e9tig.<\/p>\n<p>Ingredients: Glyceryl Rosinate,Paraffinum Liquidium \/ Mineral Oil, Cera Alba ( Bees Wax ), Hydrogenated Microcristalline Wax, Olea Europea ( Olive ) Fruit Oil , Parfum \/ Fragrance CI 61565 ( Green 3 )<\/p>\n<p>Kiv\u00e1l\u00f3 min\u0151s\u00e9g\u0171 olasz gyantapatronok rendelhet\u0151k, kedvez\u0151 \u00e1ron az\u00a0 Amica Mia web\u00e1ruh\u00e1zban minden b\u0151r \u00e9s sz\u0151r t\u00edpusnak megfelel\u0151 gyantapatront megtal\u00e1l.<\/p>\n","protected":false},"excerpt":{"rendered":"<p><em>Egys\u00e9g \u00c1r: 100 ml =\u00a0 650.-ft\u00a0<\/em><br \/>\n<em>Konfekci\u00f3: 24 db \/ doboz<\/em><\/p>\n","protected":false},"featured_media":13727,"comment_status":"closed","ping_status":"closed","template":"","meta":[],"product_brand":[],"product_cat":[326,334],"product_tag":[],"class_list":{"0":"post-13726","1":"product","2":"type-product","3":"status-publish","4":"has-post-thumbnail","6":"product_cat-gyanta","7":"product_cat-gyantapatron","9":"first","10":"instock","11":"purchasable","12":"product-type-simple"},"_links":{"self":[{"href":"https:\/\/amicamiashop.com\/hu\/wp-json\/wp\/v2\/product\/13726","targetHints":{"allow":["GET"]}}],"collection":[{"href":"https:\/\/amicamiashop.com\/hu\/wp-json\/wp\/v2\/product"}],"about":[{"href":"https:\/\/amicamiashop.com\/hu\/wp-json\/wp\/v2\/types\/product"}],"replies":[{"embeddable":true,"href":"https:\/\/amicamiashop.com\/hu\/wp-json\/wp\/v2\/comments?post=13726"}],"version-history":[{"count":0,"href":"https:\/\/amicamiashop.com\/hu\/wp-json\/wp\/v2\/product\/13726\/revisions"}],"wp:featuredmedia":[{"embeddable":true,"href":"https:\/\/amicamiashop.com\/hu\/wp-json\/wp\/v2\/media\/13727"}],"wp:attachment":[{"href":"https:\/\/amicamiashop.com\/hu\/wp-json\/wp\/v2\/media?parent=13726"}],"wp:term":[{"taxonomy":"product_brand","embeddable":true,"href":"https:\/\/amicamiashop.com\/hu\/wp-json\/wp\/v2\/product_brand?post=13726"},{"taxonomy":"product_cat","embeddable":true,"href":"https:\/\/amicamiashop.com\/hu\/wp-json\/wp\/v2\/product_cat?post=13726"},{"taxonomy":"product_tag","embeddable":true,"href":"https:\/\/amicamiashop.com\/hu\/wp-json\/wp\/v2\/product_tag?post=13726"}],"curies":[{"name":"wp","href":"https:\/\/api.w.org\/{rel}","templated":true}]}}