{"id":13736,"date":"2026-01-25T23:36:11","date_gmt":"2026-01-25T23:36:11","guid":{"rendered":"https:\/\/amicamiashop.com\/?post_type=product&#038;p=13736"},"modified":"2026-03-04T12:31:03","modified_gmt":"2026-03-04T12:31:03","slug":"sugar-wax-strong-1000-gr","status":"publish","type":"product","link":"https:\/\/amicamiashop.com\/hu\/termek\/sugar-wax-strong-1000-gr\/","title":{"rendered":"Sugar Wax Strong 1000 gr"},"content":{"rendered":"<p><strong>Sugar Wax Strong 1000 gr<\/strong><\/p>\n<p>Minden b\u0151rtipusra haszn\u00e1lhat\u00f3 kem\u00e9ny cukorpaszta ami klasszikus labda technik\u00e1val haszn\u00e1lhat\u00f3 term\u00e9k \u00e9s csakis term\u00e9szetes \u00f6sszetev\u0151ket tartalmaz. Bio sz\u0151rtelen\u00edt\u00e9s kedvel\u0151inek aj\u00e1nlott term\u00e9k.<\/p>\n<p>Szakmai haszn\u00e1latra aj\u00e1nlott kem\u00e9ny cukorpaszta, amely ide\u00e1lis h\u00f3nalj arc \u00e9s intim ter\u00fcletek sz\u0151rtelen\u00edt\u00e9s\u00e9re. Elasztikus \u00e9s 2 h\u00f3nalj sz\u0151rtelen\u00edt\u00e9se lehets\u00e9ges egy kis labd\u00e1nyi mennyis\u00e9ggel az izzad\u00f3s helyeken is nagyon hat\u00e9kony mert nem sz\u00edvja fel a vizet \u00e9s j\u00f3l tapad a b\u0151rre nem cs\u00faszik el azon.<\/p>\n<p>L\u00e1bra \u00e9s karra ahol kev\u00e9sb\u00e9 meleg a test \u00e9s t\u00f6bb a h\u00e1msejt nem ez a term\u00e9k nem kifejezetten aj\u00e1nlott ink\u00e1bb a Bio Nat\u00far cukor paszta a j\u00f3 v\u00e1laszt\u00e1s mert anyag\u00e1ban rugalmasabb els\u0151 felken\u00e9skor \u00e9s ugyanolyan hat\u00e9konys\u00e1ggal t\u00e1volitja el a borotv\u00e1lt er\u0151s sz\u0151rzetet is.<\/p>\n<p>https:\/\/xn--szrtelentgyanta-cpb70oia.hu\/termek\/sugar-wax-strong\/<\/p>\n<p>Kim\u00e9letes \u00e9s hat\u00e9kony cukorpaszta. Olasz cukorpaszta term\u00e9k konzerv kivitelben kem\u00e9ny tipus. Szakmai haszn\u00e1latra. Bio sz\u0151rtelen\u00edt\u00e9shez.<\/p>\n<p>Javasolt ter\u00fcletek: intim, bikini, h\u00f3nalj \u00e9s arc.<\/p>\n<p>Haszn\u00e1lat:<\/p>\n<p>Kis mennyis\u00e9g\u00fc cukrot vegy\u00fcnk ki a dobozb\u00f3l \u00e9s az ujjainkkal nyomjuk r\u00e1 a b\u0151rre \u00fagy hogy az h\u00fazzuk a sz\u0151rn\u00f6veked\u00e9s ir\u00e1ny\u00e1val megegyez\u0151en.<br \/>\nEzut\u00e1n szakaszosan r\u00e1ntsuk le a felkent cukrot r\u00e9szenk\u00e9nt ez\u00e1ltal sz\u0151rtelen\u00edtve a ter\u00fcletet<br \/>\nIsm\u00e9telj\u00fck meg addig amig sz\u0151rt tal\u00e1lunk az adott testr\u00e9szen<br \/>\nCukorgyant\u00e1z\u00e1s ut\u00e1n a b\u0151r mindig sima \u00e9s hidrat\u00e1lt marad nincs ragad\u00f3s b\u0151r \u00e9s nincsenek sz\u0151rben\u00f6v\u00e9sek vagy beszakad\u00e1sok sem. Kezel\u00e9s ut\u00e1n el\u00e9g egy nyugtat\u00f3 balzsam vagy lotion a sz\u00f6rtelen\u00edtett ter\u00fcletre.<br \/>\nIngredients: Sucrose, Aqua\/ Water, Miele \/ Honey, Citric Acid<\/p>\n<p>term\u00e9k : Made in Italy<\/p>\n","protected":false},"excerpt":{"rendered":"<p>Sugar Wax Strong 1000 gr Minden b\u0151rtipusra haszn\u00e1lhat\u00f3 kem\u00e9ny cukorpaszta ami klasszikus labda technik\u00e1val haszn\u00e1lhat\u00f3 term\u00e9k \u00e9s csakis term\u00e9szetes \u00f6sszetev\u0151ket tartalmaz. Bio sz\u0151rtelen\u00edt\u00e9s kedvel\u0151inek aj\u00e1nlott term\u00e9k. Szakmai haszn\u00e1latra aj\u00e1nlott kem\u00e9ny cukorpaszta, amely ide\u00e1lis h\u00f3nalj arc \u00e9s intim ter\u00fcletek sz\u0151rtelen\u00edt\u00e9s\u00e9re. Elasztikus \u00e9s 2 h\u00f3nalj sz\u0151rtelen\u00edt\u00e9se lehets\u00e9ges egy kis labd\u00e1nyi mennyis\u00e9ggel az izzad\u00f3s helyeken is nagyon hat\u00e9kony [&hellip;]<\/p>\n","protected":false},"featured_media":13737,"comment_status":"closed","ping_status":"closed","template":"","meta":[],"product_brand":[],"product_cat":[326,328],"product_tag":[],"class_list":{"0":"post-13736","1":"product","2":"type-product","3":"status-publish","4":"has-post-thumbnail","6":"product_cat-gyanta","7":"product_cat-cukorgyanta-organic-wax","9":"first","10":"instock","11":"purchasable","12":"product-type-simple"},"_links":{"self":[{"href":"https:\/\/amicamiashop.com\/hu\/wp-json\/wp\/v2\/product\/13736","targetHints":{"allow":["GET"]}}],"collection":[{"href":"https:\/\/amicamiashop.com\/hu\/wp-json\/wp\/v2\/product"}],"about":[{"href":"https:\/\/amicamiashop.com\/hu\/wp-json\/wp\/v2\/types\/product"}],"replies":[{"embeddable":true,"href":"https:\/\/amicamiashop.com\/hu\/wp-json\/wp\/v2\/comments?post=13736"}],"version-history":[{"count":0,"href":"https:\/\/amicamiashop.com\/hu\/wp-json\/wp\/v2\/product\/13736\/revisions"}],"wp:featuredmedia":[{"embeddable":true,"href":"https:\/\/amicamiashop.com\/hu\/wp-json\/wp\/v2\/media\/13737"}],"wp:attachment":[{"href":"https:\/\/amicamiashop.com\/hu\/wp-json\/wp\/v2\/media?parent=13736"}],"wp:term":[{"taxonomy":"product_brand","embeddable":true,"href":"https:\/\/amicamiashop.com\/hu\/wp-json\/wp\/v2\/product_brand?post=13736"},{"taxonomy":"product_cat","embeddable":true,"href":"https:\/\/amicamiashop.com\/hu\/wp-json\/wp\/v2\/product_cat?post=13736"},{"taxonomy":"product_tag","embeddable":true,"href":"https:\/\/amicamiashop.com\/hu\/wp-json\/wp\/v2\/product_tag?post=13736"}],"curies":[{"name":"wp","href":"https:\/\/api.w.org\/{rel}","templated":true}]}}