{"id":13753,"date":"2026-01-25T23:57:40","date_gmt":"2026-01-25T23:57:40","guid":{"rendered":"https:\/\/amicamiashop.com\/?post_type=product&#038;p=13753"},"modified":"2026-04-23T18:06:12","modified_gmt":"2026-04-23T18:06:12","slug":"gyantamelegito-gep-2-tegelyes","status":"publish","type":"product","link":"https:\/\/amicamiashop.com\/hu\/termek\/gyantamelegito-gep-2-tegelyes\/","title":{"rendered":"Gyantameleg\u00edt\u0151 g\u00e9p 2 t\u00e9gelyes"},"content":{"rendered":"<p><strong>Gyantameleg\u00edt\u0151 g\u00e9p 2 t\u00e9gelyes<\/strong><\/p>\n<p>K\u00fcl\u00f6n szab\u00e1lyozhat\u00f3 meleg\u00edt\u0151 r\u00e9szek, manu\u00e1lisan \u00e1ll\u00edthat\u00f3 be a k\u00edv\u00e1nt h\u0151fok mindke\u00e9t meleg\u00edt\u0151 r\u00e9szn\u00e9l max h\u0151fok: 100 C fok. Mindk\u00e9t meleg\u00edt\u0151 egys\u00e9ghez fed\u0151 r\u00e9sz tartozik elker\u00fclend\u0151 a gyanta kih\u00fcl\u00e9s\u00e9t \u00e9s piszkol\u00f3d\u00e1s\u00e1t. Be\u00e9p\u00edtett termoszt\u00e1ttal rendelkez\u0151 g\u00e9p igy a be\u00e1ll\u00edtott h\u0151fokon tartja a gyant\u00e1t.<\/p>\n<p>K\u00fcl\u00f6nb\u00f6z\u0151 t\u00edpus\u00fa gyant\u00e1k meleg\u00edthet\u0151k egyszerre \u00edgy mind intim gyant\u00e1t mint pedig hagyom\u00e1nyos gyant\u00e1t meleg\u00edthet egyszerre.<br \/>\nMegb\u00edzhat\u00f3 \u00e9s egyenletes meleg\u00edt\u00e9s alul \u00e9s oldalt<\/p>\n<p>Professzion\u00e1lis haszn\u00e1latra aj\u00e1nlott g\u00e9p.<br \/>\nm\u00fcszaki adatok:<\/p>\n<p>220-240 V \/ 100 Watt \/ 50Hz\/60 Hz<\/p>\n","protected":false},"excerpt":{"rendered":"<p><strong>Gyantameleg\u00edt\u0151 g\u00e9p Dupla<\/strong><\/p>\n","protected":false},"featured_media":13886,"comment_status":"closed","ping_status":"closed","template":"","meta":[],"product_brand":[],"product_cat":[347,353],"product_tag":[],"class_list":{"0":"post-13753","1":"product","2":"type-product","3":"status-publish","4":"has-post-thumbnail","6":"product_cat-gyantamelegito-gepek","7":"product_cat-gyantamelegitok","9":"first","10":"instock","11":"taxable","12":"shipping-taxable","13":"purchasable","14":"product-type-simple"},"_links":{"self":[{"href":"https:\/\/amicamiashop.com\/hu\/wp-json\/wp\/v2\/product\/13753","targetHints":{"allow":["GET"]}}],"collection":[{"href":"https:\/\/amicamiashop.com\/hu\/wp-json\/wp\/v2\/product"}],"about":[{"href":"https:\/\/amicamiashop.com\/hu\/wp-json\/wp\/v2\/types\/product"}],"replies":[{"embeddable":true,"href":"https:\/\/amicamiashop.com\/hu\/wp-json\/wp\/v2\/comments?post=13753"}],"version-history":[{"count":2,"href":"https:\/\/amicamiashop.com\/hu\/wp-json\/wp\/v2\/product\/13753\/revisions"}],"predecessor-version":[{"id":15599,"href":"https:\/\/amicamiashop.com\/hu\/wp-json\/wp\/v2\/product\/13753\/revisions\/15599"}],"wp:featuredmedia":[{"embeddable":true,"href":"https:\/\/amicamiashop.com\/hu\/wp-json\/wp\/v2\/media\/13886"}],"wp:attachment":[{"href":"https:\/\/amicamiashop.com\/hu\/wp-json\/wp\/v2\/media?parent=13753"}],"wp:term":[{"taxonomy":"product_brand","embeddable":true,"href":"https:\/\/amicamiashop.com\/hu\/wp-json\/wp\/v2\/product_brand?post=13753"},{"taxonomy":"product_cat","embeddable":true,"href":"https:\/\/amicamiashop.com\/hu\/wp-json\/wp\/v2\/product_cat?post=13753"},{"taxonomy":"product_tag","embeddable":true,"href":"https:\/\/amicamiashop.com\/hu\/wp-json\/wp\/v2\/product_tag?post=13753"}],"curies":[{"name":"wp","href":"https:\/\/api.w.org\/{rel}","templated":true}]}}