{"id":13756,"date":"2026-01-26T00:01:11","date_gmt":"2026-01-26T00:01:11","guid":{"rendered":"https:\/\/amicamiashop.com\/?post_type=product&#038;p=13756"},"modified":"2026-04-24T12:05:02","modified_gmt":"2026-04-24T12:05:02","slug":"professzionalis-intim-gyanta-szett-2","status":"publish","type":"product","link":"https:\/\/amicamiashop.com\/hu\/termek\/professzionalis-intim-gyanta-szett-2\/","title":{"rendered":"Professzion\u00e1lis intim gyanta szett Digit\u00e1lis"},"content":{"rendered":"<p><strong>Professzion\u00e1lis intim gyanta szett \/ California Summer Wax Rosa 1000 gr<\/strong><\/p>\n<p><em>Pro Wax Digit\u00e1lis gyantameleg\u00edt\u0151 g\u00e9p 500 ml + California Summer Wax Rosa 1000 gr+\u00a0 gyant\u00e1z\u00e1s ut\u00e1ni b\u0151r\u00e1pol\u00f3 olaj k\u00f6r\u00f6mvir\u00e1g kivonattal 500 ml<\/em><\/p>\n<p>Pro Wax Digit\u00e1lis kijelz\u0151s gyantameleg\u00edt\u0151 g\u00e9p 500 ml gyanta meleg\u00edt\u00e9s\u00e9re alkalmas g\u00e9p. Kivehet\u0151 tart\u00e1llyal, be\u00e9p\u00edtett termoszt\u00e1ttal, m\u0171anyag tet\u0151vel rendelkezik. Manu\u00e1lisan szab\u00e1lyozhat\u00f3 a h\u0151fokszab\u00e1lyz\u00f3 \u00e9s digit\u00e1lis kijelz\u0151. Megb\u00edzhat\u00f3 \u00e9s egyszer\u0171en kezelhet\u0151 gyantameleg\u00edt\u0151 g\u00e9p. California Summer Wax\u00a0 Rosa elasztikus intim gyanta gy\u00f6ngy r\u00f3zsa illattal,\u00a0 amely alacsony olvad\u00e1spont\u00fa hipoallerg\u00e9n gyanta egyben b\u0151r k\u00edm\u00e9l\u0151 \u00e9s vastag s\u00f6t\u00e9t sz\u0151r\u00f6k elt\u00e1vol\u00edt\u00e1s\u00e1ra alkalmas.<\/p>\n<p><strong>Szalonhaszn\u00e1latra aj\u00e1nlott term\u00e9k amely gyors \u00e9s k\u00edm\u00e9letes gyant\u00e1z\u00e1st tesz lehet\u0151v\u00e9 . Nem viseli meg a b\u0151rt \u00e9s gyors dermed\u00e9s\u00fc elasztikus szintetikus gyanta.\u00a0<\/strong><\/p>\n<p>Alkalmazhat\u00f3: arc, h\u00f3nalj h\u00e1t \u00e9s intim ter\u00fcletek kim\u00e9letes gyant\u00e1z\u00e1s\u00e1ra.<\/p>\n<p>Tegye a kivehet\u0151 tart\u00e1lyba a gyanta gy\u00f6ngy\u00f6t \u00e9s \u00e1ll\u00edtsa max C fok meleg\u00edt\u00e9si h\u0151m\u00e9rs\u00e9kletre a g\u00e9pet. Amikor a gyanta gy\u00f6ngy felolvadt \u00e1ll\u00edtsa a g\u00e9pet Med h\u0151okra \u00e9s amikor s\u0171r\u0171 kr\u00e9mes \u00e1llag\u00fa a gyanta, akkor kezdhet\u0151 a gyant\u00e1z\u00e1s.<\/p>\n<p><em>\u00a0<strong>Ingredients:<\/strong> Hidrogrenated Poly C 6-20 Olefin, Hidrogrenated, Microcrystalline Wax Ethylen \/ VA Colpolymer , Paraffin, Titanium Dioxid<\/em><\/p>\n","protected":false},"excerpt":{"rendered":"<p>Professzion\u00e1lis intim gyanta szett \/ California Summer Wax Rosa 1000 gr Pro Wax Digit\u00e1lis gyantameleg\u00edt\u0151 g\u00e9p 500 ml + California Summer Wax Rosa 1000 gr+\u00a0 gyant\u00e1z\u00e1s ut\u00e1ni b\u0151r\u00e1pol\u00f3 olaj k\u00f6r\u00f6mvir\u00e1g kivonattal 500 ml Pro Wax Digit\u00e1lis kijelz\u0151s gyantameleg\u00edt\u0151 g\u00e9p 500 ml gyanta meleg\u00edt\u00e9s\u00e9re alkalmas g\u00e9p. Kivehet\u0151 tart\u00e1llyal, be\u00e9p\u00edtett termoszt\u00e1ttal, m\u0171anyag tet\u0151vel rendelkezik. Manu\u00e1lisan szab\u00e1lyozhat\u00f3 a [&hellip;]<\/p>\n","protected":false},"featured_media":15792,"comment_status":"closed","ping_status":"closed","template":"","meta":[],"product_brand":[],"product_cat":[349,347],"product_tag":[],"class_list":{"0":"post-13756","1":"product","2":"type-product","3":"status-publish","4":"has-post-thumbnail","6":"product_cat-gyanta-szettek","7":"product_cat-gyantamelegito-gepek","9":"first","10":"instock","11":"purchasable","12":"product-type-simple"},"_links":{"self":[{"href":"https:\/\/amicamiashop.com\/hu\/wp-json\/wp\/v2\/product\/13756","targetHints":{"allow":["GET"]}}],"collection":[{"href":"https:\/\/amicamiashop.com\/hu\/wp-json\/wp\/v2\/product"}],"about":[{"href":"https:\/\/amicamiashop.com\/hu\/wp-json\/wp\/v2\/types\/product"}],"replies":[{"embeddable":true,"href":"https:\/\/amicamiashop.com\/hu\/wp-json\/wp\/v2\/comments?post=13756"}],"version-history":[{"count":4,"href":"https:\/\/amicamiashop.com\/hu\/wp-json\/wp\/v2\/product\/13756\/revisions"}],"predecessor-version":[{"id":15841,"href":"https:\/\/amicamiashop.com\/hu\/wp-json\/wp\/v2\/product\/13756\/revisions\/15841"}],"wp:featuredmedia":[{"embeddable":true,"href":"https:\/\/amicamiashop.com\/hu\/wp-json\/wp\/v2\/media\/15792"}],"wp:attachment":[{"href":"https:\/\/amicamiashop.com\/hu\/wp-json\/wp\/v2\/media?parent=13756"}],"wp:term":[{"taxonomy":"product_brand","embeddable":true,"href":"https:\/\/amicamiashop.com\/hu\/wp-json\/wp\/v2\/product_brand?post=13756"},{"taxonomy":"product_cat","embeddable":true,"href":"https:\/\/amicamiashop.com\/hu\/wp-json\/wp\/v2\/product_cat?post=13756"},{"taxonomy":"product_tag","embeddable":true,"href":"https:\/\/amicamiashop.com\/hu\/wp-json\/wp\/v2\/product_tag?post=13756"}],"curies":[{"name":"wp","href":"https:\/\/api.w.org\/{rel}","templated":true}]}}