{"id":13759,"date":"2026-01-26T00:05:17","date_gmt":"2026-01-26T00:05:17","guid":{"rendered":"https:\/\/amicamiashop.com\/?post_type=product&#038;p=13759"},"modified":"2026-04-25T17:06:27","modified_gmt":"2026-04-25T17:06:27","slug":"professzionalis-intim-gyanta-szett","status":"publish","type":"product","link":"https:\/\/amicamiashop.com\/hu\/termek\/professzionalis-intim-gyanta-szett\/","title":{"rendered":"Professzion\u00e1lis intim gyanta szett Digit\u00e1lis 2"},"content":{"rendered":"<h3><strong>Professzion\u00e1lis intim gyanta szett \/ Elit Wax Mango<\/strong><\/h3>\n<p><strong><em>Pro Wax Digit\u00e1lis gyantameleg\u00edt\u0151 g\u00e9p 500 ml + Elit Wax Mango 500 gr + Elit Wax\u00a0 White 500 gr szintetikus intim gyantagy\u00f6ngy\u00f6k +\u00a0 Gyant\u00e1z\u00e1s ut\u00e1ni Bio b\u0151r\u00e1pl\u00f3 k\u00f6r\u00f6mvir\u00e1g kivonattal 500 ml + Fa spatul\u00e1k.\u00a0<\/em><\/strong><\/p>\n<p>Pro Wax Digit\u00e1lis gyantameleg\u00edt\u0151 g\u00e9p 500 ml gyanta meleg\u00edt\u00e9s\u00e9re alkalmas g\u00e9p. Kivehet\u0151 tart\u00e1llyal, be\u00e9p\u00edtett termoszt\u00e1ttal \u00e9s digit\u00e1lis h\u0151fok kijelz\u0151vel. Megb\u00edzhat\u00f3 \u00e9s egyszer\u0171en kezelhet\u0151 kozmetikusoknak kiv\u00e1l\u00f3an haszn\u00e1lhat\u00f3 g\u00e9p.<\/p>\n<p>Az intim gyanta : Elit Wax Mango \u00e9s Eli Wax White modern alacsony olvad\u00e1spont\u00fa elasztikus b\u0151r k\u00edm\u00e9l\u0151 gyanta t\u00edpusok.<\/p>\n<p>Kimondottan \u00e9rz\u00e9keny ter\u00fcletek \u00e9s arc sz\u0151rtelen\u00edt\u00e9s\u00e9hez tervezt\u00e9k.<\/p>\n<p>Alkalmazhat\u00f3: arc, h\u00e1t, h\u00f3nalj \u00e9s intim ter\u00fcletek gyant\u00e1z\u00e1s\u00e1ra. Nem tartalmaz feny\u0151 gyant\u00e1t hipoallerg\u00e9n szintetikus gyanta t\u00edpus \u00edgy a gyant\u00e1z\u00e1sra \u00e9rz\u00e9kenyek is haszn\u00e1lhatj\u00e1k. Tov\u00e1bbi el\u0151nye, hogy b\u00e1rmilyen ir\u00e1nyban felkenhet\u0151 \u00e9s leh\u00fazhat\u00f3 nem kell betartani a gyant\u00e1z\u00e1si szab\u00e1lyokat \u00e9s ez nehezen hozz\u00e1f\u00e9rhet\u0151 ter\u00fcleteken el\u0151nyt jelent.<\/p>\n<p>Haszn\u00e1lat:<\/p>\n<p>Tegye a kivehet\u0151 tart\u00e1lyba a gyanta gy\u00f6ngy\u00f6t \u00e9s \u00e1ll\u00edtsa max C fok meleg\u00edt\u00e9si h\u0151m\u00e9rs\u00e9kletre a g\u00e9pet. Amikor a\u00a0<strong>gyanta gy\u00f6ngy<\/strong>\u00a0felolvadt\u00a0 \u00e1ll\u00edtsa a g\u00e9pet med C fokra \u00e9s amikor s\u0171r\u0171 kr\u00e9mes \u00e1llag\u00fa a gyanta, akkor kezdhet\u0151 a gyant\u00e1z\u00e1s.<\/p>\n<p><em>Ingredients: <\/em><\/p>\n<p><em>Mango: Hidrogenated Dyciklopentadienes\/ Methyl Styrene, Indene Copolimer, Microcristalline Wax, Paraffin, Ethylene, VA Copolimer, Paraffinum Liquium ( Mineral Oil ) Titanium Dioxide, Parfum CI 26100 Red 17\u00a0 ,CI 47000 Yellow 11<\/em><\/p>\n<p><em>White: Hidrogenated Styrene,\/ Methylstyrene\/ Indene Copolimer, Microcristalline Wax, Paraffin, Ethylene, \/VA Copolimer. Titanium Dioxide, Anise Alcohol , Parfum<\/em><\/p>\n<p>&nbsp;<\/p>\n","protected":false},"excerpt":{"rendered":"<p>Professzion\u00e1lis intim gyanta szett \/ Elit Wax Mango Pro Wax Digit\u00e1lis gyantameleg\u00edt\u0151 g\u00e9p 500 ml + Elit Wax Mango 500 gr + Elit Wax\u00a0 White 500 gr szintetikus intim gyantagy\u00f6ngy\u00f6k +\u00a0 Gyant\u00e1z\u00e1s ut\u00e1ni Bio b\u0151r\u00e1pl\u00f3 k\u00f6r\u00f6mvir\u00e1g kivonattal 500 ml + Fa spatul\u00e1k.\u00a0 Pro Wax Digit\u00e1lis gyantameleg\u00edt\u0151 g\u00e9p 500 ml gyanta meleg\u00edt\u00e9s\u00e9re alkalmas g\u00e9p. Kivehet\u0151 tart\u00e1llyal, [&hellip;]<\/p>\n","protected":false},"featured_media":15790,"comment_status":"closed","ping_status":"closed","template":"","meta":[],"product_brand":[],"product_cat":[349,347],"product_tag":[],"class_list":{"0":"post-13759","1":"product","2":"type-product","3":"status-publish","4":"has-post-thumbnail","6":"product_cat-gyanta-szettek","7":"product_cat-gyantamelegito-gepek","9":"first","10":"instock","11":"taxable","12":"shipping-taxable","13":"purchasable","14":"product-type-simple"},"_links":{"self":[{"href":"https:\/\/amicamiashop.com\/hu\/wp-json\/wp\/v2\/product\/13759","targetHints":{"allow":["GET"]}}],"collection":[{"href":"https:\/\/amicamiashop.com\/hu\/wp-json\/wp\/v2\/product"}],"about":[{"href":"https:\/\/amicamiashop.com\/hu\/wp-json\/wp\/v2\/types\/product"}],"replies":[{"embeddable":true,"href":"https:\/\/amicamiashop.com\/hu\/wp-json\/wp\/v2\/comments?post=13759"}],"version-history":[{"count":4,"href":"https:\/\/amicamiashop.com\/hu\/wp-json\/wp\/v2\/product\/13759\/revisions"}],"predecessor-version":[{"id":15840,"href":"https:\/\/amicamiashop.com\/hu\/wp-json\/wp\/v2\/product\/13759\/revisions\/15840"}],"wp:featuredmedia":[{"embeddable":true,"href":"https:\/\/amicamiashop.com\/hu\/wp-json\/wp\/v2\/media\/15790"}],"wp:attachment":[{"href":"https:\/\/amicamiashop.com\/hu\/wp-json\/wp\/v2\/media?parent=13759"}],"wp:term":[{"taxonomy":"product_brand","embeddable":true,"href":"https:\/\/amicamiashop.com\/hu\/wp-json\/wp\/v2\/product_brand?post=13759"},{"taxonomy":"product_cat","embeddable":true,"href":"https:\/\/amicamiashop.com\/hu\/wp-json\/wp\/v2\/product_cat?post=13759"},{"taxonomy":"product_tag","embeddable":true,"href":"https:\/\/amicamiashop.com\/hu\/wp-json\/wp\/v2\/product_tag?post=13759"}],"curies":[{"name":"wp","href":"https:\/\/api.w.org\/{rel}","templated":true}]}}