{"id":13764,"date":"2026-01-26T00:08:49","date_gmt":"2026-01-26T00:08:49","guid":{"rendered":"https:\/\/amicamiashop.com\/?post_type=product&#038;p=13764"},"modified":"2026-04-08T12:21:46","modified_gmt":"2026-04-08T12:21:46","slug":"ferfi-digitalis-gyantazo-szett","status":"publish","type":"product","link":"https:\/\/amicamiashop.com\/hu\/termek\/ferfi-digitalis-gyantazo-szett\/","title":{"rendered":"F\u00e9rfi digit\u00e1lis gyant\u00e1z\u00f3 szett"},"content":{"rendered":"<p><strong>F\u00e9rfi digit\u00e1lis gyant\u00e1z\u00f3 szett<\/strong><\/p>\n<p>1 db Digit\u00e1lis gyantameleg\u00edt\u0151 g\u00e9p 100 ml gyantapatronok meleg\u00edt\u00e9shez, 3 db gyantapatron 100 ml ( aloe vera, karit\u00e9 vaj, fekete orhidea ) 1 db 100 as gyanta leh\u00faz\u00f3 cs\u00edk csomag, 1 db gyant\u00e1z\u00e1s ut\u00e1ni test\u00e1pol\u00f3 lotion<\/p>\n<p>norm\u00e1l \u00e9s \u00e9rz\u00e9kenyebb b\u0151rre javasolt gyantapatronokkal.<\/p>\n<p>Gyantapatron meleg\u00edt\u0151 g\u00e9p: Manu\u00e1lisan \u00e1ll\u00edthat\u00f3 h\u0151m\u00e9rs\u00e9klet Digit\u00e1lis kijelz\u0151vel be\u00e9p\u00edtett termoszt\u00e1ttal 100 ml gyantapatronokhoz.<\/p>\n<p>Haszn\u00e1lat: Gyantapatron meleg\u00edt\u0151 g\u00e9pbe helyezz\u00fck be a gyantapatront, majd a h\u00e1l\u00f3zati k\u00e1bel egyik v\u00e9g\u00e9t csatlakoztassuk a gyantapatron meleg\u00edt\u0151 g\u00e9phez a m\u00e1sik v\u00e9g\u00e9t csatlakoztassuk a konnektorba.<\/p>\n<p>A gyantapatron meleg\u00edt\u00e9si ideje 10-15 perc ezut\u00e1n megkezdheti a gyant\u00e1z\u00e1st ezut\u00e1n kezd\u0151dhet a gyant\u00e1z\u00e1s, A gyantapatront hagyja a g\u00e9pbe \u00e9s igy vigye a gyant\u00e1t a b\u0151rfel\u00fcletere sz\u0151r n\u00f6v\u00e9si ir\u00e1ny\u00e1nak megfelel\u0151en.<\/p>\n<p>Majd helyezze r\u00e1 a leh\u00faz\u00f3 cs\u00edkot \u00e9s sim\u00edtsa \u00fagy, hogy beletapadjon a gyant\u00e1ba \u00e9s ezut\u00e1n hat\u00e1rozott mozdulattal t\u00e9pje le ellent\u00e9tes ir\u00e1nyba a pap\u00edrcs\u00edkot.<\/p>\n<p>Amikor v\u00e9gzett gyant\u00e1z\u00e1s ut\u00e1ni test\u00e1pol\u00f3 lotionnal hidrat\u00e1lja \u00e9s \u00e1polja b\u0151r\u00e9t.<\/p>\n","protected":false},"excerpt":{"rendered":"<p>F\u00e9rfi digit\u00e1lis gyant\u00e1z\u00f3 szett 1 db Digit\u00e1lis gyantameleg\u00edt\u0151 g\u00e9p 100 ml gyantapatronok meleg\u00edt\u00e9shez, 3 db gyantapatron 100 ml ( aloe vera, karit\u00e9 vaj, fekete orhidea ) 1 db 100 as gyanta leh\u00faz\u00f3 cs\u00edk csomag, 1 db gyant\u00e1z\u00e1s ut\u00e1ni test\u00e1pol\u00f3 lotion norm\u00e1l \u00e9s \u00e9rz\u00e9kenyebb b\u0151rre javasolt gyantapatronokkal. Gyantapatron meleg\u00edt\u0151 g\u00e9p: Manu\u00e1lisan \u00e1ll\u00edthat\u00f3 h\u0151m\u00e9rs\u00e9klet Digit\u00e1lis kijelz\u0151vel be\u00e9p\u00edtett [&hellip;]<\/p>\n","protected":false},"featured_media":13765,"comment_status":"closed","ping_status":"closed","template":"","meta":[],"product_brand":[],"product_cat":[359,357],"product_tag":[],"class_list":{"0":"post-13764","1":"product","2":"type-product","3":"status-publish","4":"has-post-thumbnail","6":"product_cat-otthoni-gyanta-szettek","7":"product_cat-szortelenites-otthon","9":"first","10":"outofstock","11":"purchasable","12":"product-type-simple"},"_links":{"self":[{"href":"https:\/\/amicamiashop.com\/hu\/wp-json\/wp\/v2\/product\/13764","targetHints":{"allow":["GET"]}}],"collection":[{"href":"https:\/\/amicamiashop.com\/hu\/wp-json\/wp\/v2\/product"}],"about":[{"href":"https:\/\/amicamiashop.com\/hu\/wp-json\/wp\/v2\/types\/product"}],"replies":[{"embeddable":true,"href":"https:\/\/amicamiashop.com\/hu\/wp-json\/wp\/v2\/comments?post=13764"}],"version-history":[{"count":0,"href":"https:\/\/amicamiashop.com\/hu\/wp-json\/wp\/v2\/product\/13764\/revisions"}],"wp:featuredmedia":[{"embeddable":true,"href":"https:\/\/amicamiashop.com\/hu\/wp-json\/wp\/v2\/media\/13765"}],"wp:attachment":[{"href":"https:\/\/amicamiashop.com\/hu\/wp-json\/wp\/v2\/media?parent=13764"}],"wp:term":[{"taxonomy":"product_brand","embeddable":true,"href":"https:\/\/amicamiashop.com\/hu\/wp-json\/wp\/v2\/product_brand?post=13764"},{"taxonomy":"product_cat","embeddable":true,"href":"https:\/\/amicamiashop.com\/hu\/wp-json\/wp\/v2\/product_cat?post=13764"},{"taxonomy":"product_tag","embeddable":true,"href":"https:\/\/amicamiashop.com\/hu\/wp-json\/wp\/v2\/product_tag?post=13764"}],"curies":[{"name":"wp","href":"https:\/\/api.w.org\/{rel}","templated":true}]}}