{"id":13767,"date":"2026-01-26T00:12:43","date_gmt":"2026-01-26T00:12:43","guid":{"rendered":"https:\/\/amicamiashop.com\/?post_type=product&#038;p=13767"},"modified":"2026-04-08T12:19:20","modified_gmt":"2026-04-08T12:19:20","slug":"ferfi-szortelenites-otthon","status":"publish","type":"product","link":"https:\/\/amicamiashop.com\/hu\/termek\/ferfi-szortelenites-otthon\/","title":{"rendered":"F\u00e9rfi sz\u0151rtelen\u00edt\u00e9s otthon"},"content":{"rendered":"<p><strong>F\u00e9rfi komplett gyant\u00e1z\u00f3 szett\u00a0<\/strong><\/p>\n<p>A szett tartalmaz k\u00e9z l\u00e1b \u00e9s h\u00f3nalj ,mellkas , h\u00e1t , intim \u00e9s \u00e9rz\u00e9keny ter\u00fcletek gyant\u00e1z\u00e1s\u00e1hoz alkalmas g\u00e9peket \u00e9s gyant\u00e1kat.<\/p>\n<p>Tartalma: 1 db Pro Wax t\u00e9gelyes gyantameleg\u00edt\u0151 g\u00e9p, Brazil Canapa gyantagy\u00f6ngy 400 gramm, fa spatula , Gyant\u00e1z\u00e1s ut\u00e1ni lotion aloe ver\u00e1val , K\u00e9zi gyantapatron meleg\u00edt\u0151 g\u00e9p, 2 db gyantapatron 100 ml fekete orhidea \u00e9s karit\u00e9 vaj ) 1 csomag 100 as pap\u00edr leh\u00faz\u00f3 cs\u00edk.<\/p>\n<p><strong><em>l\u00e1b , kar gyant\u00e1z\u00e1sa: a gyantapatron meleg\u00edt\u0151 g\u00e9ppel gyantapatronok haszn\u00e1lat\u00e1val \u00e9s pap\u00edrral.<\/em><\/strong><\/p>\n<p>Gyantapatron meleg\u00edt\u0151 g\u00e9pbe helyezz\u00fck be a gyantapatront, majd a h\u00e1l\u00f3zati k\u00e1bel egyik v\u00e9g\u00e9t csatlakoztassuk a gyantapatron meleg\u00edt\u0151 g\u00e9phez a m\u00e1sik v\u00e9g\u00e9t csatlakoztassuk a konnektorba.<br \/>\nA gyantapatron meleg\u00edt\u00e9si ideje 10-15 perc ezut\u00e1n megkezdheti a gyant\u00e1z\u00e1st.<br \/>\nH\u00fazza ki a t\u00e1pk\u00e1belt a g\u00e9pb\u0151l \u00e9s kezd\u0151dhet a gyant\u00e1z\u00e1s, mindig a g\u00e9ppel vigye fel b\u0151r\u00e9re a gyant\u00e1t. Ha \u00fagy \u00e9rzi, h\u0171l a gyantapatron, csatlakoztassa a t\u00e1pk\u00e1belt a g\u00e9phez \u00e9s meleg\u00edtse.<br \/>\nVigye fel a gyant\u00e1zand\u00f3 ter\u00fcletre a gyant\u00e1t el\u00e9g csak egyszer \u00e9s sz\u0151rn\u00f6veked\u00e9s ir\u00e1ny\u00e1val megegyez\u0151en, majd helyezze r\u00e1 a leh\u00faz\u00f3 cs\u00edkot \u00e9s sim\u00edtsa \u00fagy, hogy beletapadjon a gyant\u00e1ba majd hat\u00e1rozott mozdulattal t\u00e9pje le ellent\u00e9tes ir\u00e1nyba a pap\u00edrcs\u00edkot.<br \/>\nAmikor v\u00e9gzett gyant\u00e1z\u00e1s ut\u00e1ni olajjal tiszt\u00edtsa meg b\u0151r\u00e9t, \u00edgy elt\u00e1vol\u00edthat\u00f3 a gyantamaradv\u00e1ny \u00e9s nincs ragad\u00f3s b\u0151r\u00e9rzet sem.<\/p>\n<p><em><strong>H\u00f3nalj, has, intim r\u00e9szek gyant\u00e1z\u00e1sa: a t\u00e9gelyes gyantameleg\u00edt\u0151vel gyantagy\u00f6ngy\u00f6kkel.<\/strong><\/em><\/p>\n<p>Pro-Wax-fekete-gyantaszett-Brazil-elasztikus-gyantaval<\/p>\n<p>\u00d6ntse a gy\u00f6ngy\u00f6ket a gyantameleg\u00edt\u0151 ed\u00e9nybe \u00e9s max h\u0151fokon meleg\u00edtse a gy\u00f6ngy\u00f6k felolvad\u00e1s\u00e1ig.<br \/>\nEzut\u00e1n tegye med vagyis k\u00f6zepes h\u0151fokra \u00e9s v\u00e1rja meg am\u00edg s\u0171r\u0171 kr\u00e9mes \u00e1llag\u00fav\u00e1 v\u00e1lik a gyanta<br \/>\nSpatula seg\u00edts\u00e9g\u00e9vel kenje a gyant\u00e1zand\u00f3 ter\u00fcletre kicsit vastagabb r\u00e9tegben sz\u0151rn\u00f6veked\u00e9snek megfelel\u0151 ir\u00e1nyba<br \/>\nV\u00e1rjon am\u00edg megszil\u00e1rdul \u00e9s ezut\u00e1n sz\u0151rn\u00f6veked\u00e9ssel ellent\u00e9tes ir\u00e1nyba gyors mozdulattal t\u00e9pje le. A filmgyanta eg\u00e9szben t\u00e1vol\u00edthat\u00f3 el nem szakad \u00e9s t\u00f6rik \u00e9s nincs gyantamaradv\u00e1ny sem ragad\u00f3s r\u00e9teg a b\u0151r\u00f6n.<br \/>\nGyant\u00e1z\u00e1s ut\u00e1n haszn\u00e1ljon b\u0151rnyugtat\u00f3 olajat vagy test\u00e1pol\u00f3t<\/p>\n","protected":false},"excerpt":{"rendered":"<p>F\u00e9rfi komplett gyant\u00e1z\u00f3 szett\u00a0 A szett tartalmaz k\u00e9z l\u00e1b \u00e9s h\u00f3nalj ,mellkas , h\u00e1t , intim \u00e9s \u00e9rz\u00e9keny ter\u00fcletek gyant\u00e1z\u00e1s\u00e1hoz alkalmas g\u00e9peket \u00e9s gyant\u00e1kat. Tartalma: 1 db Pro Wax t\u00e9gelyes gyantameleg\u00edt\u0151 g\u00e9p, Brazil Canapa gyantagy\u00f6ngy 400 gramm, fa spatula , Gyant\u00e1z\u00e1s ut\u00e1ni lotion aloe ver\u00e1val , K\u00e9zi gyantapatron meleg\u00edt\u0151 g\u00e9p, 2 db gyantapatron 100 ml [&hellip;]<\/p>\n","protected":false},"featured_media":13892,"comment_status":"closed","ping_status":"closed","template":"","meta":[],"product_brand":[],"product_cat":[359,357],"product_tag":[],"class_list":{"0":"post-13767","1":"product","2":"type-product","3":"status-publish","4":"has-post-thumbnail","6":"product_cat-otthoni-gyanta-szettek","7":"product_cat-szortelenites-otthon","9":"first","10":"instock","11":"purchasable","12":"product-type-simple"},"_links":{"self":[{"href":"https:\/\/amicamiashop.com\/hu\/wp-json\/wp\/v2\/product\/13767","targetHints":{"allow":["GET"]}}],"collection":[{"href":"https:\/\/amicamiashop.com\/hu\/wp-json\/wp\/v2\/product"}],"about":[{"href":"https:\/\/amicamiashop.com\/hu\/wp-json\/wp\/v2\/types\/product"}],"replies":[{"embeddable":true,"href":"https:\/\/amicamiashop.com\/hu\/wp-json\/wp\/v2\/comments?post=13767"}],"version-history":[{"count":0,"href":"https:\/\/amicamiashop.com\/hu\/wp-json\/wp\/v2\/product\/13767\/revisions"}],"wp:featuredmedia":[{"embeddable":true,"href":"https:\/\/amicamiashop.com\/hu\/wp-json\/wp\/v2\/media\/13892"}],"wp:attachment":[{"href":"https:\/\/amicamiashop.com\/hu\/wp-json\/wp\/v2\/media?parent=13767"}],"wp:term":[{"taxonomy":"product_brand","embeddable":true,"href":"https:\/\/amicamiashop.com\/hu\/wp-json\/wp\/v2\/product_brand?post=13767"},{"taxonomy":"product_cat","embeddable":true,"href":"https:\/\/amicamiashop.com\/hu\/wp-json\/wp\/v2\/product_cat?post=13767"},{"taxonomy":"product_tag","embeddable":true,"href":"https:\/\/amicamiashop.com\/hu\/wp-json\/wp\/v2\/product_tag?post=13767"}],"curies":[{"name":"wp","href":"https:\/\/api.w.org\/{rel}","templated":true}]}}