{"id":13771,"date":"2026-01-26T00:16:03","date_gmt":"2026-01-26T00:16:03","guid":{"rendered":"https:\/\/amicamiashop.com\/?post_type=product&#038;p=13771"},"modified":"2026-03-04T12:09:48","modified_gmt":"2026-03-04T12:09:48","slug":"ferfi-gyantazo-szett","status":"publish","type":"product","link":"https:\/\/amicamiashop.com\/hu\/termek\/ferfi-gyantazo-szett\/","title":{"rendered":"F\u00e9rfi gyant\u00e1z\u00f3 szett"},"content":{"rendered":"<p><strong>F\u00e9rfi gyant\u00e1z\u00f3 szett<\/strong><\/p>\n<p>1 db Prince Gyantapatron meleg\u00edt\u0151 g\u00e9p h\u00e1l\u00f3zati k\u00e1bellel, 2 db 100 ml gyantapatron ( fekete orhidea \u2013 karit\u00e9 vaj) , 1 db 100- as pap\u00edr leh\u00faz\u00f3cs\u00edk csomag + 1 db gyant\u00e1z\u00e1s ut\u00e1ni aloe vera \u00e1pol\u00f3 lotion 150 ml<\/p>\n<p>Gyantapatron meleg\u00edt\u0151 g\u00e9pbe helyezz\u00fck be a gyantapatront, majd a h\u00e1l\u00f3zati k\u00e1bel egyik v\u00e9g\u00e9t csatlakoztassuk a gyantapatron meleg\u00edt\u0151 g\u00e9phez a m\u00e1sik v\u00e9g\u00e9t csatlakoztassuk a konnektorba.<\/p>\n<p>A gyantapatron meleg\u00edt\u00e9si ideje 10-15 perc ezut\u00e1n megkezdheti a gyant\u00e1z\u00e1st. H\u00fazza ki a t\u00e1pk\u00e1belt a g\u00e9pb\u0151l \u00e9s kezd\u0151dhet a gyant\u00e1z\u00e1s, mindig a g\u00e9ppel vigye fel b\u0151r\u00e9re a gyant\u00e1t. Ha \u00fagy \u00e9rzi, h\u0171l a gyantapatron, csatlakoztassa a t\u00e1pk\u00e1belt a g\u00e9phez \u00e9s meleg\u00edtse.<\/p>\n<p>Vigye fel a gyant\u00e1zand\u00f3 ter\u00fcletre a gyant\u00e1t el\u00e9g csak egyszer \u00e9s sz\u0151rn\u00f6veked\u00e9s ir\u00e1ny\u00e1val megegyez\u0151en, majd helyezze r\u00e1 a leh\u00faz\u00f3 cs\u00edkot \u00e9s sim\u00edtsa \u00fagy, hogy beletapadjon a gyant\u00e1ba majd hat\u00e1rozott mozdulattal t\u00e9pje le ellent\u00e9tes ir\u00e1nyba a pap\u00edrcs\u00edkot.<\/p>\n<p>Amikor v\u00e9gzett gyant\u00e1z\u00e1s ut\u00e1ni \u00e1pol\u00f3 lotionnal hidrat\u00e1lja \u00e9s \u00e1polja b\u0151r\u00e9t.<\/p>\n<p>M\u0171szaki adatok: Prince gyantapatron meleg\u00edt\u0151 g\u00e9p 30 Watt 50-60 Herz 115-230 V<\/p>\n","protected":false},"excerpt":{"rendered":"<p>F\u00e9rfi gyant\u00e1z\u00f3 szett 1 db Prince Gyantapatron meleg\u00edt\u0151 g\u00e9p h\u00e1l\u00f3zati k\u00e1bellel, 2 db 100 ml gyantapatron ( fekete orhidea \u2013 karit\u00e9 vaj) , 1 db 100- as pap\u00edr leh\u00faz\u00f3cs\u00edk csomag + 1 db gyant\u00e1z\u00e1s ut\u00e1ni aloe vera \u00e1pol\u00f3 lotion 150 ml Gyantapatron meleg\u00edt\u0151 g\u00e9pbe helyezz\u00fck be a gyantapatront, majd a h\u00e1l\u00f3zati k\u00e1bel egyik v\u00e9g\u00e9t csatlakoztassuk [&hellip;]<\/p>\n","protected":false},"featured_media":13890,"comment_status":"closed","ping_status":"closed","template":"","meta":[],"product_brand":[],"product_cat":[359,357],"product_tag":[],"class_list":{"0":"post-13771","1":"product","2":"type-product","3":"status-publish","4":"has-post-thumbnail","6":"product_cat-otthoni-gyanta-szettek","7":"product_cat-szortelenites-otthon","9":"first","10":"instock","11":"purchasable","12":"product-type-simple"},"_links":{"self":[{"href":"https:\/\/amicamiashop.com\/hu\/wp-json\/wp\/v2\/product\/13771","targetHints":{"allow":["GET"]}}],"collection":[{"href":"https:\/\/amicamiashop.com\/hu\/wp-json\/wp\/v2\/product"}],"about":[{"href":"https:\/\/amicamiashop.com\/hu\/wp-json\/wp\/v2\/types\/product"}],"replies":[{"embeddable":true,"href":"https:\/\/amicamiashop.com\/hu\/wp-json\/wp\/v2\/comments?post=13771"}],"version-history":[{"count":0,"href":"https:\/\/amicamiashop.com\/hu\/wp-json\/wp\/v2\/product\/13771\/revisions"}],"wp:featuredmedia":[{"embeddable":true,"href":"https:\/\/amicamiashop.com\/hu\/wp-json\/wp\/v2\/media\/13890"}],"wp:attachment":[{"href":"https:\/\/amicamiashop.com\/hu\/wp-json\/wp\/v2\/media?parent=13771"}],"wp:term":[{"taxonomy":"product_brand","embeddable":true,"href":"https:\/\/amicamiashop.com\/hu\/wp-json\/wp\/v2\/product_brand?post=13771"},{"taxonomy":"product_cat","embeddable":true,"href":"https:\/\/amicamiashop.com\/hu\/wp-json\/wp\/v2\/product_cat?post=13771"},{"taxonomy":"product_tag","embeddable":true,"href":"https:\/\/amicamiashop.com\/hu\/wp-json\/wp\/v2\/product_tag?post=13771"}],"curies":[{"name":"wp","href":"https:\/\/api.w.org\/{rel}","templated":true}]}}