{"id":13775,"date":"2026-01-26T00:18:59","date_gmt":"2026-01-26T00:18:59","guid":{"rendered":"https:\/\/amicamiashop.com\/?post_type=product&#038;p=13775"},"modified":"2026-04-03T10:53:28","modified_gmt":"2026-04-03T10:53:28","slug":"szilikon-tal-500-ml","status":"publish","type":"product","link":"https:\/\/amicamiashop.com\/hu\/termek\/szilikon-tal-500-ml\/","title":{"rendered":"Szilikon t\u00e1l gyantameleg\u00edt\u0151 g\u00e9pbe 500 ml"},"content":{"rendered":"<p>Szilikon t\u00e1l gyantameleg\u00edt\u0151 g\u00e9pbe 500 ml<br \/>\nMinden Pro Wax t\u00edpus\u00fa gyantameleg\u00edt\u0151 g\u00e9phez megfelel a szilikon t\u00e1l m\u00e9rete: 10 cm \u00e1tm\u00e9r\u0151 x 6,5 cm magas<\/p>\n<p>Pro Wax 100, Pro Wax 200, Pro Wax digit\u00e1lis , Smart gyantameleg\u00edt\u0151 g\u00e9p.<\/p>\n<p>Ide\u00e1lisan cser\u00e9lhet\u0151 szilikon t\u00e1l k\u00fcl\u00f6nb\u00f6z\u0151 gyant\u00e1k haszn\u00e1lata eset\u00e9n csak v\u00e1rja meg amig kih\u0171l \u00e9s megszil\u00e1rdul a gyanta, ezut\u00e1n nyomja ki a t\u00e1lb\u00f3l a megszil\u00e1rdult gyant\u00e1t egyben \u00e9s tegye bele az \u00fajat.<\/p>\n<p>Nincs tiszt\u00edt\u00e1s, sem elveszett gyanta, hiszen a r\u00e9gi gyant\u00e1t k\u00e9s\u0151bb felhaszn\u00e1lhatja \u00fajra.<\/p>\n<p><iframe title=\"Szilikon t\u00e1l \u00e9s spatula: a gyant\u00e1z\u00e1s j\u00f6v\u0151je\" width=\"563\" height=\"1000\" src=\"https:\/\/www.youtube.com\/embed\/ZBGpupl1nCY?feature=oembed&#038;enablejsapi=1&#038;origin=https:\/\/amicamiashop.com\" frameborder=\"0\" allow=\"accelerometer; autoplay; clipboard-write; encrypted-media; gyroscope; picture-in-picture; web-share\" referrerpolicy=\"strict-origin-when-cross-origin\" allowfullscreen><\/iframe><\/p>\n","protected":false},"excerpt":{"rendered":"<p>Szilikon t\u00e1l gyantameleg\u00edt\u0151 g\u00e9pbe 500 ml Minden Pro Wax t\u00edpus\u00fa gyantameleg\u00edt\u0151 g\u00e9phez megfelel a szilikon t\u00e1l m\u00e9rete: 10 cm \u00e1tm\u00e9r\u0151 x 6,5 cm magas Pro Wax 100, Pro Wax 200, Pro Wax digit\u00e1lis , Smart gyantameleg\u00edt\u0151 g\u00e9p. Ide\u00e1lisan cser\u00e9lhet\u0151 szilikon t\u00e1l k\u00fcl\u00f6nb\u00f6z\u0151 gyant\u00e1k haszn\u00e1lata eset\u00e9n csak v\u00e1rja meg amig kih\u0171l \u00e9s megszil\u00e1rdul a gyanta, ezut\u00e1n [&hellip;]<\/p>\n","protected":false},"featured_media":13776,"comment_status":"closed","ping_status":"closed","template":"","meta":[],"product_brand":[],"product_cat":[355],"product_tag":[],"class_list":{"0":"post-13775","1":"product","2":"type-product","3":"status-publish","4":"has-post-thumbnail","6":"product_cat-kiegeszitok-gyantazashoz","8":"first","9":"instock","10":"taxable","11":"shipping-taxable","12":"purchasable","13":"product-type-simple"},"_links":{"self":[{"href":"https:\/\/amicamiashop.com\/hu\/wp-json\/wp\/v2\/product\/13775","targetHints":{"allow":["GET"]}}],"collection":[{"href":"https:\/\/amicamiashop.com\/hu\/wp-json\/wp\/v2\/product"}],"about":[{"href":"https:\/\/amicamiashop.com\/hu\/wp-json\/wp\/v2\/types\/product"}],"replies":[{"embeddable":true,"href":"https:\/\/amicamiashop.com\/hu\/wp-json\/wp\/v2\/comments?post=13775"}],"version-history":[{"count":0,"href":"https:\/\/amicamiashop.com\/hu\/wp-json\/wp\/v2\/product\/13775\/revisions"}],"wp:featuredmedia":[{"embeddable":true,"href":"https:\/\/amicamiashop.com\/hu\/wp-json\/wp\/v2\/media\/13776"}],"wp:attachment":[{"href":"https:\/\/amicamiashop.com\/hu\/wp-json\/wp\/v2\/media?parent=13775"}],"wp:term":[{"taxonomy":"product_brand","embeddable":true,"href":"https:\/\/amicamiashop.com\/hu\/wp-json\/wp\/v2\/product_brand?post=13775"},{"taxonomy":"product_cat","embeddable":true,"href":"https:\/\/amicamiashop.com\/hu\/wp-json\/wp\/v2\/product_cat?post=13775"},{"taxonomy":"product_tag","embeddable":true,"href":"https:\/\/amicamiashop.com\/hu\/wp-json\/wp\/v2\/product_tag?post=13775"}],"curies":[{"name":"wp","href":"https:\/\/api.w.org\/{rel}","templated":true}]}}