{"id":13779,"date":"2026-01-26T00:22:12","date_gmt":"2026-01-26T00:22:12","guid":{"rendered":"https:\/\/amicamiashop.com\/?post_type=product&#038;p=13779"},"modified":"2026-01-26T00:22:13","modified_gmt":"2026-01-26T00:22:13","slug":"szilikon-spatula","status":"publish","type":"product","link":"https:\/\/amicamiashop.com\/hu\/termek\/szilikon-spatula\/","title":{"rendered":"Szilikon spatula"},"content":{"rendered":"<p>Szilikon spatula<br \/>\nGyant\u00e1z\u00e1shoz<\/p>\n<p>Egyszer\u0171en tiszt\u00edthat\u00f3 \u00e9s higi\u00e9nikus szilikon spatul\u00e1k 15 cm hossz\u00fa x 1,9 cm sz\u00e9les k\u00fcl\u00f6nb\u00f6z\u0151 sz\u00ednekben.<\/p>\n<p><iframe title=\"Szilikon t\u00e1l \u00e9s spatula: a gyant\u00e1z\u00e1s j\u00f6v\u0151je\" width=\"563\" height=\"1000\" src=\"https:\/\/www.youtube.com\/embed\/ZBGpupl1nCY?feature=oembed\" frameborder=\"0\" allow=\"accelerometer; autoplay; clipboard-write; encrypted-media; gyroscope; picture-in-picture; web-share\" referrerpolicy=\"strict-origin-when-cross-origin\" allowfullscreen><\/iframe><\/p>\n","protected":false},"excerpt":{"rendered":"<p>Szilikon spatula Gyant\u00e1z\u00e1shoz Egyszer\u0171en tiszt\u00edthat\u00f3 \u00e9s higi\u00e9nikus szilikon spatul\u00e1k 15 cm hossz\u00fa x 1,9 cm sz\u00e9les k\u00fcl\u00f6nb\u00f6z\u0151 sz\u00ednekben.<\/p>\n","protected":false},"featured_media":13780,"comment_status":"closed","ping_status":"closed","template":"","meta":[],"product_brand":[],"product_cat":[355],"product_tag":[],"class_list":{"0":"post-13779","1":"product","2":"type-product","3":"status-publish","4":"has-post-thumbnail","6":"product_cat-kiegeszitok-gyantazashoz","8":"first","9":"instock","10":"taxable","11":"shipping-taxable","12":"purchasable","13":"product-type-simple"},"_links":{"self":[{"href":"https:\/\/amicamiashop.com\/hu\/wp-json\/wp\/v2\/product\/13779","targetHints":{"allow":["GET"]}}],"collection":[{"href":"https:\/\/amicamiashop.com\/hu\/wp-json\/wp\/v2\/product"}],"about":[{"href":"https:\/\/amicamiashop.com\/hu\/wp-json\/wp\/v2\/types\/product"}],"replies":[{"embeddable":true,"href":"https:\/\/amicamiashop.com\/hu\/wp-json\/wp\/v2\/comments?post=13779"}],"version-history":[{"count":0,"href":"https:\/\/amicamiashop.com\/hu\/wp-json\/wp\/v2\/product\/13779\/revisions"}],"wp:featuredmedia":[{"embeddable":true,"href":"https:\/\/amicamiashop.com\/hu\/wp-json\/wp\/v2\/media\/13780"}],"wp:attachment":[{"href":"https:\/\/amicamiashop.com\/hu\/wp-json\/wp\/v2\/media?parent=13779"}],"wp:term":[{"taxonomy":"product_brand","embeddable":true,"href":"https:\/\/amicamiashop.com\/hu\/wp-json\/wp\/v2\/product_brand?post=13779"},{"taxonomy":"product_cat","embeddable":true,"href":"https:\/\/amicamiashop.com\/hu\/wp-json\/wp\/v2\/product_cat?post=13779"},{"taxonomy":"product_tag","embeddable":true,"href":"https:\/\/amicamiashop.com\/hu\/wp-json\/wp\/v2\/product_tag?post=13779"}],"curies":[{"name":"wp","href":"https:\/\/api.w.org\/{rel}","templated":true}]}}