{"id":13785,"date":"2026-01-26T00:25:57","date_gmt":"2026-01-26T00:25:57","guid":{"rendered":"https:\/\/amicamiashop.com\/?post_type=product&#038;p=13785"},"modified":"2026-03-04T11:56:17","modified_gmt":"2026-03-04T11:56:17","slug":"egyszerhasznalatos-kozmetikai-bugyi","status":"publish","type":"product","link":"https:\/\/amicamiashop.com\/hu\/termek\/egyszerhasznalatos-kozmetikai-bugyi\/","title":{"rendered":"Egyszerhaszn\u00e1latos kozmetikai bugyi"},"content":{"rendered":"<p><strong>Egyszerhaszn\u00e1latos kozmetikai n\u0151i bugyi<\/strong><\/p>\n<p>kiszerel\u00e9s: 100 db os csomag<\/p>\n<p>Higi\u00e9nikus minden term\u00e9k egyed\u00fcli csomagol\u00e1sban kozmetikai testkezel\u00e9shez, massz\u00e1zshoz, gyant\u00e1z\u00e1shoz aj\u00e1nlott.<\/p>\n","protected":false},"excerpt":{"rendered":"<p>Egyszerhaszn\u00e1latos kozmetikai n\u0151i bugyi kiszerel\u00e9s: 100 db os csomag Higi\u00e9nikus minden term\u00e9k egyed\u00fcli csomagol\u00e1sban kozmetikai testkezel\u00e9shez, massz\u00e1zshoz, gyant\u00e1z\u00e1shoz aj\u00e1nlott.<\/p>\n","protected":false},"featured_media":13786,"comment_status":"closed","ping_status":"closed","template":"","meta":[],"product_brand":[],"product_cat":[355],"product_tag":[],"class_list":{"0":"post-13785","1":"product","2":"type-product","3":"status-publish","4":"has-post-thumbnail","6":"product_cat-kiegeszitok-gyantazashoz","8":"first","9":"instock","10":"purchasable","11":"product-type-simple"},"_links":{"self":[{"href":"https:\/\/amicamiashop.com\/hu\/wp-json\/wp\/v2\/product\/13785","targetHints":{"allow":["GET"]}}],"collection":[{"href":"https:\/\/amicamiashop.com\/hu\/wp-json\/wp\/v2\/product"}],"about":[{"href":"https:\/\/amicamiashop.com\/hu\/wp-json\/wp\/v2\/types\/product"}],"replies":[{"embeddable":true,"href":"https:\/\/amicamiashop.com\/hu\/wp-json\/wp\/v2\/comments?post=13785"}],"version-history":[{"count":0,"href":"https:\/\/amicamiashop.com\/hu\/wp-json\/wp\/v2\/product\/13785\/revisions"}],"wp:featuredmedia":[{"embeddable":true,"href":"https:\/\/amicamiashop.com\/hu\/wp-json\/wp\/v2\/media\/13786"}],"wp:attachment":[{"href":"https:\/\/amicamiashop.com\/hu\/wp-json\/wp\/v2\/media?parent=13785"}],"wp:term":[{"taxonomy":"product_brand","embeddable":true,"href":"https:\/\/amicamiashop.com\/hu\/wp-json\/wp\/v2\/product_brand?post=13785"},{"taxonomy":"product_cat","embeddable":true,"href":"https:\/\/amicamiashop.com\/hu\/wp-json\/wp\/v2\/product_cat?post=13785"},{"taxonomy":"product_tag","embeddable":true,"href":"https:\/\/amicamiashop.com\/hu\/wp-json\/wp\/v2\/product_tag?post=13785"}],"curies":[{"name":"wp","href":"https:\/\/api.w.org\/{rel}","templated":true}]}}