{"id":13788,"date":"2026-01-26T00:28:52","date_gmt":"2026-01-26T00:28:52","guid":{"rendered":"https:\/\/amicamiashop.com\/?post_type=product&#038;p=13788"},"modified":"2026-04-21T11:17:28","modified_gmt":"2026-04-21T11:17:28","slug":"gyantazas-elotti-gel-aloe-vera-es-koromvirag-kivonatal","status":"publish","type":"product","link":"https:\/\/amicamiashop.com\/hu\/termek\/gyantazas-elotti-gel-aloe-vera-es-koromvirag-kivonatal\/","title":{"rendered":"Gyant\u00e1z\u00e1s el\u0151tti g\u00e9l Aloe Vera \u00e9s K\u00f6r\u00f6mvir\u00e1g kivonatal"},"content":{"rendered":"<p><strong>Gyant\u00e1z\u00e1s el\u0151tti g\u00e9l Aloe Vera \u00e9s k\u00f6r\u00f6mvir\u00e1g kivonatokkal 500 ml<\/strong><\/p>\n<p>El\u0151k\u00e9sz\u00edti, megtiszt\u00edtja, fert\u0151tlen\u00edti a b\u0151rt a t\u00f6k\u00e9letes gyant\u00e1z\u00e1shoz \u00e9s gyorsan felsz\u00edv\u00f3d\u00f3 sz\u00e1raz b\u0151rfel\u00fcletet hagy maga ut\u00e1n. Tiszta illattal egy higi\u00e9nikus b\u0151rtiszt\u00edt\u00e1shoz a gyant\u00e1z\u00e1s el\u0151k\u00e9sz\u00edt\u00e9s\u00e9hez.<\/p>\n<p><strong>Haszn\u00e1lat:<\/strong> kenj\u00fck a b\u0151rre \u00e9s massz\u00edrozzuk a g\u00e9lt felsz\u00edv\u00f3d\u00e1s\u00e1ig.<\/p>\n<p><strong>Figyelmeztet\u00e9s:<\/strong> Ker\u00fclje a term\u00e9k szembe jut\u00e1s\u00e1t. Gyermekek el\u0151l t\u00e1vol tartand\u00f3.<\/p>\n<p><strong>Ingredients:<\/strong> Aqua, Alcohol, Denat, Glycerin, Polisorbate 20, Carbomer, Phenaxyetanol, PropyleneGlycol, Parfum,Triethanolamine, Ethylhexylglycerin, Sodium Dehydroacetate, Sodium Phytate, Aloe Barbadensis leaf juice (*)Calendula Officionalis Fower Extract, C. I. 42051, C.I. 19140, Potassium Sorbate, Benzyl Alcohol, Lactic acid, Tocopherol.<\/p>\n","protected":false},"excerpt":{"rendered":"<p>Gyant\u00e1z\u00e1s el\u0151tti g\u00e9l Aloe Vera \u00e9s k\u00f6r\u00f6mvir\u00e1g kivonatokkal 500 ml El\u0151k\u00e9sz\u00edti, megtiszt\u00edtja, fert\u0151tlen\u00edti a b\u0151rt a t\u00f6k\u00e9letes gyant\u00e1z\u00e1shoz \u00e9s gyorsan felsz\u00edv\u00f3d\u00f3 sz\u00e1raz b\u0151rfel\u00fcletet hagy maga ut\u00e1n. Tiszta illattal egy higi\u00e9nikus b\u0151rtiszt\u00edt\u00e1shoz a gyant\u00e1z\u00e1s el\u0151k\u00e9sz\u00edt\u00e9s\u00e9hez. Haszn\u00e1lat: kenj\u00fck a b\u0151rre \u00e9s massz\u00edrozzuk a g\u00e9lt felsz\u00edv\u00f3d\u00e1s\u00e1ig. Figyelmeztet\u00e9s: Ker\u00fclje a term\u00e9k szembe jut\u00e1s\u00e1t. Gyermekek el\u0151l t\u00e1vol tartand\u00f3. Ingredients: Aqua, [&hellip;]<\/p>\n","protected":false},"featured_media":13789,"comment_status":"closed","ping_status":"closed","template":"","meta":[],"product_brand":[],"product_cat":[345],"product_tag":[],"class_list":{"0":"post-13788","1":"product","2":"type-product","3":"status-publish","4":"has-post-thumbnail","6":"product_cat-elo-uto-apolo-termekek","8":"first","9":"instock","10":"taxable","11":"shipping-taxable","12":"purchasable","13":"product-type-simple"},"_links":{"self":[{"href":"https:\/\/amicamiashop.com\/hu\/wp-json\/wp\/v2\/product\/13788","targetHints":{"allow":["GET"]}}],"collection":[{"href":"https:\/\/amicamiashop.com\/hu\/wp-json\/wp\/v2\/product"}],"about":[{"href":"https:\/\/amicamiashop.com\/hu\/wp-json\/wp\/v2\/types\/product"}],"replies":[{"embeddable":true,"href":"https:\/\/amicamiashop.com\/hu\/wp-json\/wp\/v2\/comments?post=13788"}],"version-history":[{"count":1,"href":"https:\/\/amicamiashop.com\/hu\/wp-json\/wp\/v2\/product\/13788\/revisions"}],"predecessor-version":[{"id":15729,"href":"https:\/\/amicamiashop.com\/hu\/wp-json\/wp\/v2\/product\/13788\/revisions\/15729"}],"wp:featuredmedia":[{"embeddable":true,"href":"https:\/\/amicamiashop.com\/hu\/wp-json\/wp\/v2\/media\/13789"}],"wp:attachment":[{"href":"https:\/\/amicamiashop.com\/hu\/wp-json\/wp\/v2\/media?parent=13788"}],"wp:term":[{"taxonomy":"product_brand","embeddable":true,"href":"https:\/\/amicamiashop.com\/hu\/wp-json\/wp\/v2\/product_brand?post=13788"},{"taxonomy":"product_cat","embeddable":true,"href":"https:\/\/amicamiashop.com\/hu\/wp-json\/wp\/v2\/product_cat?post=13788"},{"taxonomy":"product_tag","embeddable":true,"href":"https:\/\/amicamiashop.com\/hu\/wp-json\/wp\/v2\/product_tag?post=13788"}],"curies":[{"name":"wp","href":"https:\/\/api.w.org\/{rel}","templated":true}]}}