{"id":13791,"date":"2026-01-26T00:31:05","date_gmt":"2026-01-26T00:31:05","guid":{"rendered":"https:\/\/amicamiashop.com\/?post_type=product&#038;p=13791"},"modified":"2026-03-04T11:55:21","modified_gmt":"2026-03-04T11:55:21","slug":"gyantazas-utani-szornovekedes-keslelteto-emulzio-mandala-500-ml","status":"publish","type":"product","link":"https:\/\/amicamiashop.com\/hu\/termek\/gyantazas-utani-szornovekedes-keslelteto-emulzio-mandala-500-ml\/","title":{"rendered":"Gyant\u00e1z\u00e1s ut\u00e1ni sz\u0151rn\u00f6veked\u00e9s k\u00e9sleltet\u0151 Emulzio Mandala 500 ml"},"content":{"rendered":"<p><strong>Gyant\u00e1z\u00e1s ut\u00e1ni sz\u0151rn\u00f6veked\u00e9s k\u00e9sleltet\u0151 Emulzio Mandala 500 ml<\/strong><\/p>\n<p>A kurkuma \u00e9s a gy\u00f6mb\u00e9r antioxid\u00e1nsokban \u00e9s term\u00e9szetes anyagokban gazdag n\u00f6v\u00e9nyi \u00f6sszetev\u0151ket tartalmaz: Gyullad\u00e1scs\u00f6kkent\u0151 hat\u00e1s\u00faak \u00e9s seg\u00edtik az az \u00fajb\u00f3li h\u00e1mk\u00e9pz\u0151d\u00e9st valamint seg\u00edt a b\u0151rt hidrat\u00e1ltan \u00e9s puh\u00e1n tartani.<\/p>\n<p>Haszn\u00e1lata vigye fel kis mennyis\u00e9get a b\u0151rre \u00e9s egyenletes massz\u00edrozza be felsz\u00edv\u00f3d\u00e1sig.<\/p>\n<p>Ker\u00fclje el a term\u00e9k szembejut\u00e1s\u00e1t \u00e9s tartsa t\u00e1vol gyermekekt\u0151l.<\/p>\n<p>Ingredients: Glycine Soja Oil, Propylene Glycol, Cyclopentasiloxane, Curcuma Longa Root Extract, Zingiber Officinale Root Oil, Acrylates\/C10-30 Alkyl Acrylate Crosspolymer, Sodium Acrylate\/Sodium Acryloyldimethyl Taurate Copolymer, Helianthus Annuus Seed Oil, Polysorbate 20, Isohexadecane, Polysorbate 80, Sorbitan Oleate, Tetrasodium EDTA, Triethanolamine, Pentaerythrityl Tetra-di-t-butyl Hydroxyhydrocinnamate, Phenoxyethanol, Ethylhexylglycerin, Citral, Pirene,, CI 19140, CI 16255.<\/p>\n","protected":false},"excerpt":{"rendered":"<p>Gyant\u00e1z\u00e1s ut\u00e1ni sz\u0151rn\u00f6veked\u00e9s k\u00e9sleltet\u0151 Emulzio Mandala 500 ml A kurkuma \u00e9s a gy\u00f6mb\u00e9r antioxid\u00e1nsokban \u00e9s term\u00e9szetes anyagokban gazdag n\u00f6v\u00e9nyi \u00f6sszetev\u0151ket tartalmaz: Gyullad\u00e1scs\u00f6kkent\u0151 hat\u00e1s\u00faak \u00e9s seg\u00edtik az az \u00fajb\u00f3li h\u00e1mk\u00e9pz\u0151d\u00e9st valamint seg\u00edt a b\u0151rt hidrat\u00e1ltan \u00e9s puh\u00e1n tartani. Haszn\u00e1lata vigye fel kis mennyis\u00e9get a b\u0151rre \u00e9s egyenletes massz\u00edrozza be felsz\u00edv\u00f3d\u00e1sig. Ker\u00fclje el a term\u00e9k szembejut\u00e1s\u00e1t \u00e9s [&hellip;]<\/p>\n","protected":false},"featured_media":13792,"comment_status":"closed","ping_status":"closed","template":"","meta":[],"product_brand":[],"product_cat":[345],"product_tag":[],"class_list":{"0":"post-13791","1":"product","2":"type-product","3":"status-publish","4":"has-post-thumbnail","6":"product_cat-elo-uto-apolo-termekek","8":"first","9":"instock","10":"purchasable","11":"product-type-simple"},"_links":{"self":[{"href":"https:\/\/amicamiashop.com\/hu\/wp-json\/wp\/v2\/product\/13791","targetHints":{"allow":["GET"]}}],"collection":[{"href":"https:\/\/amicamiashop.com\/hu\/wp-json\/wp\/v2\/product"}],"about":[{"href":"https:\/\/amicamiashop.com\/hu\/wp-json\/wp\/v2\/types\/product"}],"replies":[{"embeddable":true,"href":"https:\/\/amicamiashop.com\/hu\/wp-json\/wp\/v2\/comments?post=13791"}],"version-history":[{"count":0,"href":"https:\/\/amicamiashop.com\/hu\/wp-json\/wp\/v2\/product\/13791\/revisions"}],"wp:featuredmedia":[{"embeddable":true,"href":"https:\/\/amicamiashop.com\/hu\/wp-json\/wp\/v2\/media\/13792"}],"wp:attachment":[{"href":"https:\/\/amicamiashop.com\/hu\/wp-json\/wp\/v2\/media?parent=13791"}],"wp:term":[{"taxonomy":"product_brand","embeddable":true,"href":"https:\/\/amicamiashop.com\/hu\/wp-json\/wp\/v2\/product_brand?post=13791"},{"taxonomy":"product_cat","embeddable":true,"href":"https:\/\/amicamiashop.com\/hu\/wp-json\/wp\/v2\/product_cat?post=13791"},{"taxonomy":"product_tag","embeddable":true,"href":"https:\/\/amicamiashop.com\/hu\/wp-json\/wp\/v2\/product_tag?post=13791"}],"curies":[{"name":"wp","href":"https:\/\/api.w.org\/{rel}","templated":true}]}}