{"id":13794,"date":"2026-01-26T00:33:06","date_gmt":"2026-01-26T00:33:06","guid":{"rendered":"https:\/\/amicamiashop.com\/?post_type=product&#038;p=13794"},"modified":"2026-03-04T11:57:20","modified_gmt":"2026-03-04T11:57:20","slug":"lezeres-szortelenites-utani-emulzio-100-ml","status":"publish","type":"product","link":"https:\/\/amicamiashop.com\/hu\/termek\/lezeres-szortelenites-utani-emulzio-100-ml\/","title":{"rendered":"L\u00e9zeres sz\u0151rtelen\u00edt\u00e9s ut\u00e1ni Emulzio 100 ml"},"content":{"rendered":"<p><strong>L\u00e9zeres sz\u0151rtelen\u00edt\u00e9s ut\u00e1ni Bio Emulzio 100 ml<\/strong><\/p>\n<p>L\u00e9zeres sz\u0151rtelen\u00edt\u00e9s ut\u00e1n javasolt Bio gazd\u00e1lkod\u00e1sb\u00f3l sz\u00e1rmaz\u00f3 term\u00e9szetes \u00f6sszetev\u0151ket tartalmaz\u00f3 Emulzi\u00f3. Gazdag n\u00f6v\u00e9nyi olajokban, p\u00e9ld\u00e1ul mandulaolajban \u00e9s bio shea vajban amely b\u0151rpuh\u00edt\u00f3 \u00e9s b\u0151rnyugtat\u00f3 hat\u00e1s\u00fa. Az aloe vera kivonat \u00e9s azul\u00e9n t\u00e1pl\u00e1lja, helyre\u00e1ll\u00edtja \u00e9s megnyugtatja az irrit\u00e1lt b\u0151rt.<\/p>\n<p>Vigye fel emulzi\u00f3t a kezelt ter\u00fcletekre \u00e9s masszirozza a b\u0151rbe felsz\u00edv\u00f3d\u00e1sig. Haszn\u00e1lata a kezelt b\u0151r regener\u00e1l\u00f3, hidrat\u00e1l\u00f3 \u00e9s v\u00e9d\u0151 hat\u00e1s\u00e1nak fokoz\u00e1s\u00e1ra javasolt.<\/p>\n<p>Gyermekek el\u0151l elz\u00e1rva tartand\u00f3.<\/p>\n<p>Ingredients: Aqua, Aloe Barbadensis Leaf Juice*, Prunus Amygdalus Dulcis Oil, Ethylhexyl Stearate, Caprylic\/Capric Triglycerides, Methyl Glucose Sesquistearate, Butyrospermum Parkii Butter*, Glyceryn, Cetearyl Alcohol, Guaiazulene, Tocopherol, Isoamyl Laurate, Benzyl Alcohol, Potassium Sorbate, Sodium Benzoate, Parfum *da Agricoltura Biologica \u2013 Profumo senza Allergeni<\/p>\n","protected":false},"excerpt":{"rendered":"<p>L\u00e9zeres sz\u0151rtelen\u00edt\u00e9s ut\u00e1ni Bio Emulzio 100 ml L\u00e9zeres sz\u0151rtelen\u00edt\u00e9s ut\u00e1n javasolt Bio gazd\u00e1lkod\u00e1sb\u00f3l sz\u00e1rmaz\u00f3 term\u00e9szetes \u00f6sszetev\u0151ket tartalmaz\u00f3 Emulzi\u00f3. Gazdag n\u00f6v\u00e9nyi olajokban, p\u00e9ld\u00e1ul mandulaolajban \u00e9s bio shea vajban amely b\u0151rpuh\u00edt\u00f3 \u00e9s b\u0151rnyugtat\u00f3 hat\u00e1s\u00fa. Az aloe vera kivonat \u00e9s azul\u00e9n t\u00e1pl\u00e1lja, helyre\u00e1ll\u00edtja \u00e9s megnyugtatja az irrit\u00e1lt b\u0151rt. Vigye fel emulzi\u00f3t a kezelt ter\u00fcletekre \u00e9s masszirozza a b\u0151rbe [&hellip;]<\/p>\n","protected":false},"featured_media":13795,"comment_status":"closed","ping_status":"closed","template":"","meta":[],"product_brand":[],"product_cat":[345],"product_tag":[],"class_list":{"0":"post-13794","1":"product","2":"type-product","3":"status-publish","4":"has-post-thumbnail","6":"product_cat-elo-uto-apolo-termekek","8":"first","9":"instock","10":"purchasable","11":"product-type-simple"},"_links":{"self":[{"href":"https:\/\/amicamiashop.com\/hu\/wp-json\/wp\/v2\/product\/13794","targetHints":{"allow":["GET"]}}],"collection":[{"href":"https:\/\/amicamiashop.com\/hu\/wp-json\/wp\/v2\/product"}],"about":[{"href":"https:\/\/amicamiashop.com\/hu\/wp-json\/wp\/v2\/types\/product"}],"replies":[{"embeddable":true,"href":"https:\/\/amicamiashop.com\/hu\/wp-json\/wp\/v2\/comments?post=13794"}],"version-history":[{"count":0,"href":"https:\/\/amicamiashop.com\/hu\/wp-json\/wp\/v2\/product\/13794\/revisions"}],"wp:featuredmedia":[{"embeddable":true,"href":"https:\/\/amicamiashop.com\/hu\/wp-json\/wp\/v2\/media\/13795"}],"wp:attachment":[{"href":"https:\/\/amicamiashop.com\/hu\/wp-json\/wp\/v2\/media?parent=13794"}],"wp:term":[{"taxonomy":"product_brand","embeddable":true,"href":"https:\/\/amicamiashop.com\/hu\/wp-json\/wp\/v2\/product_brand?post=13794"},{"taxonomy":"product_cat","embeddable":true,"href":"https:\/\/amicamiashop.com\/hu\/wp-json\/wp\/v2\/product_cat?post=13794"},{"taxonomy":"product_tag","embeddable":true,"href":"https:\/\/amicamiashop.com\/hu\/wp-json\/wp\/v2\/product_tag?post=13794"}],"curies":[{"name":"wp","href":"https:\/\/api.w.org\/{rel}","templated":true}]}}