{"id":13797,"date":"2026-01-26T00:35:08","date_gmt":"2026-01-26T00:35:08","guid":{"rendered":"https:\/\/amicamiashop.com\/?post_type=product&#038;p=13797"},"modified":"2026-04-21T18:33:41","modified_gmt":"2026-04-21T18:33:41","slug":"kozmetikai-lampa","status":"publish","type":"product","link":"https:\/\/amicamiashop.com\/hu\/termek\/kozmetikai-lampa\/","title":{"rendered":"Dupla karos kozmetikai l\u00e1mpa"},"content":{"rendered":"<p><strong>Dupla karos kozmetikai l\u00e1mpa<\/strong><\/p>\n<p>Ha t\u00f6k\u00e9letes megvil\u00e1g\u00edt\u00e1st keresel szempilla\u00e9p\u00edt\u0151, sminkes, vagy sminktetov\u00e1l\u00f3 munk\u00e1idhoz, akkor ezzel l\u00e1mp\u00e1val valami eg\u00e9szen k\u00fcl\u00f6nlegeset k\u00edn\u00e1lunk sz\u00e1modra.<\/p>\n<p>A kifejezetten prec\u00edz megvil\u00e1g\u00edt\u00e1st ig\u00e9nyl\u0151 munk\u00e1khoz kifejlesztett, vibr\u00e1l\u00e1smentes LED technol\u00f3gia folyamatos f\u00e9nykibocs\u00e1t\u00e1st tesz lehet\u0151v\u00e9, \u00edgy az eg\u00e9sz napos munka sor\u00e1n sem f\u00e1rasztja a szemeket.<\/p>\n<p>A f\u00e9nyforr\u00e1sok \u00e1ltal biztos\u00edtott 5800 lumen f\u00e9nyer\u0151 a pilla\u00e9p\u00edt\u00e9sre szolg\u00e1l\u00f3 helys\u00e9gben a napf\u00e9nyhez hasonl\u00f3 f\u00e9nyt biztos\u00edt, mellyel minden munka, t\u00f6k\u00e9letesen megvil\u00e1g\u00edtva, sz\u00ednh\u0171en, apr\u00f3 r\u00e9szleteiben v\u00e1lik l\u00e1that\u00f3v\u00e1.<\/p>\n<p>A 3200 \u00e9s 5600 kelvin k\u00f6z\u00f6tt \u00e1ll\u00edthat\u00f3 sz\u00ednh\u0151m\u00e9rs\u00e9klettel pedig ig\u00e9nyeid szerint hideg, vagy meleg t\u00f3nus\u00fa f\u00e9ny mellett dolgozhatsz.<\/p>\n<p>A l\u00e1mpa k\u00e9t, flexibilisen mozgathat\u00f3 l\u00e1mpakarral valamint \u00e1ll\u00edthat\u00f3 \u00e1lv\u00e1nnyal rendelkezik \u00e9s \u00e1rny\u00e9kmentes megvil\u00e1g\u00edt\u00e1st tesz lehet\u0151v\u00e9.<\/p>\n<p>\u00cdgy biztos lehetsz abban, hogy a munkater\u00fcleted mindig megfelel\u0151 f\u00e9nyell\u00e1t\u00e1st kap. Opcion\u00e1lisan haszn\u00e1lhat\u00f3 mobiltelefon tart\u00f3ja szinte mindegyik telefon t\u00edpushoz megfelel\u0151 \u00e9s haszn\u00e1lat\u00e1val ak\u00e1r az eg\u00e9sz pilla\u00e9p\u00edt\u00e9s folyamat\u00e1t is r\u00f6gz\u00edtheted. \u00c1llv\u00e1nyos kivitele k\u00f6nnyed elhelyez\u00e9st, flexibilis karja pedig mindig pontos megvil\u00e1g\u00edt\u00e1st biztos\u00edt.<\/p>\n<p>L\u00e1mpa term\u00e9k jellemz\u0151i:<\/p>\n<p>Dupla \u00e1rny\u00e9kmentes megvil\u00e1g\u00edt\u00e1s<br \/>\nMinden ir\u00e1nyba mozgathat\u00f3 l\u00e1mpatart\u00f3 karok<br \/>\n\u00c1ll\u00edthat\u00f3 magass\u00e1g\u00fa \u00e1llv\u00e1ny<br \/>\nRA 90<br \/>\nSzab\u00e1lyozhat\u00f3 f\u00e9nyer\u0151ss\u00e9g<br \/>\n5800 lumen maxim\u00e1lis f\u00e9nyer\u0151ss\u00e9g<br \/>\n3000 K \u2013 6000 K \u00e1ll\u00edthat\u00f3 sz\u00ednh\u0151m\u00e9rs\u00e9klet tartom\u00e1ny<br \/>\n50000 \u00f3ra LED \u00e9lettartam<br \/>\n368 LED-el szerelt f\u00e9nyforr\u00e1sok<br \/>\nMobiltelefon tart\u00f3 \u00e1llv\u00e1ny<br \/>\n40 W teljes\u00edtm\u00e9ny<\/p>\n","protected":false},"excerpt":{"rendered":"<p>kozmetikai nagy\u00edt\u00f3s l\u00e1mpa haszn\u00e1lt<\/p>\n","protected":false},"featured_media":13798,"comment_status":"closed","ping_status":"closed","template":"","meta":[],"product_brand":[],"product_cat":[387],"product_tag":[],"class_list":{"0":"post-13797","1":"product","2":"type-product","3":"status-publish","4":"has-post-thumbnail","6":"product_cat-szalonberendezesek","8":"first","9":"instock","10":"taxable","11":"shipping-taxable","12":"purchasable","13":"product-type-simple"},"_links":{"self":[{"href":"https:\/\/amicamiashop.com\/hu\/wp-json\/wp\/v2\/product\/13797","targetHints":{"allow":["GET"]}}],"collection":[{"href":"https:\/\/amicamiashop.com\/hu\/wp-json\/wp\/v2\/product"}],"about":[{"href":"https:\/\/amicamiashop.com\/hu\/wp-json\/wp\/v2\/types\/product"}],"replies":[{"embeddable":true,"href":"https:\/\/amicamiashop.com\/hu\/wp-json\/wp\/v2\/comments?post=13797"}],"version-history":[{"count":2,"href":"https:\/\/amicamiashop.com\/hu\/wp-json\/wp\/v2\/product\/13797\/revisions"}],"predecessor-version":[{"id":15743,"href":"https:\/\/amicamiashop.com\/hu\/wp-json\/wp\/v2\/product\/13797\/revisions\/15743"}],"wp:featuredmedia":[{"embeddable":true,"href":"https:\/\/amicamiashop.com\/hu\/wp-json\/wp\/v2\/media\/13798"}],"wp:attachment":[{"href":"https:\/\/amicamiashop.com\/hu\/wp-json\/wp\/v2\/media?parent=13797"}],"wp:term":[{"taxonomy":"product_brand","embeddable":true,"href":"https:\/\/amicamiashop.com\/hu\/wp-json\/wp\/v2\/product_brand?post=13797"},{"taxonomy":"product_cat","embeddable":true,"href":"https:\/\/amicamiashop.com\/hu\/wp-json\/wp\/v2\/product_cat?post=13797"},{"taxonomy":"product_tag","embeddable":true,"href":"https:\/\/amicamiashop.com\/hu\/wp-json\/wp\/v2\/product_tag?post=13797"}],"curies":[{"name":"wp","href":"https:\/\/api.w.org\/{rel}","templated":true}]}}