{"id":13881,"date":"2026-01-31T04:33:31","date_gmt":"2026-01-31T04:33:31","guid":{"rendered":"https:\/\/amicamiashop.com\/?post_type=product&#038;p=13881"},"modified":"2026-03-04T11:54:44","modified_gmt":"2026-03-04T11:54:44","slug":"gyantazas-utani-apolo-krem-calendula-es-afonya-500ml","status":"publish","type":"product","link":"https:\/\/amicamiashop.com\/hu\/termek\/gyantazas-utani-apolo-krem-calendula-es-afonya-500ml\/","title":{"rendered":"Gyant\u00e1z\u00e1s ut\u00e1ni \u00e1pol\u00f3 kr\u00e9m Calendula \u00e9s \u00c1fonya 500 ml"},"content":{"rendered":"<p><strong>Gyant\u00e1z\u00e1s ut\u00e1ni \u00e1pol\u00f3 kr\u00e9m Calendula \u00e9s \u00c1fonya 500 ml<\/strong><\/p>\n<p>Gyant\u00e1z\u00e1s ut\u00e1n a b\u0151r \u00e9rz\u00e9kenyebb \u00e9s kipirosodik\u00a0 Ez a gyant\u00e1z\u00e1s ut\u00e1ni kr\u00e9m megnyugtatja t\u00e1pl\u00e1lja \u00e9s regener\u00e1lja\u00a0 az irrit\u00e1lt b\u0151rt , \u00edgy friss \u00e9s tiszta \u00e9rz\u00e9s marad a kezel\u00e9s ut\u00e1n.\u00a0 K\u00f6nnyen \u00e9s gyorsan besz\u00edv\u00f3dik \u00e9s nem hagy ragacsos \u00e9rz\u00e9st maga ut\u00e1n. A k\u00f6r\u00f6mvir\u00e1g \u00e9s \u00e1fonya kivonata tiszt\u00edt\u00f3 \u00e9s nyugtat\u00f3 hat\u00e1ssal van a b\u0151rre.<\/p>\n<p><strong><em>Ingrdients:<\/em><\/strong>\u00a0Aqua, Ethylhehyl\u00a0 Stearate, Helianthus Anuus seed oil,Glyceryl Stearate, Cetyl Palmitate, Cetyl Alcohol, Glyceryn, Phenoxyethanol, Myristil\u00a0 Myristate, Cetaareth20, Dimethicane, Parfum, Allatoin, Imidazolidi Urea, Cetearyl\u00a0 Alcohol, Cetaareth 12, Myristil Laurate, Propylene\u00a0 Glycol, Ethylhexyl Glycerin, Sodium Dehydroacetate, Disodium\u00a0 Edta, Vaccinium Myrtillus fruit exract, Calendula Officinali Fower Exract.<\/p>\n<p>Massz\u00edrozzuk a b\u0151rbe a teljes felsz\u00edv\u00f3d\u00e1sig.<img decoding=\"async\" style=\"display: none;\" src=\"http:\/\/www.journeyom.life\/wp-content\/uploads\/2024\/05\/JOM-LOGO-VERT-WB.jpg\" alt=\"Wax heater machine Lcd screen Black\" \/><img decoding=\"async\" style=\"display: none;\" src=\"http:\/\/www.journeyom.life\/wp-content\/uploads\/2024\/05\/JOM-LOGO-VERT-WB.jpg\" alt=\"Wax heater machine Lcd screen Black\" \/><img decoding=\"async\" style=\"display: none;\" src=\"http:\/\/www.journeyom.life\/wp-content\/uploads\/2024\/05\/JOM-LOGO-VERT-WB.jpg\" alt=\"Wax heater machine Lcd screen Black\" \/><img decoding=\"async\" style=\"display: none;\" src=\"http:\/\/www.journeyom.life\/wp-content\/uploads\/2024\/05\/JOM-LOGO-VERT-WB.jpg\" alt=\"Wax heater machine Lcd screen Black\" \/><\/p>\n","protected":false},"excerpt":{"rendered":"<p>Gyant\u00e1z\u00e1s ut\u00e1ni \u00e1pol\u00f3 kr\u00e9m Calendula \u00e9s \u00c1fonya 500 ml Gyant\u00e1z\u00e1s ut\u00e1n a b\u0151r \u00e9rz\u00e9kenyebb \u00e9s kipirosodik\u00a0 Ez a gyant\u00e1z\u00e1s ut\u00e1ni kr\u00e9m megnyugtatja t\u00e1pl\u00e1lja \u00e9s regener\u00e1lja\u00a0 az irrit\u00e1lt b\u0151rt , \u00edgy friss \u00e9s tiszta \u00e9rz\u00e9s marad a kezel\u00e9s ut\u00e1n.\u00a0 K\u00f6nnyen \u00e9s gyorsan besz\u00edv\u00f3dik \u00e9s nem hagy ragacsos \u00e9rz\u00e9st maga ut\u00e1n. A k\u00f6r\u00f6mvir\u00e1g \u00e9s \u00e1fonya kivonata tiszt\u00edt\u00f3 [&hellip;]<\/p>\n","protected":false},"featured_media":6379,"comment_status":"closed","ping_status":"closed","template":"","meta":[],"product_brand":[],"product_cat":[427],"product_tag":[],"class_list":{"0":"post-13881","1":"product","2":"type-product","3":"status-publish","4":"has-post-thumbnail","6":"product_cat-testapolo-kremek","8":"first","9":"instock","10":"purchasable","11":"product-type-simple"},"_links":{"self":[{"href":"https:\/\/amicamiashop.com\/hu\/wp-json\/wp\/v2\/product\/13881","targetHints":{"allow":["GET"]}}],"collection":[{"href":"https:\/\/amicamiashop.com\/hu\/wp-json\/wp\/v2\/product"}],"about":[{"href":"https:\/\/amicamiashop.com\/hu\/wp-json\/wp\/v2\/types\/product"}],"replies":[{"embeddable":true,"href":"https:\/\/amicamiashop.com\/hu\/wp-json\/wp\/v2\/comments?post=13881"}],"version-history":[{"count":0,"href":"https:\/\/amicamiashop.com\/hu\/wp-json\/wp\/v2\/product\/13881\/revisions"}],"wp:featuredmedia":[{"embeddable":true,"href":"https:\/\/amicamiashop.com\/hu\/wp-json\/wp\/v2\/media\/6379"}],"wp:attachment":[{"href":"https:\/\/amicamiashop.com\/hu\/wp-json\/wp\/v2\/media?parent=13881"}],"wp:term":[{"taxonomy":"product_brand","embeddable":true,"href":"https:\/\/amicamiashop.com\/hu\/wp-json\/wp\/v2\/product_brand?post=13881"},{"taxonomy":"product_cat","embeddable":true,"href":"https:\/\/amicamiashop.com\/hu\/wp-json\/wp\/v2\/product_cat?post=13881"},{"taxonomy":"product_tag","embeddable":true,"href":"https:\/\/amicamiashop.com\/hu\/wp-json\/wp\/v2\/product_tag?post=13881"}],"curies":[{"name":"wp","href":"https:\/\/api.w.org\/{rel}","templated":true}]}}