{"id":13926,"date":"2026-02-10T10:21:18","date_gmt":"2026-02-10T10:21:18","guid":{"rendered":"https:\/\/amicamiashop.com\/?post_type=product&#038;p=13926"},"modified":"2026-03-04T11:50:00","modified_gmt":"2026-03-04T11:50:00","slug":"bio-arcmaszk-faggyukiegyensulyozo-es-tisztito-250-ml","status":"publish","type":"product","link":"https:\/\/amicamiashop.com\/hu\/termek\/bio-arcmaszk-faggyukiegyensulyozo-es-tisztito-250-ml\/","title":{"rendered":"BIO Arcmaszk Faggy\u00fakiegyens\u00falyoz\u00f3 \u00e9s tiszt\u00edt\u00f3 250 ml"},"content":{"rendered":"<p><strong>BIO Arcmaszk Faggy\u00fakiegyens\u00falyoz\u00f3 \u00e9s tiszt\u00edt\u00f3 valamint ragyog\u00e1s fokoz\u00f3\u00a0 250 ml<\/strong><\/p>\n<p>Organikus tiszt\u00edt\u00f3 arcmaszk n\u00f6v\u00e9nyi fasz\u00e9nnel, ide\u00e1lis kombin\u00e1lt vagy tiszt\u00e1talan b\u0151rre, tiszt\u00edt\u00f3 \u00f6sszetev\u0151kkel. K\u00e9plete a fasz\u00e9n jelenl\u00e9t\u00e9n alapul, amely amellett, hogy s\u00f6t\u00e9t sz\u00ednt ad a term\u00e9knek, feket\u00e9re hajlamos, tiszt\u00edt\u00f3 hat\u00e1st fejt ki a b\u0151r\u00f6n, seg\u00edt kezelni a faggy\u00fafelesleget \u00e9s f\u00e9nyesebb\u00e9 teszi a b\u0151rt. A kaolin hozz\u00e1ad\u00e1sa op\u00e1los\u00edt\u00f3 \u00e9s felsz\u00edv\u00f3 hat\u00e1st k\u00f6lcs\u00f6n\u00f6z. M\u00e9g a szerves gy\u00f6mb\u00e9r kivonat is tiszt\u00edt\u00f3 \u00e9s antioxid\u00e1ns hat\u00e1s\u00fa. A k\u00e9plet kieg\u00e9sz\u00edt\u00e9se \u00e9rdek\u00e9ben: \u00c9des mandulaolaj, amely t\u00e1pl\u00e1l\u00e9kot \u00e9s l\u00e1gy\u00edt\u00f3 hat\u00e1s\u00fa, Aloe Vera gy\u00fcm\u00f6lcsl\u00e9 \u00e9s organikus sz\u0151l\u0151 akt\u00edv v\u00edz hidrat\u00e1l\u00f3 \u00e9s \u00f6reged\u00e9sg\u00e1tl\u00f3 hat\u00e1s\u00fa. Ez a kezel\u00e9s seg\u00edt helyre\u00e1ll\u00edtani a zs\u00edros b\u0151r megfelel\u0151 egyens\u00faly\u00e1t.<\/p>\n<p>Teljes kompoz\u00edci\u00f3<\/p>\n<p>N\u00f6v\u00e9nyi sz\u00e9n \u2013 tiszt\u00edt\u00f3, gazdag\u00a0 fontos nyomelemekben, \u00e9s\u00a0 felszabad\u00edtja test\u00fcnk sz\u00f6veteit a v\u00edzvisszatart\u00e1st\u00f3l \u00e9s seg\u00edt cs\u00f6kkenteni a k\u00e1ros k\u00f6rnyezeti hat\u00e1sokat.<\/p>\n<p>Kaolin \u2013 nedvsz\u00edv\u00f3, matt\u00edt\u00f3, h\u00e1mlaszt\u00f3 hat\u00e1sa lehet\u0151v\u00e9 teszi az elhalt sejtek elt\u00e1vol\u00edt\u00e1s\u00e1t a b\u0151r felsz\u00edn\u00e9r\u0151l, \u00e9s ez\u00e1ltal el\u0151seg\u00edti a b\u0151r puhas\u00e1g\u00e1t \u00e9s regener\u00e1l\u00f3d\u00e1s\u00e1t<\/p>\n<p>Organikus gy\u00f6mb\u00e9r kivonat \u2013 antioxid\u00e1ns, stimul\u00e1l\u00f3, tiszt\u00edt\u00f3<\/p>\n<p>\u00c9des mandulaolaj \u2013 t\u00e1pl\u00e1l\u00f3, b\u0151rpuh\u00edt\u00f3, rugalmas\u00edt\u00f3<\/p>\n<p>Bio Aloe Vera Juice \u2013 hidrat\u00e1l\u00f3, \u00f6reged\u00e9sg\u00e1tl\u00f3<\/p>\n<p>Akt\u00edv szerves sz\u0151l\u0151v\u00edz \u2013 antioxid\u00e1ns, \u00f6reged\u00e9sg\u00e1tl\u00f3, hidrat\u00e1l\u00f3<\/p>\n<p>Hogyan kell haszn\u00e1lni:<\/p>\n<p>Vigye fel a maszkot a kor\u00e1bban megtiszt\u00edtott arcra \u00e9s dekolt\u00e1zsra, hagyja rajta 15-20 percig. Nedves\u00edtett szivaccsal t\u00e1vol\u00edtsa el.<\/p>\n<p>K\u00e9miai-fizikai jellemz\u0151k: Nem tartalmaz sz\u00ednez\u00e9ket, sz\u00edne kiz\u00e1r\u00f3lag a term\u00e9szetes eredet\u0171 anyagok jelenl\u00e9t\u00e9t\u0151l f\u00fcgg. A term\u00e9szetes eredet\u0171 sz\u00edn ez\u00e9rt gy\u00e1rt\u00e1si t\u00e9telenk\u00e9nt v\u00e1ltozhat. N\u00e9mi sz\u00ednv\u00e1ltoz\u00e1s nem jelenti a term\u00e9k v\u00e1ltoz\u00e1s\u00e1t.<\/p>\n<p>T\u00e1rol\u00e1si utas\u00edt\u00e1sok: A kinyitott term\u00e9k eltarthat\u00f3s\u00e1gi ideje a norm\u00e1l \u00e9s helyes felhaszn\u00e1l\u00e1si k\u00f6r\u00fclm\u00e9nyek k\u00f6z\u00f6tt fennmarad.<\/p>\n","protected":false},"excerpt":{"rendered":"<p>BIO Arcmaszk Faggy\u00fakiegyens\u00falyoz\u00f3 \u00e9s tiszt\u00edt\u00f3 valamint ragyog\u00e1s fokoz\u00f3\u00a0 250 ml Organikus tiszt\u00edt\u00f3 arcmaszk n\u00f6v\u00e9nyi fasz\u00e9nnel, ide\u00e1lis kombin\u00e1lt vagy tiszt\u00e1talan b\u0151rre, tiszt\u00edt\u00f3 \u00f6sszetev\u0151kkel. K\u00e9plete a fasz\u00e9n jelenl\u00e9t\u00e9n alapul, amely amellett, hogy s\u00f6t\u00e9t sz\u00ednt ad a term\u00e9knek, feket\u00e9re hajlamos, tiszt\u00edt\u00f3 hat\u00e1st fejt ki a b\u0151r\u00f6n, seg\u00edt kezelni a faggy\u00fafelesleget \u00e9s f\u00e9nyesebb\u00e9 teszi a b\u0151rt. A kaolin hozz\u00e1ad\u00e1sa [&hellip;]<\/p>\n","protected":false},"featured_media":13927,"comment_status":"closed","ping_status":"closed","template":"","meta":[],"product_brand":[],"product_cat":[421],"product_tag":[],"class_list":{"0":"post-13926","1":"product","2":"type-product","3":"status-publish","4":"has-post-thumbnail","6":"product_cat-maszkok-pakolasok","8":"first","9":"instock","10":"taxable","11":"shipping-taxable","12":"purchasable","13":"product-type-simple"},"_links":{"self":[{"href":"https:\/\/amicamiashop.com\/hu\/wp-json\/wp\/v2\/product\/13926","targetHints":{"allow":["GET"]}}],"collection":[{"href":"https:\/\/amicamiashop.com\/hu\/wp-json\/wp\/v2\/product"}],"about":[{"href":"https:\/\/amicamiashop.com\/hu\/wp-json\/wp\/v2\/types\/product"}],"replies":[{"embeddable":true,"href":"https:\/\/amicamiashop.com\/hu\/wp-json\/wp\/v2\/comments?post=13926"}],"version-history":[{"count":0,"href":"https:\/\/amicamiashop.com\/hu\/wp-json\/wp\/v2\/product\/13926\/revisions"}],"wp:featuredmedia":[{"embeddable":true,"href":"https:\/\/amicamiashop.com\/hu\/wp-json\/wp\/v2\/media\/13927"}],"wp:attachment":[{"href":"https:\/\/amicamiashop.com\/hu\/wp-json\/wp\/v2\/media?parent=13926"}],"wp:term":[{"taxonomy":"product_brand","embeddable":true,"href":"https:\/\/amicamiashop.com\/hu\/wp-json\/wp\/v2\/product_brand?post=13926"},{"taxonomy":"product_cat","embeddable":true,"href":"https:\/\/amicamiashop.com\/hu\/wp-json\/wp\/v2\/product_cat?post=13926"},{"taxonomy":"product_tag","embeddable":true,"href":"https:\/\/amicamiashop.com\/hu\/wp-json\/wp\/v2\/product_tag?post=13926"}],"curies":[{"name":"wp","href":"https:\/\/api.w.org\/{rel}","templated":true}]}}