{"id":14225,"date":"2026-03-03T23:15:40","date_gmt":"2026-03-03T23:15:40","guid":{"rendered":"https:\/\/amicamiashop.com\/product\/california-summer-wax-rosa-by-amica-mia\/"},"modified":"2026-04-18T16:50:25","modified_gmt":"2026-04-18T16:50:25","slug":"california-summer-wax-rosa-by-amica-mia","status":"publish","type":"product","link":"https:\/\/amicamiashop.com\/hu\/termek\/california-summer-wax-rosa-by-amica-mia\/","title":{"rendered":"California Summer Wax Rosa by Amica Mia"},"content":{"rendered":"<p><strong>California Summer Gyanta Wax Rosa by Amica Mia<\/strong><\/p>\n<p>Olaszorsz\u00e1gban gy\u00e1rtott Csod\u00e1latosan hat\u00e9kony elasztikus intim alacsony olvad\u00e1spont\u00fa szintetikus gyant\u00e1ja.<\/p>\n<p>Igaz\u00e1n szerethet\u0151 leny\u0171g\u00f6z\u0151 hat\u00e9konys\u00e1g\u00fa intim gyanta.<\/p>\n<p>Kinek aj\u00e1nlott: ide\u00e1lis hiper\u00e9rz\u00e9keny, allergi\u00e1s b\u0151r eset\u00e9n<\/p>\n<p>Aj\u00e1nlott ter\u00fcletek: intim ter\u00fcletekre, arc, vagy ahol v\u00e9konyabb a b\u0151r (h\u00f3nalj)<\/p>\n<p>California Summer Wax Rosa Multiflex gyantagy\u00f6ngy rendelhet\u0151 1 kg zacsk\u00f3s kiszerel\u00e9sben.<br \/>\nKonfekci\u00f3: 9 db \/ doboz<\/p>\n<p>A California Summer Wax Blue \u00e9s a California Summer Wax Pink szintetikus, elasztikus intim gy\u00f6ngy\u00f6k, amelyeket ugyanazzal a formul\u00e1val gy\u00e1rtanak<\/p>\n<p>El\u0151nye a hagyom\u00e1nyos \u00e9s az egy\u00e9b elasztikus gyant\u00e1kkal szemben:<\/p>\n<p>Colofoniumot nem tartalmaz<br \/>\nAlacsony h\u0151m\u00e9rs\u00e9kleten haszn\u00e1lhat\u00f3 szuper elasztikus gyanta k\u00fcl\u00f6nlegess\u00e9g<br \/>\nMultiflex teh\u00e1t b\u00e1rmilyen ir\u00e1nyba felkenhet\u0151 \u00e9s let\u00e9phet\u0151<br \/>\nGarant\u00e1ltan finom gyant\u00e1z\u00e1s, f\u00e1jdalom n\u00e9lk\u00fcl \u00e9s kipirosod\u00e1s n\u00e9lk\u00fcl<\/p>\n<p>Gyors haszn\u00e1lat leh\u00faz\u00f3cs\u00edk n\u00e9lk\u00fcl alkalmazhat\u00f3, mint spatul\u00e1s gyanta<br \/>\nA leg\u00e9rz\u00e9kenyebb b\u0151r\u0171ek sz\u00e1m\u00e1ra kifejlesztve<\/p>\n<p>Soha sem a b\u0151rh\u00f6z, csakis a sz\u0151rh\u00f6z tapad ez\u00e1ltal a gyant\u00e1z\u00e1snak nincs nyoma.<br \/>\nMivel a m\u00e9g l\u00e1thatatlan \u00e9s n\u00f6v\u00e9sben l\u00e9v\u0151 sz\u0151r\u00f6ket is elt\u00e1vol\u00edtja, ez\u00e1ltal ritk\u00e1bban kell gyant\u00e1ztatni.<br \/>\nRitk\u00e1bban kell gyant\u00e1zni vagyis hosszabb ideig tart\u00f3s sima b\u0151r<br \/>\nL\u00e9zeres sz\u0151rtelen\u00edt\u00e9ssel egy\u00fctt is alkalmazhat\u00f3 sz\u0151rtelen\u00edt\u0151 elj\u00e1r\u00e1s<br \/>\nHaszn\u00e1lata:<\/p>\n<p>T\u00e9gelyes gyantameleg\u00edt\u0151 g\u00e9pben olvasszuk fel a gyanta gy\u00f6ngy\u00f6ket max h\u0151fokon<br \/>\nA gy\u00f6ngy\u00f6k felolvad\u00e1sa ut\u00e1n \u00e1ll\u00edtsuk med ( k\u00f6zepes ) meleg\u00edt\u00e9sre a g\u00e9pet \u00e9s v\u00e1rjunk amig visszah\u0171l kicsit<br \/>\nAmikor neh\u00e9z s\u0171r\u0171 kr\u00e9mes \u00e1llag\u00fa a gyanta akkor lehet dolgozni vele a b\u0151rnek kellemes meleg de sohasem forr\u00f3 \u00e9s foly\u00e9kony \u00e1llagot kell el\u00e9rni.<\/p>\n<p>Ide\u00e1lis h\u0151m\u00e9rs\u00e9klet digit\u00e1lis kijelz\u0151s g\u00e9pekn\u00e9l: 75-85 fokon tartani a gyant\u00e1t igy dolgozni vele.<br \/>\nMultiflex gyanta, ez\u00e9rt nincsenek szab\u00e1lyok b\u00e1rmerre felkenhet\u0151 \u00e9s leh\u00fazhat\u00f3 igy is marad\u00e9ktalanul t\u00e1vol\u00edtja el a leger\u0151sebb sz\u0151rsz\u00e1lakat \u00e9s pih\u00e9ket is.<br \/>\nA gyant\u00e1z\u00e1s ut\u00e1n nincs ragacsos \u00e9rz\u00e9s \u00e9s ha van gyantamaradv\u00e1ny azt mag\u00e1val a gyant\u00e1val t\u00e1vol\u00edtsuk el a b\u0151rr\u0151l.<br \/>\nGyant\u00e1z\u00e1s v\u00e9gezt\u00e9vel nincs kipirosod\u00e1s vagy megviselt esetleg kipattogzott b\u0151r.<br \/>\nColofomiumot nem tartalmaz ez\u00e9rt hiper\u00e9rz\u00e9keny b\u0151r\u0171ek is haszn\u00e1lhatj\u00e1k.<br \/>\nIngredients: Hidrogrenated Poly C 6-20 Olefin, Hidrogrenated, Microcrystalline Wax Ethylen \/ VA Colpolymer , Paraffin, Titanium Dioxid<\/p>\n<p><iframe title=\"California Summer Wax haszn\u00e1lata\" width=\"1140\" height=\"641\" src=\"https:\/\/www.youtube.com\/embed\/M8qgUti7pHU?feature=oembed&#038;enablejsapi=1&#038;origin=https:\/\/amicamiashop.com\" frameborder=\"0\" allow=\"accelerometer; autoplay; clipboard-write; encrypted-media; gyroscope; picture-in-picture; web-share\" referrerpolicy=\"strict-origin-when-cross-origin\" allowfullscreen><\/iframe><\/p>\n","protected":false},"excerpt":{"rendered":"<h5 class=\"serp-title\">Gyantagy\u00f6ngy California Summer Rosa By AmicaMia<\/h5>\n","protected":false},"featured_media":14226,"comment_status":"closed","ping_status":"closed","template":"","meta":[],"product_brand":[],"product_cat":[326,341],"product_tag":[],"class_list":{"0":"post-14225","1":"product","2":"type-product","3":"status-publish","4":"has-post-thumbnail","6":"product_cat-gyanta","7":"product_cat-intim-gyantak","9":"first","10":"instock","11":"taxable","12":"shipping-taxable","13":"purchasable","14":"product-type-simple"},"_links":{"self":[{"href":"https:\/\/amicamiashop.com\/hu\/wp-json\/wp\/v2\/product\/14225","targetHints":{"allow":["GET"]}}],"collection":[{"href":"https:\/\/amicamiashop.com\/hu\/wp-json\/wp\/v2\/product"}],"about":[{"href":"https:\/\/amicamiashop.com\/hu\/wp-json\/wp\/v2\/types\/product"}],"replies":[{"embeddable":true,"href":"https:\/\/amicamiashop.com\/hu\/wp-json\/wp\/v2\/comments?post=14225"}],"version-history":[{"count":2,"href":"https:\/\/amicamiashop.com\/hu\/wp-json\/wp\/v2\/product\/14225\/revisions"}],"predecessor-version":[{"id":15568,"href":"https:\/\/amicamiashop.com\/hu\/wp-json\/wp\/v2\/product\/14225\/revisions\/15568"}],"wp:featuredmedia":[{"embeddable":true,"href":"https:\/\/amicamiashop.com\/hu\/wp-json\/wp\/v2\/media\/14226"}],"wp:attachment":[{"href":"https:\/\/amicamiashop.com\/hu\/wp-json\/wp\/v2\/media?parent=14225"}],"wp:term":[{"taxonomy":"product_brand","embeddable":true,"href":"https:\/\/amicamiashop.com\/hu\/wp-json\/wp\/v2\/product_brand?post=14225"},{"taxonomy":"product_cat","embeddable":true,"href":"https:\/\/amicamiashop.com\/hu\/wp-json\/wp\/v2\/product_cat?post=14225"},{"taxonomy":"product_tag","embeddable":true,"href":"https:\/\/amicamiashop.com\/hu\/wp-json\/wp\/v2\/product_tag?post=14225"}],"curies":[{"name":"wp","href":"https:\/\/api.w.org\/{rel}","templated":true}]}}