{"id":14236,"date":"2026-03-03T23:28:36","date_gmt":"2026-03-03T23:28:36","guid":{"rendered":"https:\/\/amicamiashop.com\/?post_type=product&#038;p=14236"},"modified":"2026-04-14T15:03:54","modified_gmt":"2026-04-14T15:03:54","slug":"wonderlax-dark-violet","status":"publish","type":"product","link":"https:\/\/amicamiashop.com\/hu\/termek\/wonderlax-dark-violet\/","title":{"rendered":"Wonderlax Dark Violet"},"content":{"rendered":"<p><strong>Wonderlax Dark Violet<\/strong><\/p>\n<p>Intim gyanta gyantapap\u00edr n\u00e9lk\u00fcli haszn\u00e1lat<\/p>\n<p>Leg\u00fajabb elasztikus\u00a0<strong>gyantagy\u00f6ngy<\/strong>\u00a0Colophonium mentes hipoallerg\u00e9n\u00a0<strong><a href=\"https:\/\/xn--szrtelentgyanta-cpb70oia.hu\/termekek\/gyantak\/intim-gyantak\/\" target=\"_blank\" rel=\"noopener\">intim gyanta<\/a>\u00a01000<\/strong> gr-os zacsk\u00f3s kiszerel\u00e9sben k\u00fcl\u00f6nleges\u00a0<strong> Patsuli illattal.<\/strong><\/p>\n<p>Ide\u00e1lis arc \u00e9s intim ter\u00fcletek gyant\u00e1z\u00e1s\u00e1ra\u00a0 s\u00fcr\u00fc kr\u00e9mes \u00e1llag\u00fara meleg\u00edtve haszn\u00e1lhat\u00f3 alacsony olvad\u00e1s pont\u00fa gyanta. Els\u0151 sorban szakmai haszn\u00e1latra aj\u00e1nlott term\u00e9k.<\/p>\n<p>Nincs kipirosod\u00e1s, k\u00f6nny\u0171 \u00e9s szinte f\u00e1jdalom mentes gyant\u00e1z\u00e1st tesz lehet\u0151v\u00e9.<\/p>\n<p>Dark Violet Multiflex gyantagy\u00f6ngy Pastsuli illattal rendelhet\u0151 1 kg zacsk\u00f3s kiszerel\u00e9sben.<\/p>\n<p><strong><em><u>El\u0151nye a hagyom\u00e1nyos \u00e9s az egy\u00e9b elasztikus gyant\u00e1kkal szemben:<\/u><\/em><\/strong><\/p>\n<ul>\n<li><strong>Colofoniumot nem tartalmaz<\/strong><\/li>\n<li><strong>Alacsony h\u0151m\u00e9rs\u00e9kleten<\/strong>\u00a0haszn\u00e1lhat\u00f3 szuper elasztikus szintetikus gyanta<\/li>\n<li><strong>Multiflex<\/strong>\u00a0teh\u00e1t b\u00e1rmilyen ir\u00e1nyba felkenhet\u0151 \u00e9s let\u00e9phet\u0151<\/li>\n<li>Garant\u00e1ltan finom gyant\u00e1z\u00e1s,\u00a0<strong>f\u00e1jdalom n\u00e9lk\u00fcl<\/strong>\u00a0\u00e9s kipirosod\u00e1s n\u00e9lk\u00fcl<\/li>\n<li>Gyors haszn\u00e1lat l<strong>eh\u00faz\u00f3cs\u00edk n\u00e9lk\u00fcl alkalmazhat\u00f3,<\/strong>\u00a0mint spatul\u00e1s gyanta<\/li>\n<li><strong>A leg\u00e9rz\u00e9kenyebb<\/strong>\u00a0b\u0151r\u0171ek sz\u00e1m\u00e1ra kifejlesztve<\/li>\n<li>Soha sem a b\u0151rh\u00f6z,\u00a0<strong>csakis a sz\u0151rh\u00f6z tapad<\/strong>\u00a0ez\u00e1ltal a gyant\u00e1z\u00e1snak nincs nyoma.<\/li>\n<li>Mivel a m\u00e9g l\u00e1thatatlan \u00e9s n\u00f6v\u00e9sben l\u00e9v\u0151 sz\u0151r\u00f6ket is elt\u00e1vol\u00edtja, ez\u00e1ltal ritk\u00e1bban kell gyant\u00e1ztatni.<\/li>\n<li>Ritk\u00e1bban kell gyant\u00e1zni vagyis hosszabb ideig tart\u00f3s sima b\u0151r<\/li>\n<li><strong>L\u00e9zeres sz\u0151rtelen\u00edt\u00e9ssel egy\u00fctt is alkalmazhat\u00f3<\/strong>\u00a0sz\u0151rtelen\u00edt\u0151 elj\u00e1r\u00e1s<\/li>\n<\/ul>\n<p><strong>Haszn\u00e1lata:<\/strong><\/p>\n<ul>\n<li>T\u00e9gelyes gyantamelegit\u0151 g\u00e9pben olvasszuk fel a gyanta gy\u00f6ngy\u00f6ket max h\u0151fokon<\/li>\n<li>A gy\u00f6ngy\u00f6k felolvad\u00e1sa ut\u00e1n \u00e1llitsuk med ( k\u00f6zepes )melegit\u00e9sre a g\u00e9pet \u00e9s v\u00e1rjunk amig visszah\u00fcl kicsit<\/li>\n<li><strong>Amikor neh\u00e9z s\u00fcr\u00fc kr\u00e9mes \u00e1llag\u00fa a gyanta akkor lehet dolgozni<\/strong>\u00a0<strong>vele<\/strong>\u00a0a b\u0151rnek kellemes meleg de sohasem forr\u00f3 \u00e9s foly\u00e9kony \u00e1llagot kell el\u00e9rni.<\/li>\n<li>Ide\u00e1lis h\u0151m\u00e9rs\u00e9klet digit\u00e1lis kijelz\u0151s g\u00e9pekn\u00e9l: 75-90 fokon tartani a gyant\u00e1t igy dolgozni vele.<\/li>\n<li>Multiflex gyanta, ez\u00e9rt nincsenek szab\u00e1lyok b\u00e1rmerre felkenhet\u0151 \u00e9s leh\u00fazhat\u00f3 igy is marad\u00e9ktalanult\u00e1volitja el a leger\u0151sebb sz\u0151rsz\u00e1lakat \u00e9s pih\u00e9ket is.<\/li>\n<li>A gyant\u00e1z\u00e1s ut\u00e1n nincs ragacsos \u00e9rz\u00e9s \u00e9s ha van gyantamaradv\u00e1ny azt mag\u00e1val a gyant\u00e1val t\u00e1volitsuk el a b\u0151rr\u0151l.<\/li>\n<li>Gyant\u00e1z\u00e1s v\u00e9gezt\u00e9vel nincs kipirosod\u00e1s vagy megviselt esetleg kipattogzott b\u0151r.<\/li>\n<li>Colofomiumot nem tartalmaz hipoallerg\u00e9n szintetikus gyanta.<\/li>\n<\/ul>\n<p>&nbsp;<\/p>\n<p>Ingredients: Hydrogrenated Poly ( C6-20 Olefin ) Hydrogrenated Microcrystalline Wax, Ethylene\/ VA Copolymer, Paraffin, Parfum, Titanium Dioxide, Paraffinum Liquidium, Pentaerythrityl Tetra D-T Butyl, Hydroxyhydrocinnamate, CI60725, CI45410.<\/p>\n<p><iframe title=\"Wonderlax intim gyanta haszn\u00e1lata\" width=\"1140\" height=\"641\" src=\"https:\/\/www.youtube.com\/embed\/XZ7m6QkV15U?feature=oembed\" frameborder=\"0\" allow=\"accelerometer; autoplay; clipboard-write; encrypted-media; gyroscope; picture-in-picture; web-share\" referrerpolicy=\"strict-origin-when-cross-origin\" allowfullscreen><\/iframe><\/p>\n","protected":false},"excerpt":{"rendered":"<p>Wonderlax Dark Violet Intim gyanta gyantapap\u00edr n\u00e9lk\u00fcli haszn\u00e1lat Leg\u00fajabb elasztikus\u00a0gyantagy\u00f6ngy\u00a0Colophonium mentes hipoallerg\u00e9n\u00a0intim gyanta\u00a01000 gr-os zacsk\u00f3s kiszerel\u00e9sben k\u00fcl\u00f6nleges\u00a0 Patsuli illattal. Ide\u00e1lis arc \u00e9s intim ter\u00fcletek gyant\u00e1z\u00e1s\u00e1ra\u00a0 s\u00fcr\u00fc kr\u00e9mes \u00e1llag\u00fara meleg\u00edtve haszn\u00e1lhat\u00f3 alacsony olvad\u00e1s pont\u00fa gyanta. Els\u0151 sorban szakmai haszn\u00e1latra aj\u00e1nlott term\u00e9k. Nincs kipirosod\u00e1s, k\u00f6nny\u0171 \u00e9s szinte f\u00e1jdalom mentes gyant\u00e1z\u00e1st tesz lehet\u0151v\u00e9. Dark Violet Multiflex gyantagy\u00f6ngy Pastsuli [&hellip;]<\/p>\n","protected":false},"featured_media":6016,"comment_status":"closed","ping_status":"closed","template":"","meta":[],"product_brand":[],"product_cat":[326,341],"product_tag":[],"class_list":{"0":"post-14236","1":"product","2":"type-product","3":"status-publish","4":"has-post-thumbnail","6":"product_cat-gyanta","7":"product_cat-intim-gyantak","9":"first","10":"instock","11":"taxable","12":"shipping-taxable","13":"purchasable","14":"product-type-simple"},"_links":{"self":[{"href":"https:\/\/amicamiashop.com\/hu\/wp-json\/wp\/v2\/product\/14236","targetHints":{"allow":["GET"]}}],"collection":[{"href":"https:\/\/amicamiashop.com\/hu\/wp-json\/wp\/v2\/product"}],"about":[{"href":"https:\/\/amicamiashop.com\/hu\/wp-json\/wp\/v2\/types\/product"}],"replies":[{"embeddable":true,"href":"https:\/\/amicamiashop.com\/hu\/wp-json\/wp\/v2\/comments?post=14236"}],"version-history":[{"count":0,"href":"https:\/\/amicamiashop.com\/hu\/wp-json\/wp\/v2\/product\/14236\/revisions"}],"wp:featuredmedia":[{"embeddable":true,"href":"https:\/\/amicamiashop.com\/hu\/wp-json\/wp\/v2\/media\/6016"}],"wp:attachment":[{"href":"https:\/\/amicamiashop.com\/hu\/wp-json\/wp\/v2\/media?parent=14236"}],"wp:term":[{"taxonomy":"product_brand","embeddable":true,"href":"https:\/\/amicamiashop.com\/hu\/wp-json\/wp\/v2\/product_brand?post=14236"},{"taxonomy":"product_cat","embeddable":true,"href":"https:\/\/amicamiashop.com\/hu\/wp-json\/wp\/v2\/product_cat?post=14236"},{"taxonomy":"product_tag","embeddable":true,"href":"https:\/\/amicamiashop.com\/hu\/wp-json\/wp\/v2\/product_tag?post=14236"}],"curies":[{"name":"wp","href":"https:\/\/api.w.org\/{rel}","templated":true}]}}