{"id":14243,"date":"2026-03-03T23:36:14","date_gmt":"2026-03-03T23:36:14","guid":{"rendered":"https:\/\/amicamiashop.com\/?post_type=product&#038;p=14243"},"modified":"2026-03-10T10:03:32","modified_gmt":"2026-03-10T10:03:32","slug":"gyantapatron-zold-klorofill-100-ml","status":"publish","type":"product","link":"https:\/\/amicamiashop.com\/hu\/termek\/gyantapatron-zold-klorofill-100-ml\/","title":{"rendered":"Gyantapatron z\u00f6ld klorofill"},"content":{"rendered":"<p><strong>Gyantapatron z\u00f6ld klorofill 100 ml sz\u00e9les patronfejjel<\/strong><\/p>\n<p><strong>Alkalmaz\u00e1s:<\/strong> \u00e9rz\u00e9keny b\u0151rre, h\u00e1mk\u00e9pz\u0151 \u00e9s nyugtat\u00f3 hat\u00e1s\u00fa, gyant\u00e1z\u00e1s k\u00f6zben sem terheli a b\u0151rt. F\u00e9rfiak gyant\u00e1z\u00e1s\u00e1hoz, er\u0151s sz\u0151rh\u00f6z aj\u00e1nlott j\u00f3 tapad\u00e1s\u00fa gyanta t\u00edpus.<br \/>\n<strong>Haszn\u00e1lat:<\/strong> Hagyom\u00e1nyos patronos gyantameleg\u00edt\u0151ben felmeleg\u00edtve 15 perc alatt, gyantapap\u00edrral haszn\u00e1lhat\u00f3. T\u00f6k\u00e9letes \u00e9s k\u00edm\u00e9letes gyant\u00e1z\u00e1s selymes puha b\u0151r 3 h\u00e9tig.<\/p>\n<p><strong>Term\u00e9k adatok:\u00a0<\/strong>Pr\u00e9mium min\u0151s\u00e9g<br \/>\n<strong>SHOP inform\u00e1ci\u00f3:<\/strong><\/p>\n<p>Pr\u00e9mium min\u0151s\u00e9g\u0171 gyantapatronok sz\u00e9les v\u00e1laszt\u00e9kban megb\u00edzhat\u00f3 olasz min\u0151s\u00e9g \u00e9s kedvez\u0151 \u00e1rak. Az Amica Mia web\u00e1ruh\u00e1zban minden b\u0151r \u00e9s sz\u0151r t\u00edpusnak megfelel\u0151 gyantapatront megtal\u00e1l. Gyantapatron rendel\u00e9s\u00e9t leadhatja a webshopban emailen vagy telefonon is.<img decoding=\"async\" style=\"display: none;\" src=\"http:\/\/www.journeyom.life\/wp-content\/uploads\/2024\/05\/JOM-LOGO-VERT-WB.jpg\" alt=\"Wax heater machine Lcd screen Black\" \/><img decoding=\"async\" style=\"display: none;\" src=\"http:\/\/www.journeyom.life\/wp-content\/uploads\/2024\/05\/JOM-LOGO-VERT-WB.jpg\" alt=\"Wax heater machine Lcd screen Black\" \/><img decoding=\"async\" style=\"display: none;\" src=\"http:\/\/www.journeyom.life\/wp-content\/uploads\/2024\/05\/JOM-LOGO-VERT-WB.jpg\" alt=\"Wax heater machine Lcd screen Black\" \/><img decoding=\"async\" style=\"display: none;\" src=\"http:\/\/www.journeyom.life\/wp-content\/uploads\/2024\/05\/JOM-LOGO-VERT-WB.jpg\" alt=\"Wax heater machine Lcd screen Black\" \/><\/p>\n","protected":false},"excerpt":{"rendered":"<p>Gyantapatron z\u00f6ld klorofill 100 ml sz\u00e9les patronfejjel Alkalmaz\u00e1s: \u00e9rz\u00e9keny b\u0151rre, h\u00e1mk\u00e9pz\u0151 \u00e9s nyugtat\u00f3 hat\u00e1s\u00fa, gyant\u00e1z\u00e1s k\u00f6zben sem terheli a b\u0151rt. F\u00e9rfiak gyant\u00e1z\u00e1s\u00e1hoz, er\u0151s sz\u0151rh\u00f6z aj\u00e1nlott j\u00f3 tapad\u00e1s\u00fa gyanta t\u00edpus. Haszn\u00e1lat: Hagyom\u00e1nyos patronos gyantameleg\u00edt\u0151ben felmeleg\u00edtve 15 perc alatt, gyantapap\u00edrral haszn\u00e1lhat\u00f3. T\u00f6k\u00e9letes \u00e9s k\u00edm\u00e9letes gyant\u00e1z\u00e1s selymes puha b\u0151r 3 h\u00e9tig. Term\u00e9k adatok:\u00a0Pr\u00e9mium min\u0151s\u00e9g SHOP inform\u00e1ci\u00f3: Pr\u00e9mium min\u0151s\u00e9g\u0171 [&hellip;]<\/p>\n","protected":false},"featured_media":5840,"comment_status":"closed","ping_status":"closed","template":"","meta":[],"product_brand":[],"product_cat":[326,334],"product_tag":[],"class_list":{"0":"post-14243","1":"product","2":"type-product","3":"status-publish","4":"has-post-thumbnail","6":"product_cat-gyanta","7":"product_cat-gyantapatron","9":"first","10":"instock","11":"purchasable","12":"product-type-simple"},"_links":{"self":[{"href":"https:\/\/amicamiashop.com\/hu\/wp-json\/wp\/v2\/product\/14243","targetHints":{"allow":["GET"]}}],"collection":[{"href":"https:\/\/amicamiashop.com\/hu\/wp-json\/wp\/v2\/product"}],"about":[{"href":"https:\/\/amicamiashop.com\/hu\/wp-json\/wp\/v2\/types\/product"}],"replies":[{"embeddable":true,"href":"https:\/\/amicamiashop.com\/hu\/wp-json\/wp\/v2\/comments?post=14243"}],"version-history":[{"count":0,"href":"https:\/\/amicamiashop.com\/hu\/wp-json\/wp\/v2\/product\/14243\/revisions"}],"wp:featuredmedia":[{"embeddable":true,"href":"https:\/\/amicamiashop.com\/hu\/wp-json\/wp\/v2\/media\/5840"}],"wp:attachment":[{"href":"https:\/\/amicamiashop.com\/hu\/wp-json\/wp\/v2\/media?parent=14243"}],"wp:term":[{"taxonomy":"product_brand","embeddable":true,"href":"https:\/\/amicamiashop.com\/hu\/wp-json\/wp\/v2\/product_brand?post=14243"},{"taxonomy":"product_cat","embeddable":true,"href":"https:\/\/amicamiashop.com\/hu\/wp-json\/wp\/v2\/product_cat?post=14243"},{"taxonomy":"product_tag","embeddable":true,"href":"https:\/\/amicamiashop.com\/hu\/wp-json\/wp\/v2\/product_tag?post=14243"}],"curies":[{"name":"wp","href":"https:\/\/api.w.org\/{rel}","templated":true}]}}