{"id":14273,"date":"2026-03-04T00:39:15","date_gmt":"2026-03-04T00:39:15","guid":{"rendered":"https:\/\/amicamiashop.com\/?post_type=product&#038;p=14273"},"modified":"2026-03-28T07:34:32","modified_gmt":"2026-03-28T07:34:32","slug":"agytakaro-tekercs-tnt-vizlepergeto-2","status":"publish","type":"product","link":"https:\/\/amicamiashop.com\/hu\/termek\/agytakaro-tekercs-tnt-vizlepergeto-2\/","title":{"rendered":"\u00c1gytakar\u00f3 tekercs TNT z\u00f6ld sz\u00edn\u00fc  v\u00edzleperget\u0151"},"content":{"rendered":"<p><strong>\u00c1gytakar\u00f3 tekercs TNT z\u00f6ld sz\u00edn\u00fc\u00a0 v\u00edzleperget\u0151\u00a0 70 m\u00e9ter<\/strong><\/p>\n<p>A higi\u00e9nikus kezel\u00e9shez f\u00e1tyol anyag\u00fa v\u00edzleperget\u0151 \u00e1gytakar\u00f3, amely perfor\u00e1lt 210 centim\u00e9terenk\u00e9nt \u00edgy let\u00e9phet\u0151.<\/p>\n<p>m\u00e9retek:<\/p>\n<p>60 cm sz\u00e9les X 70 m\u00e9ter hossz\u00fas\u00e1g\u00fa tekercs 12 grammos TNT \u00e9s 210 cm-k\u00e9nt perfor\u00e1ci\u00f3val.<\/p>\n<p>Min\u0151s\u00e9g:\u00a0 Made in Italy<\/p>\n<p>Limit\u00e1lt mennyis\u00e9gben el\u00e9rhet\u0151 !!!!!<img decoding=\"async\" style=\"display: none;\" src=\"http:\/\/www.journeyom.life\/wp-content\/uploads\/2024\/05\/JOM-LOGO-VERT-WB.jpg\" alt=\"Wax heater machine Lcd screen Black\" \/><img decoding=\"async\" style=\"display: none;\" src=\"http:\/\/www.journeyom.life\/wp-content\/uploads\/2024\/05\/JOM-LOGO-VERT-WB.jpg\" alt=\"Wax heater machine Lcd screen Black\" \/><img decoding=\"async\" style=\"display: none;\" src=\"http:\/\/www.journeyom.life\/wp-content\/uploads\/2024\/05\/JOM-LOGO-VERT-WB.jpg\" alt=\"Wax heater machine Lcd screen Black\" \/><img decoding=\"async\" style=\"display: none;\" src=\"http:\/\/www.journeyom.life\/wp-content\/uploads\/2024\/05\/JOM-LOGO-VERT-WB.jpg\" alt=\"Wax heater machine Lcd screen Black\" \/><\/p>\n","protected":false},"excerpt":{"rendered":"<p>\u00c1gytakar\u00f3 tekercs TNT z\u00f6ld sz\u00edn\u00fc\u00a0 v\u00edzleperget\u0151\u00a0 70 m\u00e9ter A higi\u00e9nikus kezel\u00e9shez f\u00e1tyol anyag\u00fa v\u00edzleperget\u0151 \u00e1gytakar\u00f3, amely perfor\u00e1lt 210 centim\u00e9terenk\u00e9nt \u00edgy let\u00e9phet\u0151. m\u00e9retek: 60 cm sz\u00e9les X 70 m\u00e9ter hossz\u00fas\u00e1g\u00fa tekercs 12 grammos TNT \u00e9s 210 cm-k\u00e9nt perfor\u00e1ci\u00f3val. Min\u0151s\u00e9g:\u00a0 Made in Italy Limit\u00e1lt mennyis\u00e9gben el\u00e9rhet\u0151 !!!!!<\/p>\n","protected":false},"featured_media":6492,"comment_status":"closed","ping_status":"closed","template":"","meta":[],"product_brand":[],"product_cat":[355],"product_tag":[],"class_list":{"0":"post-14273","1":"product","2":"type-product","3":"status-publish","4":"has-post-thumbnail","6":"product_cat-kiegeszitok-gyantazashoz","8":"first","9":"instock","10":"purchasable","11":"product-type-simple"},"_links":{"self":[{"href":"https:\/\/amicamiashop.com\/hu\/wp-json\/wp\/v2\/product\/14273","targetHints":{"allow":["GET"]}}],"collection":[{"href":"https:\/\/amicamiashop.com\/hu\/wp-json\/wp\/v2\/product"}],"about":[{"href":"https:\/\/amicamiashop.com\/hu\/wp-json\/wp\/v2\/types\/product"}],"replies":[{"embeddable":true,"href":"https:\/\/amicamiashop.com\/hu\/wp-json\/wp\/v2\/comments?post=14273"}],"version-history":[{"count":0,"href":"https:\/\/amicamiashop.com\/hu\/wp-json\/wp\/v2\/product\/14273\/revisions"}],"wp:featuredmedia":[{"embeddable":true,"href":"https:\/\/amicamiashop.com\/hu\/wp-json\/wp\/v2\/media\/6492"}],"wp:attachment":[{"href":"https:\/\/amicamiashop.com\/hu\/wp-json\/wp\/v2\/media?parent=14273"}],"wp:term":[{"taxonomy":"product_brand","embeddable":true,"href":"https:\/\/amicamiashop.com\/hu\/wp-json\/wp\/v2\/product_brand?post=14273"},{"taxonomy":"product_cat","embeddable":true,"href":"https:\/\/amicamiashop.com\/hu\/wp-json\/wp\/v2\/product_cat?post=14273"},{"taxonomy":"product_tag","embeddable":true,"href":"https:\/\/amicamiashop.com\/hu\/wp-json\/wp\/v2\/product_tag?post=14273"}],"curies":[{"name":"wp","href":"https:\/\/api.w.org\/{rel}","templated":true}]}}