{"id":14303,"date":"2026-03-04T00:55:17","date_gmt":"2026-03-04T00:55:17","guid":{"rendered":"https:\/\/amicamiashop.com\/product\/wooden-spatula-mini-pack-of-100\/"},"modified":"2026-04-27T05:57:28","modified_gmt":"2026-04-27T05:57:28","slug":"fa-spatula-mini-100-db-os-csomag","status":"publish","type":"product","link":"https:\/\/amicamiashop.com\/hu\/termek\/fa-spatula-mini-100-db-os-csomag\/","title":{"rendered":"Fa spatula mini \/ 100 db \u2013 os csomag"},"content":{"rendered":"<p>Fa spatula mini 100 db -os csomag szem\u00f6ld\u00f6k \u00e9s orr gyant\u00e1z\u00e1s\u00e1hoz<\/p>\n","protected":false},"excerpt":{"rendered":"<p>Fa spatula mini 100 db -os csomag szem\u00f6ld\u00f6k \u00e9s orr gyant\u00e1z\u00e1s\u00e1hoz<\/p>\n","protected":false},"featured_media":14304,"comment_status":"closed","ping_status":"closed","template":"","meta":[],"product_brand":[],"product_cat":[355],"product_tag":[],"class_list":{"0":"post-14303","1":"product","2":"type-product","3":"status-publish","4":"has-post-thumbnail","6":"product_cat-kiegeszitok-gyantazashoz","8":"first","9":"instock","10":"taxable","11":"shipping-taxable","12":"purchasable","13":"product-type-simple"},"_links":{"self":[{"href":"https:\/\/amicamiashop.com\/hu\/wp-json\/wp\/v2\/product\/14303","targetHints":{"allow":["GET"]}}],"collection":[{"href":"https:\/\/amicamiashop.com\/hu\/wp-json\/wp\/v2\/product"}],"about":[{"href":"https:\/\/amicamiashop.com\/hu\/wp-json\/wp\/v2\/types\/product"}],"replies":[{"embeddable":true,"href":"https:\/\/amicamiashop.com\/hu\/wp-json\/wp\/v2\/comments?post=14303"}],"version-history":[{"count":0,"href":"https:\/\/amicamiashop.com\/hu\/wp-json\/wp\/v2\/product\/14303\/revisions"}],"wp:featuredmedia":[{"embeddable":true,"href":"https:\/\/amicamiashop.com\/hu\/wp-json\/wp\/v2\/media\/14304"}],"wp:attachment":[{"href":"https:\/\/amicamiashop.com\/hu\/wp-json\/wp\/v2\/media?parent=14303"}],"wp:term":[{"taxonomy":"product_brand","embeddable":true,"href":"https:\/\/amicamiashop.com\/hu\/wp-json\/wp\/v2\/product_brand?post=14303"},{"taxonomy":"product_cat","embeddable":true,"href":"https:\/\/amicamiashop.com\/hu\/wp-json\/wp\/v2\/product_cat?post=14303"},{"taxonomy":"product_tag","embeddable":true,"href":"https:\/\/amicamiashop.com\/hu\/wp-json\/wp\/v2\/product_tag?post=14303"}],"curies":[{"name":"wp","href":"https:\/\/api.w.org\/{rel}","templated":true}]}}