{"id":14910,"date":"2026-03-21T20:24:26","date_gmt":"2026-03-21T20:24:26","guid":{"rendered":"https:\/\/amicamiashop.com\/product\/post-wax-body-oil-1000-ml\/"},"modified":"2026-03-21T20:28:57","modified_gmt":"2026-03-21T20:28:57","slug":"gyantazas-utani-olaj-soia-es-koromvirag-kivonattal-1000-ml","status":"publish","type":"product","link":"https:\/\/amicamiashop.com\/hu\/termek\/gyantazas-utani-olaj-soia-es-koromvirag-kivonattal-1000-ml\/","title":{"rendered":"Gyant\u00e1z\u00e1s ut\u00e1ni olaj Soia \u00e9s K\u00f6r\u00f6mvir\u00e1g kivonattal 1000 ml"},"content":{"rendered":"<p>Gyeng\u00e9den elt\u00e1vol\u00edtja a gyantamaradv\u00e1nyokat, tiszt\u00e1v\u00e1 \u00e9s friss\u00e9 var\u00e1zsolja a b\u0151rt. A formula term\u00e9szetes sz\u00f3jaolajjal \u00e9s k\u00f6r\u00f6mvir\u00e1g-kivonattal gazdag\u00edtott, amelyek t\u00e1pl\u00e1l\u00f3 \u00e9s nyugtat\u00f3 tulajdons\u00e1gaikr\u00f3l ismertek, \u00e9s seg\u00edtenek cs\u00f6kkenteni a b\u0151rp\u00edrt \u00e9s az irrit\u00e1ci\u00f3t.<br \/>\n<strong>Figyelmeztet\u00e9sek:<\/strong> Ne haszn\u00e1lja s\u00e9r\u00fclt, irrit\u00e1lt vagy k\u00fcl\u00f6n\u00f6sen \u00e9rz\u00e9keny b\u0151r\u00f6n. Gyermekekt\u0151l elz\u00e1rva tartand\u00f3.<\/p>\n<p><strong>Ingredients:<\/strong> GlycineSoja Oil ( Soybean )Oil, Paraffinum Liquidium ( Mineral Oil) Caprylic Capric Tryglyceride, Menthol,CalendulaOfficinalis Flower Extract, Penthaerythrithyl Tetra-Di-T-Butyl Hydroxyhydrocinnamate,Parfum,Eucaliptus Globulus Oil, Camphor, , Limonene, Linalool, Terpineol Pinene, Geraniol, Terpinolene, Alpha- Terpinene.REV-A<\/p>\n","protected":false},"excerpt":{"rendered":"<p>Gyeng\u00e9den elt\u00e1vol\u00edtja a gyantamaradv\u00e1nyokat, tiszt\u00e1v\u00e1 \u00e9s friss\u00e9 var\u00e1zsolja a b\u0151rt. A formula term\u00e9szetes sz\u00f3jaolajjal \u00e9s k\u00f6r\u00f6mvir\u00e1g-kivonattal gazdag\u00edtott, amelyek t\u00e1pl\u00e1l\u00f3 \u00e9s nyugtat\u00f3 tulajdons\u00e1gaikr\u00f3l ismertek, \u00e9s seg\u00edtenek cs\u00f6kkenteni a b\u0151rp\u00edrt \u00e9s az irrit\u00e1ci\u00f3t. Figyelmeztet\u00e9sek: Ne haszn\u00e1lja s\u00e9r\u00fclt, irrit\u00e1lt vagy k\u00fcl\u00f6n\u00f6sen \u00e9rz\u00e9keny b\u0151r\u00f6n. Gyermekekt\u0151l elz\u00e1rva tartand\u00f3. Ingredients: GlycineSoja Oil ( Soybean )Oil, Paraffinum Liquidium ( Mineral Oil) Caprylic [&hellip;]<\/p>\n","protected":false},"featured_media":14911,"comment_status":"closed","ping_status":"closed","template":"","meta":[],"product_brand":[],"product_cat":[345],"product_tag":[],"class_list":{"0":"post-14910","1":"product","2":"type-product","3":"status-publish","4":"has-post-thumbnail","6":"product_cat-elo-uto-apolo-termekek","8":"first","9":"instock","10":"purchasable","11":"product-type-simple"},"_links":{"self":[{"href":"https:\/\/amicamiashop.com\/hu\/wp-json\/wp\/v2\/product\/14910","targetHints":{"allow":["GET"]}}],"collection":[{"href":"https:\/\/amicamiashop.com\/hu\/wp-json\/wp\/v2\/product"}],"about":[{"href":"https:\/\/amicamiashop.com\/hu\/wp-json\/wp\/v2\/types\/product"}],"replies":[{"embeddable":true,"href":"https:\/\/amicamiashop.com\/hu\/wp-json\/wp\/v2\/comments?post=14910"}],"version-history":[{"count":0,"href":"https:\/\/amicamiashop.com\/hu\/wp-json\/wp\/v2\/product\/14910\/revisions"}],"wp:featuredmedia":[{"embeddable":true,"href":"https:\/\/amicamiashop.com\/hu\/wp-json\/wp\/v2\/media\/14911"}],"wp:attachment":[{"href":"https:\/\/amicamiashop.com\/hu\/wp-json\/wp\/v2\/media?parent=14910"}],"wp:term":[{"taxonomy":"product_brand","embeddable":true,"href":"https:\/\/amicamiashop.com\/hu\/wp-json\/wp\/v2\/product_brand?post=14910"},{"taxonomy":"product_cat","embeddable":true,"href":"https:\/\/amicamiashop.com\/hu\/wp-json\/wp\/v2\/product_cat?post=14910"},{"taxonomy":"product_tag","embeddable":true,"href":"https:\/\/amicamiashop.com\/hu\/wp-json\/wp\/v2\/product_tag?post=14910"}],"curies":[{"name":"wp","href":"https:\/\/api.w.org\/{rel}","templated":true}]}}