{"id":14923,"date":"2026-03-21T20:36:00","date_gmt":"2026-03-21T20:36:00","guid":{"rendered":"https:\/\/amicamiashop.com\/product\/depilatory-cream-for-arms-legs-150-ml\/"},"modified":"2026-04-02T18:47:49","modified_gmt":"2026-04-02T18:47:49","slug":"szortelenito-krem","status":"publish","type":"product","link":"https:\/\/amicamiashop.com\/hu\/termek\/szortelenito-krem\/","title":{"rendered":"Sz\u0151rtelen\u00edt\u0151 kr\u00e9m Sensit\u00edv kar-l\u00e1b 150ml"},"content":{"rendered":"<p>A kr\u00e9m a gyeng\u00e9debb \u00e9s f\u00e1jdalommentes m\u00f3dja a nem k\u00edv\u00e1nt sz\u0151rzet elt\u00e1vol\u00edt\u00e1s\u00e1nak a karokr\u00f3l, l\u00e1bakr\u00f3l, hasr\u00f3l \u00e9s a bikinivonalr\u00f3l.<\/p>\n<p>Bio Aloe ver\u00e1val \u00e9s Bio Kamill\u00e1val, valamint puh\u00edt\u00f3 \u00e9s hidrat\u00e1l\u00f3 hat\u00f3anyagokkal, a formul\u00e1ja hat\u00e9konyan \u00e9s gyorsan elt\u00e1vol\u00edtja a sz\u0151rsz\u00e1lakat, mik\u00f6zben rendk\u00edv\u00fcl finomm\u00e1 \u00e9s puh\u00e1v\u00e1 var\u00e1zsolja a b\u0151rt. 5 perc alatt hat.<\/p>\n<p><strong>Ingredients:<\/strong> Aqua ( Water ) Calcium Trioglycolate, Cetearyl Alcohol, Lanolin, Paraffinum Liquidium (Mineral Oil ) Urea, Sodium Hydroxide, Celeareth-25, PEG-8 Stearethe, PEG-8 Stearethe, Glyceryl Stearate Parfum, Aloe Barbedensis Leaf Exract, Camomilla Recutita Flower Extract ( Camomilla Recutita ( Matricaria) Benzyl Salicylate, HexylCinnamal,Citronellol.<\/p>\n<p>The packet contains: 1 Depilatory Cream in Tube 150 ml , 1 Spatula<br \/>\nLa confeczione: 1 tubo Crema Depilaria 150 ml,1 Spatola,<br \/>\nDERMATOLOGICAL TESTATA \/ DERMATOLOGICALLY TESTED<br \/>\nHaszn\u00e1lati ustas\u00edt\u00e1s<\/p>\n<p>Tiszt\u00edtsa meg alaposan a sz\u0151rtelen\u00edteni k\u00edv\u00e1nt ter\u00fcletet. Vigyen fel vastag kr\u00e9mr\u00e9teget egyenletesen a megfelel\u0151 spatul\u00e1val, hogy a sz\u0151rzetet teljesen befedje. Hagyja hatni 5, de legfeljebb 8 percig. V\u00e9gezzen pr\u00f3b\u00e1t a kezelt ter\u00fclet egy kis r\u00e9sz\u00e9n a megfelel\u0151 spatul\u00e1val, majd alaposan \u00f6bl\u00edtse le v\u00edzzel.<\/p>\n","protected":false},"excerpt":{"rendered":"<p>Sz\u0151rtelen\u00edt\u0151 kr\u00e9m 150 ml-es tubusban, exkluz\u00edv bio formul\u00e1val.<\/p>\n","protected":false},"featured_media":14924,"comment_status":"closed","ping_status":"closed","template":"","meta":[],"product_brand":[],"product_cat":[363],"product_tag":[],"class_list":{"0":"post-14923","1":"product","2":"type-product","3":"status-publish","4":"has-post-thumbnail","6":"product_cat-otthoni-gyantak","8":"first","9":"instock","10":"taxable","11":"shipping-taxable","12":"purchasable","13":"product-type-simple"},"_links":{"self":[{"href":"https:\/\/amicamiashop.com\/hu\/wp-json\/wp\/v2\/product\/14923","targetHints":{"allow":["GET"]}}],"collection":[{"href":"https:\/\/amicamiashop.com\/hu\/wp-json\/wp\/v2\/product"}],"about":[{"href":"https:\/\/amicamiashop.com\/hu\/wp-json\/wp\/v2\/types\/product"}],"replies":[{"embeddable":true,"href":"https:\/\/amicamiashop.com\/hu\/wp-json\/wp\/v2\/comments?post=14923"}],"version-history":[{"count":0,"href":"https:\/\/amicamiashop.com\/hu\/wp-json\/wp\/v2\/product\/14923\/revisions"}],"wp:featuredmedia":[{"embeddable":true,"href":"https:\/\/amicamiashop.com\/hu\/wp-json\/wp\/v2\/media\/14924"}],"wp:attachment":[{"href":"https:\/\/amicamiashop.com\/hu\/wp-json\/wp\/v2\/media?parent=14923"}],"wp:term":[{"taxonomy":"product_brand","embeddable":true,"href":"https:\/\/amicamiashop.com\/hu\/wp-json\/wp\/v2\/product_brand?post=14923"},{"taxonomy":"product_cat","embeddable":true,"href":"https:\/\/amicamiashop.com\/hu\/wp-json\/wp\/v2\/product_cat?post=14923"},{"taxonomy":"product_tag","embeddable":true,"href":"https:\/\/amicamiashop.com\/hu\/wp-json\/wp\/v2\/product_tag?post=14923"}],"curies":[{"name":"wp","href":"https:\/\/api.w.org\/{rel}","templated":true}]}}