{"id":14947,"date":"2026-03-21T20:49:29","date_gmt":"2026-03-21T20:49:29","guid":{"rendered":"https:\/\/amicamiashop.com\/product\/after-hair-removal-sooting-oil-500-ml\/"},"modified":"2026-04-20T15:56:30","modified_gmt":"2026-04-20T15:56:30","slug":"gyantazas-utani-tisztito-olaj","status":"publish","type":"product","link":"https:\/\/amicamiashop.com\/hu\/termek\/gyantazas-utani-tisztito-olaj\/","title":{"rendered":"Gyant\u00e1z\u00e1s ut\u00e1ni nyugtat\u00f3 olaj 500ml"},"content":{"rendered":"<p>Ide\u00e1lis a gyant\u00e1z\u00e1s ut\u00e1ni tiszt\u00edt\u00f3 olaj b\u0151r\u00e1pol\u00e1shoz, elt\u00e1vol\u00edtja a b\u0151r\u00f6n maradt gyantamaradv\u00e1nyokat \u00e9s gyeng\u00e9den megnyugatatja a b\u0151rt.<\/p>\n<p>Term\u00e9szetes kukoricaolajjal \u00e9s k\u00f6r\u00f6mvir\u00e1g kivonattal gazdag\u00edtott formul\u00e1ja t\u00e1pl\u00e1l\u00f3 \u00e9s nyugtat\u00f3 tulajdons\u00e1gokkal rendelkezik, amelyek seg\u00edtenek cs\u00f6kkenteni a b\u0151rp\u00edrt \u00e9s az irrit\u00e1ci\u00f3t. A b\u0151r hossz\u00fa ideig sima \u00e9s puha marad.<\/p>\n<p><strong>Ingredients:<\/strong> Paraffinum Liquidium ( Mineral Oil ) Zea Mais Oil, Isophrophyl Myristae, Menthol, Capryc Tryglyceride, Calendula Officinalis Flower Extract, Parfum BHA BHT Geraniol, Linaol, Limonine.<\/p>\n","protected":false},"excerpt":{"rendered":"<p>Ide\u00e1lis a gyant\u00e1z\u00e1s ut\u00e1ni tiszt\u00edt\u00f3 olaj b\u0151r\u00e1pol\u00e1shoz, elt\u00e1vol\u00edtja a b\u0151r\u00f6n maradt gyantamaradv\u00e1nyokat \u00e9s gyeng\u00e9den megnyugatatja a b\u0151rt. Term\u00e9szetes kukoricaolajjal \u00e9s k\u00f6r\u00f6mvir\u00e1g kivonattal gazdag\u00edtott formul\u00e1ja t\u00e1pl\u00e1l\u00f3 \u00e9s nyugtat\u00f3 tulajdons\u00e1gokkal rendelkezik, amelyek seg\u00edtenek cs\u00f6kkenteni a b\u0151rp\u00edrt \u00e9s az irrit\u00e1ci\u00f3t. A b\u0151r hossz\u00fa ideig sima \u00e9s puha marad. Ingredients: Paraffinum Liquidium ( Mineral Oil ) Zea Mais Oil, [&hellip;]<\/p>\n","protected":false},"featured_media":14948,"comment_status":"closed","ping_status":"closed","template":"","meta":[],"product_brand":[],"product_cat":[345],"product_tag":[],"class_list":{"0":"post-14947","1":"product","2":"type-product","3":"status-publish","4":"has-post-thumbnail","6":"product_cat-elo-uto-apolo-termekek","8":"first","9":"instock","10":"taxable","11":"shipping-taxable","12":"purchasable","13":"product-type-simple"},"_links":{"self":[{"href":"https:\/\/amicamiashop.com\/hu\/wp-json\/wp\/v2\/product\/14947","targetHints":{"allow":["GET"]}}],"collection":[{"href":"https:\/\/amicamiashop.com\/hu\/wp-json\/wp\/v2\/product"}],"about":[{"href":"https:\/\/amicamiashop.com\/hu\/wp-json\/wp\/v2\/types\/product"}],"replies":[{"embeddable":true,"href":"https:\/\/amicamiashop.com\/hu\/wp-json\/wp\/v2\/comments?post=14947"}],"version-history":[{"count":0,"href":"https:\/\/amicamiashop.com\/hu\/wp-json\/wp\/v2\/product\/14947\/revisions"}],"wp:featuredmedia":[{"embeddable":true,"href":"https:\/\/amicamiashop.com\/hu\/wp-json\/wp\/v2\/media\/14948"}],"wp:attachment":[{"href":"https:\/\/amicamiashop.com\/hu\/wp-json\/wp\/v2\/media?parent=14947"}],"wp:term":[{"taxonomy":"product_brand","embeddable":true,"href":"https:\/\/amicamiashop.com\/hu\/wp-json\/wp\/v2\/product_brand?post=14947"},{"taxonomy":"product_cat","embeddable":true,"href":"https:\/\/amicamiashop.com\/hu\/wp-json\/wp\/v2\/product_cat?post=14947"},{"taxonomy":"product_tag","embeddable":true,"href":"https:\/\/amicamiashop.com\/hu\/wp-json\/wp\/v2\/product_tag?post=14947"}],"curies":[{"name":"wp","href":"https:\/\/api.w.org\/{rel}","templated":true}]}}