{"id":15206,"date":"2026-04-13T09:41:32","date_gmt":"2026-04-13T09:41:32","guid":{"rendered":"https:\/\/amicamiashop.com\/product\/resin-heating-machine-pro-wax\/"},"modified":"2026-04-19T21:06:53","modified_gmt":"2026-04-19T21:06:53","slug":"gyantamelegito","status":"publish","type":"product","link":"https:\/\/amicamiashop.com\/hu\/termek\/gyantamelegito\/","title":{"rendered":"Gyantameleg\u00edt\u0151 g\u00e9p Pro Wax"},"content":{"rendered":"<p>\u00daj Gyantameleg\u00edt\u0151\u00a0Pro Wax<\/p>\n<p>\u00daj Pro Wax gyanta \u00e9s paraffin meleg\u00edt\u0151 g\u00e9p kivehet\u0151 tart\u00e1llyal : 400-500 ml es<\/p>\n<p>Manu\u00e1lisan \u00e1ll\u00edthat\u00f3 h\u0151fok szab\u00e1lyz\u00f3val \u00e9s be\u00e9p\u00edtett termoszt\u00e1ttal valamint m\u0171anyag levehet\u0151 tet\u0151vel, \u00e9s kivehet\u0151 f\u00e9m ed\u00e9nnyel.<\/p>\n<p>Gyors \u00e9s megb\u00edzhat\u00f3 gyanta vagy paraffin meleg\u00edt\u00e9s a k\u00edv\u00e1nt h\u0151fokra 15 perc alatt.<\/p>\n<p>Technikai adatok : 220-240 V 50 Herz 100 Watt<\/p>\n","protected":false},"excerpt":{"rendered":"<p>\u00daj Gyantameleg\u00edt\u0151 Pro Wax 100 New<\/p>\n","protected":false},"featured_media":15207,"comment_status":"closed","ping_status":"closed","template":"","meta":[],"product_brand":[],"product_cat":[347,353],"product_tag":[],"class_list":{"0":"post-15206","1":"product","2":"type-product","3":"status-publish","4":"has-post-thumbnail","6":"product_cat-gyantamelegito-gepek","7":"product_cat-gyantamelegitok","9":"first","10":"instock","11":"taxable","12":"shipping-taxable","13":"purchasable","14":"product-type-simple"},"_links":{"self":[{"href":"https:\/\/amicamiashop.com\/hu\/wp-json\/wp\/v2\/product\/15206","targetHints":{"allow":["GET"]}}],"collection":[{"href":"https:\/\/amicamiashop.com\/hu\/wp-json\/wp\/v2\/product"}],"about":[{"href":"https:\/\/amicamiashop.com\/hu\/wp-json\/wp\/v2\/types\/product"}],"replies":[{"embeddable":true,"href":"https:\/\/amicamiashop.com\/hu\/wp-json\/wp\/v2\/comments?post=15206"}],"version-history":[{"count":4,"href":"https:\/\/amicamiashop.com\/hu\/wp-json\/wp\/v2\/product\/15206\/revisions"}],"predecessor-version":[{"id":15547,"href":"https:\/\/amicamiashop.com\/hu\/wp-json\/wp\/v2\/product\/15206\/revisions\/15547"}],"wp:featuredmedia":[{"embeddable":true,"href":"https:\/\/amicamiashop.com\/hu\/wp-json\/wp\/v2\/media\/15207"}],"wp:attachment":[{"href":"https:\/\/amicamiashop.com\/hu\/wp-json\/wp\/v2\/media?parent=15206"}],"wp:term":[{"taxonomy":"product_brand","embeddable":true,"href":"https:\/\/amicamiashop.com\/hu\/wp-json\/wp\/v2\/product_brand?post=15206"},{"taxonomy":"product_cat","embeddable":true,"href":"https:\/\/amicamiashop.com\/hu\/wp-json\/wp\/v2\/product_cat?post=15206"},{"taxonomy":"product_tag","embeddable":true,"href":"https:\/\/amicamiashop.com\/hu\/wp-json\/wp\/v2\/product_tag?post=15206"}],"curies":[{"name":"wp","href":"https:\/\/api.w.org\/{rel}","templated":true}]}}