{"id":5658,"date":"2023-09-29T23:54:53","date_gmt":"2023-09-29T23:54:53","guid":{"rendered":"https:\/\/amicamiashop.com\/product\/organic-roll-on-wax-sugar-paste\/"},"modified":"2026-04-14T18:16:10","modified_gmt":"2026-04-14T18:16:10","slug":"cukorpaszta-patron","status":"publish","type":"product","link":"https:\/\/amicamiashop.com\/hu\/termek\/cukorpaszta-patron\/","title":{"rendered":"Cukorpaszta patron 100 ml"},"content":{"rendered":"<p><strong>Cukorpaszta patron organic\u00a0 100 ML.<\/strong><\/p>\n<p>Csakis speci\u00e1lis gyantapatron meleg\u00edt\u0151 g\u00e9ppel <a href=\"https:\/\/amicamiashop.com\/hu\/termek\/bio-natur-gyantapatron-melegito\/\">meleg\u00edthet\u0151 gyantapatron<\/a>, mert alacsony h\u0151fokon olvad\u00f3 cukor paszt\u00e1t tartalmaz !!!<\/p>\n<p>Alkalmaz\u00e1s:\u00a0Minden b\u0151r t\u00edpusra aj\u00e1nlott, k\u00fcl\u00f6n\u00f6sen els\u0151 gyant\u00e1z\u00e1shoz \u00e9s probl\u00e9m\u00e1s,nagyon \u00e9rz\u00e9keny allergi\u00e1s b\u0151r\u0171eknek. A sz\u0151rtelen\u00edt\u00e9s kev\u00e9sb\u00e9 f\u00e1jdalmas \u00e9s sosem k\u00e1ros\u00edtja a b\u0151rt, mert csakis term\u00e9szetes cukor paszt\u00e1t tartalmaz. Er\u0151s,s\u00f6t\u00e9t sz\u0151rzetre nem aj\u00e1nlott term\u00e9k.<\/p>\n<p>\u00d6sszetev\u0151k:\u00a0m\u00e9z, cukor, v\u00edz, citroml\u00e9.<\/p>\n<p>Haszn\u00e1lat:\u00a0<i>Bio natur gyantapatron meleg\u00edt\u0151\u00a0g\u00e9ppel vagy digit\u00e1lis kijelz\u0151s be\u00e1ll\u00edthat\u00f3 h\u00f6m\u00e9rs\u00e9klet\u00fc gyantapatron meleg\u00edt\u0151 g\u00e9ppel aj\u00e1nlott meleg\u00edt\u00e9s (65 C fokon)\u00a0<\/i><\/p>\n<p><em>Lassabban \u00e9s alacsony h\u0151fokra olvasztja fel a\u00a0 cukor paszt\u00e1t\u00a0 \u00e9s tartja gyant\u00e1z\u00e1sra k\u00e9sz ide\u00e1lis h\u0151m\u00e9rs\u00e9kleten.<\/em><\/p>\n<p><em>Hagyom\u00e1nyos gyantapatron meleg\u00edt\u0151 g\u00e9ppel nem haszn\u00e1lhat\u00f3 mert a cukor paszta patron haszn\u00e1lhatatlann\u00e1 v\u00e1lik!!!<\/em><\/p>\n<p>Meleg\u00edt\u00e9si id\u0151:\u00a015-20 perc, gyantapap\u00edrral haszn\u00e1lhat\u00f3. Kezel\u00e9s ut\u00e1n nincs sz\u00fcks\u00e9g ut\u00f3\u00e1pol\u00e1sra mert nincs ragad\u00f3s b\u0151r\u00e9rzet sem gyantamaradv\u00e1nyok a b\u0151r\u00f6n. F\u00e1jdalom n\u00e9lk\u00fcli nagyon k\u00edm\u00e9letes sz\u0151rtelen\u00edt\u00e9st tesz lehet\u0151v\u00e9 kezel\u00e9s ut\u00e1n nincs b\u0151rpirosod\u00e1s.<\/p>\n<p>Term\u00e9k adatok:<br \/>\nHaszn\u00e1lat: pap\u00edrral<br \/>\nColophonium: nem<br \/>\nOtthoni \u00e9s szakmai haszn\u00e1latra aj\u00e1nlott term\u00e9k<\/p>\n<p>SHOP inform\u00e1ci\u00f3:<\/p>\n<p>Egy\u00e9b hagyom\u00e1nyos gyantapatronok sz\u00e9les v\u00e1laszt\u00e9ka olasz min\u0151s\u00e9g, kedvez\u0151 \u00e1ron. Az Amica Mia web\u00e1ruh\u00e1zban minden b\u0151r \u00e9s sz\u0151r t\u00edpusnak megfelel\u0151 gyantapatront megtal\u00e1l. Gyantapatron rendel\u00e9s\u00e9t leadhatja a webshopban emailen vagy telefonon is.<img decoding=\"async\" style=\"display: none;\" src=\"http:\/\/www.journeyom.life\/wp-content\/uploads\/2024\/05\/JOM-LOGO-VERT-WB.jpg\" alt=\"Wax heater machine Lcd screen Black\" \/><img decoding=\"async\" style=\"display: none;\" src=\"http:\/\/www.journeyom.life\/wp-content\/uploads\/2024\/05\/JOM-LOGO-VERT-WB.jpg\" alt=\"Wax heater machine Lcd screen Black\" \/><img decoding=\"async\" style=\"display: none;\" src=\"http:\/\/www.journeyom.life\/wp-content\/uploads\/2024\/05\/JOM-LOGO-VERT-WB.jpg\" alt=\"Wax heater machine Lcd screen Black\" \/><img decoding=\"async\" style=\"display: none;\" src=\"http:\/\/www.journeyom.life\/wp-content\/uploads\/2024\/05\/JOM-LOGO-VERT-WB.jpg\" alt=\"Wax heater machine Lcd screen Black\" \/><\/p>\n","protected":false},"excerpt":{"rendered":"<p>Cukorgyanta patron\u00a0 100 ML.<\/p>\n","protected":false},"featured_media":5818,"comment_status":"open","ping_status":"closed","template":"","meta":[],"product_brand":[],"product_cat":[326,334,328],"product_tag":[335,336,337],"class_list":{"0":"post-5658","1":"product","2":"type-product","3":"status-publish","4":"has-post-thumbnail","6":"product_cat-gyanta","7":"product_cat-gyantapatron","8":"product_cat-cukorgyanta-organic-wax","9":"product_tag-amica-mia-resin-cartridge-hu","10":"product_tag-resin-hu","11":"product_tag-sugarpastes-amica-mia-hu","13":"first","14":"instock","15":"featured","16":"taxable","17":"shipping-taxable","18":"purchasable","19":"product-type-variable"},"_links":{"self":[{"href":"https:\/\/amicamiashop.com\/hu\/wp-json\/wp\/v2\/product\/5658","targetHints":{"allow":["GET"]}}],"collection":[{"href":"https:\/\/amicamiashop.com\/hu\/wp-json\/wp\/v2\/product"}],"about":[{"href":"https:\/\/amicamiashop.com\/hu\/wp-json\/wp\/v2\/types\/product"}],"replies":[{"embeddable":true,"href":"https:\/\/amicamiashop.com\/hu\/wp-json\/wp\/v2\/comments?post=5658"}],"version-history":[{"count":0,"href":"https:\/\/amicamiashop.com\/hu\/wp-json\/wp\/v2\/product\/5658\/revisions"}],"wp:featuredmedia":[{"embeddable":true,"href":"https:\/\/amicamiashop.com\/hu\/wp-json\/wp\/v2\/media\/5818"}],"wp:attachment":[{"href":"https:\/\/amicamiashop.com\/hu\/wp-json\/wp\/v2\/media?parent=5658"}],"wp:term":[{"taxonomy":"product_brand","embeddable":true,"href":"https:\/\/amicamiashop.com\/hu\/wp-json\/wp\/v2\/product_brand?post=5658"},{"taxonomy":"product_cat","embeddable":true,"href":"https:\/\/amicamiashop.com\/hu\/wp-json\/wp\/v2\/product_cat?post=5658"},{"taxonomy":"product_tag","embeddable":true,"href":"https:\/\/amicamiashop.com\/hu\/wp-json\/wp\/v2\/product_tag?post=5658"}],"curies":[{"name":"wp","href":"https:\/\/api.w.org\/{rel}","templated":true}]}}