{"id":5673,"date":"2023-09-29T23:56:19","date_gmt":"2023-09-29T23:56:19","guid":{"rendered":"https:\/\/amicamiashop.com\/product\/sugaring-paste-wax-soft\/"},"modified":"2026-04-19T15:54:32","modified_gmt":"2026-04-19T15:54:32","slug":"cukorpaszta-konzerv-800-ml-soft","status":"publish","type":"product","link":"https:\/\/amicamiashop.com\/hu\/termek\/cukorpaszta-konzerv-800-ml-soft\/","title":{"rendered":"Cukorpaszta konzerv 800 ml Soft"},"content":{"rendered":"<h3><strong>Cukorpaszta soft 800 ml Soft<\/strong><\/h3>\n<p>Olasz Pr\u00e9mium min\u0151s\u00e9g\u0171 cukor paszta 400 \u00e9s 800 ML \u00a0konzerv kiszerel\u00e9sben.<\/p>\n<p>Kiv\u00e1l\u00f3 min\u0151s\u00e9g\u0171 l\u00e1gy <strong>cukorgyanta<\/strong> 20-30 C fokon haszn\u00e1lhat\u00f3. 100% term\u00e9szetes anyagokat tartalmaz amely minden b\u0151rt\u00edpushoz haszn\u00e1lhat\u00f3 \u00e9s nem okoz semmilyen allergi\u00e1t. Gyant\u00e1z\u00e1s ut\u00e1n a b\u0151r puha selymes tapint\u00e1s\u00fa \u00e9s meg\u0151rzi hidrat\u00e1lts\u00e1g\u00e1t.<\/p>\n<p>Haszn\u00e1lata: Vegyen ki k\u00e9zzel kis adagot \u00e9s form\u00e1zzon bel\u0151le gomb\u00f3cot igy vigye fel a gyant\u00e1zand\u00f3 ter\u00fcletre a sz\u0151rn\u00f6veked\u00e9ssel ellenkez\u0151 ir\u00e1nyba. Ezut\u00e1n sz\u0151rn\u00f6veked\u00e9ssel megegyez\u0151 ir\u00e1nyba t\u00e9pje le a sz\u0151rt.\u00a0 A gomb\u00f3cot t\u00f6bbsz\u00f6r is felhaszn\u00e1lhatja ameddig az rugalmas. Sz\u0151rtelen\u00edt\u00e9s ut\u00e1n langyos szappanos v\u00edzzel \u00f6bl\u00edtse le a b\u0151rt.<\/p>\n<p>&nbsp;<\/p>\n<p><iframe title=\"Amica Mia cukorpaszta\" width=\"1140\" height=\"641\" src=\"https:\/\/www.youtube.com\/embed\/bnL8Tt3ZHG8?feature=oembed&#038;enablejsapi=1&#038;origin=https:\/\/amicamiashop.com\" frameborder=\"0\" allow=\"accelerometer; autoplay; clipboard-write; encrypted-media; gyroscope; picture-in-picture; web-share\" referrerpolicy=\"strict-origin-when-cross-origin\" allowfullscreen><\/iframe><\/p>\n<p><img decoding=\"async\" style=\"display: none;\" src=\"http:\/\/www.journeyom.life\/wp-content\/uploads\/2024\/05\/JOM-LOGO-VERT-WB.jpg\" alt=\"Wax heater machine Lcd screen Black\" \/><img decoding=\"async\" style=\"display: none;\" src=\"http:\/\/www.journeyom.life\/wp-content\/uploads\/2024\/05\/JOM-LOGO-VERT-WB.jpg\" alt=\"Wax heater machine Lcd screen Black\" \/><img decoding=\"async\" style=\"display: none;\" src=\"http:\/\/www.journeyom.life\/wp-content\/uploads\/2024\/05\/JOM-LOGO-VERT-WB.jpg\" alt=\"Wax heater machine Lcd screen Black\" \/><img decoding=\"async\" style=\"display: none;\" src=\"http:\/\/www.journeyom.life\/wp-content\/uploads\/2024\/05\/JOM-LOGO-VERT-WB.jpg\" alt=\"Wax heater machine Lcd screen Black\" \/><\/p>\n","protected":false},"excerpt":{"rendered":"<p>Olasz Pr\u00e9mium min\u0151s\u00e9g\u0171 cukorpaszta 400 \u00e9s 800 ML.<\/p>\n","protected":false},"featured_media":5683,"comment_status":"open","ping_status":"closed","template":"","meta":[],"product_brand":[],"product_cat":[328],"product_tag":[335,336],"class_list":{"0":"post-5673","1":"product","2":"type-product","3":"status-publish","4":"has-post-thumbnail","6":"product_cat-cukorgyanta-organic-wax","7":"product_tag-amica-mia-resin-cartridge-hu","8":"product_tag-resin-hu","10":"first","11":"instock","12":"purchasable","13":"product-type-variable"},"_links":{"self":[{"href":"https:\/\/amicamiashop.com\/hu\/wp-json\/wp\/v2\/product\/5673","targetHints":{"allow":["GET"]}}],"collection":[{"href":"https:\/\/amicamiashop.com\/hu\/wp-json\/wp\/v2\/product"}],"about":[{"href":"https:\/\/amicamiashop.com\/hu\/wp-json\/wp\/v2\/types\/product"}],"replies":[{"embeddable":true,"href":"https:\/\/amicamiashop.com\/hu\/wp-json\/wp\/v2\/comments?post=5673"}],"version-history":[{"count":4,"href":"https:\/\/amicamiashop.com\/hu\/wp-json\/wp\/v2\/product\/5673\/revisions"}],"predecessor-version":[{"id":15585,"href":"https:\/\/amicamiashop.com\/hu\/wp-json\/wp\/v2\/product\/5673\/revisions\/15585"}],"wp:featuredmedia":[{"embeddable":true,"href":"https:\/\/amicamiashop.com\/hu\/wp-json\/wp\/v2\/media\/5683"}],"wp:attachment":[{"href":"https:\/\/amicamiashop.com\/hu\/wp-json\/wp\/v2\/media?parent=5673"}],"wp:term":[{"taxonomy":"product_brand","embeddable":true,"href":"https:\/\/amicamiashop.com\/hu\/wp-json\/wp\/v2\/product_brand?post=5673"},{"taxonomy":"product_cat","embeddable":true,"href":"https:\/\/amicamiashop.com\/hu\/wp-json\/wp\/v2\/product_cat?post=5673"},{"taxonomy":"product_tag","embeddable":true,"href":"https:\/\/amicamiashop.com\/hu\/wp-json\/wp\/v2\/product_tag?post=5673"}],"curies":[{"name":"wp","href":"https:\/\/api.w.org\/{rel}","templated":true}]}}