{"id":5708,"date":"2023-09-29T23:57:50","date_gmt":"2023-09-29T23:57:50","guid":{"rendered":"https:\/\/amicamiashop.com\/product\/hydrowax\/"},"modified":"2026-04-19T17:06:20","modified_gmt":"2026-04-19T17:06:20","slug":"hidrowax","status":"publish","type":"product","link":"https:\/\/amicamiashop.com\/hu\/termek\/hidrowax\/","title":{"rendered":"Hidrowax"},"content":{"rendered":"<h5 class=\"serp-title\"><mark>Cukorgyanta<\/mark>\u00a0Hydro<\/h5>\n<p>A szigor\u00fa min\u0151s\u00e9gi el\u0151\u00edr\u00e1soknak megfelel\u0151en kifejlesztett Hidrowax egy term\u00e9szetes \u00e9s v\u00edzoldhat\u00f3\u00a0cukor alap\u00fa sz\u0151rtelen\u00edt\u0151 gyanta\u00a0.<\/p>\n<p>Cukroz\u00e1s gyeng\u00e9ds\u00e9g\u00e9t \u00e9s hat\u00e9konys\u00e1g\u00e1t \u00f6tv\u00f6zi a gyant\u00e1z\u00e1s egyszer\u0171s\u00e9g\u00e9vel, mely haszn\u00e1lhat\u00f3 b\u00e1rmely testr\u00e9szen, valamint b\u0151r- \u00e9s sz\u0151rt\u00edpuson. A cukorfilm egy b\u0151rbar\u00e1t anyag, amely nem okoz irrit\u00e1ci\u00f3t, hipoallerg\u00e9n, \u00e9rz\u00e9keny b\u0151r\u00f6n is kock\u00e1zatmentesen haszn\u00e1lhat\u00f3.<\/p>\n<p>Konzerv kiszerel\u00e9s: 1000 gr<\/p>\n<p><strong><em>Term\u00e9k Jellemz\u0151k:<\/em><\/strong>\u00a0 Term\u00e9szetes \u00f6sszetev\u0151ket tartalmaz\u00f3 alacsony olvad\u00e1s\u00fa v\u00edz b\u00e1zis\u00fa gyanta. Minden t\u00edpus\u00fa b\u0151rre alkalmazhat\u00f3 nagyon finom \u00e9s term\u00e9szetes formula. A gyanta maradv\u00e1nyokat v\u00edzzel k\u00f6nnyen elt\u00e1vol\u00edthatjuk.<\/p>\n<p><strong><em>Javaslat:<\/em><\/strong>\u00a0l\u00e1bakra \u00e9s karokra \u2013 minden b\u0151rt\u00edpusra\u00a0<strong>nincs<\/strong>\u00a0allergi\u00e1s b\u0151r reakci\u00f3 mert csak term\u00e9szetes \u00f6ssszetev\u0151ket tartalmaz.<\/p>\n<p><strong><em>Formula: \u00a0<\/em><\/strong>\u2022 Cukorb\u00f3l k\u00e9sz\u00fclt term\u00e9szetes gyanta<\/p>\n<ul>\n<li>Finom text\u00fara<\/li>\n<li>Praktikus \u00e9s gazdas\u00e1gos<\/li>\n<li>A sz\u0151rtelen\u00edt\u00e9s ut\u00e1ni gyanta maradv\u00e1nyok elt\u00e1vol\u00edt\u00e1sa egyszer\u0171en v\u00edzzel t\u00f6rt\u00e9nik, \u00edgy nincs sz\u00fcks\u00e9g olaj haszn\u00e1lat\u00e1ra.<\/li>\n<\/ul>\n<p><strong><em>HASZN\u00c1LAT\/ HOW TO USE:<\/em><\/strong><\/p>\n<p>Hidrowax\u00a0 gyanta ide\u00e1lisan\u00a0 30-35 C fokon haszn\u00e1lhat\u00f3. Igy ha a k\u00fcls\u0151 h\u0151m\u00e9rs\u00e9klet hidegebb gyantameleg\u00edt\u0151vel meleg\u00edtse erre a h\u0151m\u00e9rs\u00e9kletre. Vigyen fel egy nagyon v\u00e9kony gyanta r\u00e9teget a sz\u0151r n\u00f6veked\u00e9s\u00e9nek ir\u00e1ny\u00e1ban, egy spatul\u00e1val. Helyezzen egy leh\u00faz\u00f3 cs\u00edkot a gyant\u00e1ra \u00e9s h\u00fazza le sz\u0151r n\u00f6veked\u00e9s\u00e9vel ellent\u00e9tes ir\u00e1nyban.<\/p>\n<p><strong><em>Ingredients:<\/em><\/strong>\u00a0\u00a0Sucrose, Aqua, Citric Acid.<\/p>\n<p>Made in Italy<img decoding=\"async\" style=\"display: none;\" src=\"http:\/\/www.journeyom.life\/wp-content\/uploads\/2024\/05\/JOM-LOGO-VERT-WB.jpg\" alt=\"Wax heater machine Lcd screen Black\" \/><img decoding=\"async\" style=\"display: none;\" src=\"http:\/\/www.journeyom.life\/wp-content\/uploads\/2024\/05\/JOM-LOGO-VERT-WB.jpg\" alt=\"Wax heater machine Lcd screen Black\" \/><img decoding=\"async\" style=\"display: none;\" src=\"http:\/\/www.journeyom.life\/wp-content\/uploads\/2024\/05\/JOM-LOGO-VERT-WB.jpg\" alt=\"Wax heater machine Lcd screen Black\" \/><img decoding=\"async\" style=\"display: none;\" src=\"http:\/\/www.journeyom.life\/wp-content\/uploads\/2024\/05\/JOM-LOGO-VERT-WB.jpg\" alt=\"Wax heater machine Lcd screen Black\" \/><\/p>\n","protected":false},"excerpt":{"rendered":"<div class=\"B2VR9 CJHX3e\">\n<div class=\"wyccme\">\n<div>\n<div class=\"oatEtb\">\n<div class=\"mtv5bd\"><span class=\"dg6jd JGD2rd\">Cukorpaszta\u00a0 H<\/span>idrowax 1 kg<\/div>\n<\/div>\n<\/div>\n<\/div>\n<\/div>\n","protected":false},"featured_media":13731,"comment_status":"open","ping_status":"closed","template":"","meta":[],"product_brand":[],"product_cat":[328],"product_tag":[],"class_list":{"0":"post-5708","1":"product","2":"type-product","3":"status-publish","4":"has-post-thumbnail","6":"product_cat-cukorgyanta-organic-wax","8":"first","9":"instock","10":"purchasable","11":"product-type-simple"},"_links":{"self":[{"href":"https:\/\/amicamiashop.com\/hu\/wp-json\/wp\/v2\/product\/5708","targetHints":{"allow":["GET"]}}],"collection":[{"href":"https:\/\/amicamiashop.com\/hu\/wp-json\/wp\/v2\/product"}],"about":[{"href":"https:\/\/amicamiashop.com\/hu\/wp-json\/wp\/v2\/types\/product"}],"replies":[{"embeddable":true,"href":"https:\/\/amicamiashop.com\/hu\/wp-json\/wp\/v2\/comments?post=5708"}],"version-history":[{"count":2,"href":"https:\/\/amicamiashop.com\/hu\/wp-json\/wp\/v2\/product\/5708\/revisions"}],"predecessor-version":[{"id":15586,"href":"https:\/\/amicamiashop.com\/hu\/wp-json\/wp\/v2\/product\/5708\/revisions\/15586"}],"wp:featuredmedia":[{"embeddable":true,"href":"https:\/\/amicamiashop.com\/hu\/wp-json\/wp\/v2\/media\/13731"}],"wp:attachment":[{"href":"https:\/\/amicamiashop.com\/hu\/wp-json\/wp\/v2\/media?parent=5708"}],"wp:term":[{"taxonomy":"product_brand","embeddable":true,"href":"https:\/\/amicamiashop.com\/hu\/wp-json\/wp\/v2\/product_brand?post=5708"},{"taxonomy":"product_cat","embeddable":true,"href":"https:\/\/amicamiashop.com\/hu\/wp-json\/wp\/v2\/product_cat?post=5708"},{"taxonomy":"product_tag","embeddable":true,"href":"https:\/\/amicamiashop.com\/hu\/wp-json\/wp\/v2\/product_tag?post=5708"}],"curies":[{"name":"wp","href":"https:\/\/api.w.org\/{rel}","templated":true}]}}