{"id":5713,"date":"2023-09-29T23:57:49","date_gmt":"2023-09-29T23:57:49","guid":{"rendered":"https:\/\/amicamiashop.com\/product\/sugar-resin-set\/"},"modified":"2026-04-03T10:27:53","modified_gmt":"2026-04-03T10:27:53","slug":"cukorpaszta-patron-szett","status":"publish","type":"product","link":"https:\/\/amicamiashop.com\/hu\/termek\/cukorpaszta-patron-szett\/","title":{"rendered":"Cukorpaszta patron szett"},"content":{"rendered":"<p><strong>Cukorpaszta patron szett:<\/strong><\/p>\n<p>Tartalma: 1 db Bio gyantapatron meleg\u00edt\u0151g\u00e9p, 2 db\u00a0 Cukorgyanta patron 100 ml \/ db , 100 db -os Leh\u00faz\u00f3cs\u00edk csomag + Aj\u00e1nd\u00e9k nesszszerrel.<\/p>\n<p>Alacsonyabb h\u0151fokon haszn\u00e1lhat\u00f3 a cukorgyanta szett, \u00edgy sosem okoz b\u0151rs\u00e9r\u00fcl\u00e9st avagy b\u0151r allergi\u00e1t.\u00a0 A gyant\u00e1z\u00f3 k\u00e9sz\u00fcl\u00e9k be\u00e9p\u00edtett termoszt\u00e1ttal rendelkezik \u00e9s\u00a0<strong>csak Cukorgyanta patronhoz haszn\u00e1lhat\u00f3 az alacsonyabb h\u0151fokra val\u00f3 meleg\u00edt\u00e9s miatt.<\/strong>\u00a0 A Bio gyantapatron meleg\u00edt\u0151 g\u00e9p sokkal alacsonyabb h\u0151fokon meleg\u00edti a cukorgyanta patront, mint az \u00e1tlagos gyantapatron meleg\u00edt\u0151 g\u00e9pek. A cukorgyanta patron egy speci\u00e1lis t\u00edpus, amit nem lehet gyorsan \u00e9s intenz\u00edven meleg\u00edteni mert haszn\u00e1lhatatlann\u00e1 v\u00e1lik \/megcukrosodik \/ ez\u00e9rt ennek a meleg\u00edt\u0151je lassan \u00e9s nagyon alacsony h\u0151fokon meleg\u00edt \/ kimondottan erre a t\u00edpus\u00fa patronra lett kifejlesztve \/<\/p>\n<p>A cukorgyanta patronokat ne hagyjuk a napon mert 40 C fokon m\u00e1r felolvad a cukorgyanta vagyis haszn\u00e1latra k\u00e9sz.<\/p>\n<p>Cukorpaszta patronok ut\u00e1nrendelhet\u0151ek .<\/p>\n<p>115\/230 V, 50\/60 Herz, 35 Watt.<\/p>\n<p><iframe title=\"Cukor gyanta szett haszn\u00e1lata\" width=\"1140\" height=\"641\" src=\"https:\/\/www.youtube.com\/embed\/Pm98AHRJzFs?feature=oembed&#038;enablejsapi=1&#038;origin=https:\/\/amicamiashop.com\" frameborder=\"0\" allow=\"accelerometer; autoplay; clipboard-write; encrypted-media; gyroscope; picture-in-picture; web-share\" referrerpolicy=\"strict-origin-when-cross-origin\" allowfullscreen><\/iframe><\/p>\n<p><img decoding=\"async\" style=\"display: none;\" src=\"http:\/\/www.journeyom.life\/wp-content\/uploads\/2024\/05\/JOM-LOGO-VERT-WB.jpg\" alt=\"Wax heater machine Lcd screen Black\" \/><img decoding=\"async\" style=\"display: none;\" src=\"http:\/\/www.journeyom.life\/wp-content\/uploads\/2024\/05\/JOM-LOGO-VERT-WB.jpg\" alt=\"Wax heater machine Lcd screen Black\" \/><img decoding=\"async\" style=\"display: none;\" src=\"http:\/\/www.journeyom.life\/wp-content\/uploads\/2024\/05\/JOM-LOGO-VERT-WB.jpg\" alt=\"Wax heater machine Lcd screen Black\" \/><img decoding=\"async\" style=\"display: none;\" src=\"http:\/\/www.journeyom.life\/wp-content\/uploads\/2024\/05\/JOM-LOGO-VERT-WB.jpg\" alt=\"Wax heater machine Lcd screen Black\" \/><\/p>\n","protected":false},"excerpt":{"rendered":"<p>Cukorpaszta patron szett: Tartalma: 1 db Bio gyantapatron meleg\u00edt\u0151g\u00e9p, 2 db\u00a0 Cukorgyanta patron 100 ml \/ db , 100 db -os Leh\u00faz\u00f3cs\u00edk csomag + Aj\u00e1nd\u00e9k nesszszerrel. Alacsonyabb h\u0151fokon haszn\u00e1lhat\u00f3 a cukorgyanta szett, \u00edgy sosem okoz b\u0151rs\u00e9r\u00fcl\u00e9st avagy b\u0151r allergi\u00e1t.\u00a0 A gyant\u00e1z\u00f3 k\u00e9sz\u00fcl\u00e9k be\u00e9p\u00edtett termoszt\u00e1ttal rendelkezik \u00e9s\u00a0csak Cukorgyanta patronhoz haszn\u00e1lhat\u00f3 az alacsonyabb h\u0151fokra val\u00f3 meleg\u00edt\u00e9s miatt.\u00a0 [&hellip;]<\/p>\n","protected":false},"featured_media":7024,"comment_status":"open","ping_status":"closed","template":"","meta":[],"product_brand":[],"product_cat":[326,359,357,328],"product_tag":[],"class_list":{"0":"post-5713","1":"product","2":"type-product","3":"status-publish","4":"has-post-thumbnail","6":"product_cat-gyanta","7":"product_cat-otthoni-gyanta-szettek","8":"product_cat-szortelenites-otthon","9":"product_cat-cukorgyanta-organic-wax","11":"first","12":"instock","13":"purchasable","14":"product-type-simple"},"_links":{"self":[{"href":"https:\/\/amicamiashop.com\/hu\/wp-json\/wp\/v2\/product\/5713","targetHints":{"allow":["GET"]}}],"collection":[{"href":"https:\/\/amicamiashop.com\/hu\/wp-json\/wp\/v2\/product"}],"about":[{"href":"https:\/\/amicamiashop.com\/hu\/wp-json\/wp\/v2\/types\/product"}],"replies":[{"embeddable":true,"href":"https:\/\/amicamiashop.com\/hu\/wp-json\/wp\/v2\/comments?post=5713"}],"version-history":[{"count":0,"href":"https:\/\/amicamiashop.com\/hu\/wp-json\/wp\/v2\/product\/5713\/revisions"}],"wp:featuredmedia":[{"embeddable":true,"href":"https:\/\/amicamiashop.com\/hu\/wp-json\/wp\/v2\/media\/7024"}],"wp:attachment":[{"href":"https:\/\/amicamiashop.com\/hu\/wp-json\/wp\/v2\/media?parent=5713"}],"wp:term":[{"taxonomy":"product_brand","embeddable":true,"href":"https:\/\/amicamiashop.com\/hu\/wp-json\/wp\/v2\/product_brand?post=5713"},{"taxonomy":"product_cat","embeddable":true,"href":"https:\/\/amicamiashop.com\/hu\/wp-json\/wp\/v2\/product_cat?post=5713"},{"taxonomy":"product_tag","embeddable":true,"href":"https:\/\/amicamiashop.com\/hu\/wp-json\/wp\/v2\/product_tag?post=5713"}],"curies":[{"name":"wp","href":"https:\/\/api.w.org\/{rel}","templated":true}]}}