{"id":5752,"date":"2023-09-29T23:55:11","date_gmt":"2023-09-29T23:55:11","guid":{"rendered":"https:\/\/amicamiashop.com\/product\/roll-on-wax-pink-titanium-dioxide-100ml\/"},"modified":"2026-04-15T10:47:23","modified_gmt":"2026-04-15T10:47:23","slug":"titandioxidos-gyantapatron","status":"publish","type":"product","link":"https:\/\/amicamiashop.com\/hu\/termek\/titandioxidos-gyantapatron\/","title":{"rendered":"Titandioxidos gyantapatron"},"content":{"rendered":"<p><span style=\"font-size: 14pt;\">Tit\u00e1ndioxidos gyantapatron 100 ml<\/span><\/p>\n<p><strong>Alkalmaz\u00e1s:<\/strong>\u00a0Sz\u00e1raz \u00e9rz\u00e9keny b\u0151rre, gyullad\u00e1s cs\u00f6kkent\u0151 hat\u00e1s\u00fa, k\u00fcl\u00f6nleges kr\u00e9mes \u00e1llaga miatt a sz\u0151rsz\u00e1lakhoz tapad, a b\u0151rt nem roncsolja.<br \/>\n<strong>Haszn\u00e1lat:<\/strong>\u00a0Hagyom\u00e1nyos patronos gyantameleg\u00edt\u0151ben felmeleg\u00edtve 20 perc alatt, gyantapap\u00edrral haszn\u00e1lhat\u00f3. T\u00f6k\u00e9letes \u00e9s k\u00edm\u00e9letes gyant\u00e1z\u00e1s selymes puha b\u0151r 3 h\u00e9tig.<\/p>\n<p><strong>Term\u00e9k adatok:<\/strong><br \/>\nHaszn\u00e1lat: pap\u00edrral<br \/>\nColophonium: igen<br \/>\nGyant\u00e1z\u00e1s szalonban: igen<\/p>\n<p>SHOP inform\u00e1ci\u00f3:<br \/>\nGyantapatronok sz\u00e9les v\u00e1laszt\u00e9kban, megb\u00edzhat\u00f3 olasz min\u0151s\u00e9g \u00e9s kedvez\u0151 \u00e1rak. Az Amica Mia web\u00e1ruh\u00e1zban minden b\u0151r \u00e9s sz\u0151r t\u00edpusnak megfelel\u0151 gyantapatront megtal\u00e1l. Gyantapatron rendel\u00e9s\u00e9t leadhatja a webshopban emailen vagy telefonon is.<img decoding=\"async\" style=\"display: none;\" src=\"http:\/\/www.journeyom.life\/wp-content\/uploads\/2024\/05\/JOM-LOGO-VERT-WB.jpg\" alt=\"Wax heater machine Lcd screen Black\" \/><img decoding=\"async\" style=\"display: none;\" src=\"http:\/\/www.journeyom.life\/wp-content\/uploads\/2024\/05\/JOM-LOGO-VERT-WB.jpg\" alt=\"Wax heater machine Lcd screen Black\" \/><img decoding=\"async\" style=\"display: none;\" src=\"http:\/\/www.journeyom.life\/wp-content\/uploads\/2024\/05\/JOM-LOGO-VERT-WB.jpg\" alt=\"Wax heater machine Lcd screen Black\" \/><img decoding=\"async\" style=\"display: none;\" src=\"http:\/\/www.journeyom.life\/wp-content\/uploads\/2024\/05\/JOM-LOGO-VERT-WB.jpg\" alt=\"Wax heater machine Lcd screen Black\" \/><\/p>\n","protected":false},"excerpt":{"rendered":"<p><span style=\"font-size: 14pt;\">Tit\u00e1ndioxidos gyantapatron 100 ml<\/span><\/p>\n","protected":false},"featured_media":7035,"comment_status":"open","ping_status":"closed","template":"","meta":[],"product_brand":[],"product_cat":[326,334,363],"product_tag":[335,369,336],"class_list":{"0":"post-5752","1":"product","2":"type-product","3":"status-publish","4":"has-post-thumbnail","6":"product_cat-gyanta","7":"product_cat-gyantapatron","8":"product_cat-otthoni-gyantak","9":"product_tag-amica-mia-resin-cartridge-hu","10":"product_tag-arms-and-legs-hu","11":"product_tag-resin-hu","13":"first","14":"instock","15":"taxable","16":"shipping-taxable","17":"purchasable","18":"product-type-simple"},"_links":{"self":[{"href":"https:\/\/amicamiashop.com\/hu\/wp-json\/wp\/v2\/product\/5752","targetHints":{"allow":["GET"]}}],"collection":[{"href":"https:\/\/amicamiashop.com\/hu\/wp-json\/wp\/v2\/product"}],"about":[{"href":"https:\/\/amicamiashop.com\/hu\/wp-json\/wp\/v2\/types\/product"}],"replies":[{"embeddable":true,"href":"https:\/\/amicamiashop.com\/hu\/wp-json\/wp\/v2\/comments?post=5752"}],"version-history":[{"count":0,"href":"https:\/\/amicamiashop.com\/hu\/wp-json\/wp\/v2\/product\/5752\/revisions"}],"wp:featuredmedia":[{"embeddable":true,"href":"https:\/\/amicamiashop.com\/hu\/wp-json\/wp\/v2\/media\/7035"}],"wp:attachment":[{"href":"https:\/\/amicamiashop.com\/hu\/wp-json\/wp\/v2\/media?parent=5752"}],"wp:term":[{"taxonomy":"product_brand","embeddable":true,"href":"https:\/\/amicamiashop.com\/hu\/wp-json\/wp\/v2\/product_brand?post=5752"},{"taxonomy":"product_cat","embeddable":true,"href":"https:\/\/amicamiashop.com\/hu\/wp-json\/wp\/v2\/product_cat?post=5752"},{"taxonomy":"product_tag","embeddable":true,"href":"https:\/\/amicamiashop.com\/hu\/wp-json\/wp\/v2\/product_tag?post=5752"}],"curies":[{"name":"wp","href":"https:\/\/api.w.org\/{rel}","templated":true}]}}