{"id":5760,"date":"2023-09-29T23:55:11","date_gmt":"2023-09-29T23:55:11","guid":{"rendered":"https:\/\/amicamiashop.com\/product\/enpink-wax-cartridge-with-medium-headitpink-wax-cartridge-with-medium-head\/"},"modified":"2024-07-08T14:01:03","modified_gmt":"2024-07-08T14:01:03","slug":"gyantapatron-titandioxid-rosa","status":"publish","type":"product","link":"https:\/\/amicamiashop.com\/hu\/termek\/gyantapatron-titandioxid-rosa\/","title":{"rendered":"Gyantapatron tit\u00e1ndioxid rosa k\u00f6zepes patronfejes"},"content":{"rendered":"<p>Gyantapatron titandioxid rosa 100 ML k\u00f6zepes patronfejes<\/p>\n<p>Aj\u00e1nlott:\u00a0Bikini vonal gyant\u00e1z\u00e1s\u00e1hoz \u00e9rz\u00e9keny b\u0151rre.<br \/>\nHaszn\u00e1lat:\u00a0Hagyom\u00e1nyos patronos gyantameleg\u00edt\u0151ben felmeleg\u00edtve 20 perc alatt, gyantapap\u00edrral haszn\u00e1lhat\u00f3.<\/p>\n<p>SHOP inform\u00e1ci\u00f3:<br \/>\nGyantapatronok sz\u00e9les v\u00e1laszt\u00e9kban, megb\u00edzhat\u00f3 olasz min\u0151s\u00e9g \u00e9s kedvez\u0151 \u00e1rak. Az Amica Mia web\u00e1ruh\u00e1zban minden b\u0151r \u00e9s sz\u0151r t\u00edpusnak megfelel\u0151 gyantapatront megtal\u00e1l. Gyantapatron rendel\u00e9s\u00e9t leadhatja a webshopban emailen vagy telefonon is.<img decoding=\"async\" style=\"display: none;\" src=\"http:\/\/www.journeyom.life\/wp-content\/uploads\/2024\/05\/JOM-LOGO-VERT-WB.jpg\" alt=\"Wax heater machine Lcd screen Black\" \/><img decoding=\"async\" style=\"display: none;\" src=\"http:\/\/www.journeyom.life\/wp-content\/uploads\/2024\/05\/JOM-LOGO-VERT-WB.jpg\" alt=\"Wax heater machine Lcd screen Black\" \/><img decoding=\"async\" style=\"display: none;\" src=\"http:\/\/www.journeyom.life\/wp-content\/uploads\/2024\/05\/JOM-LOGO-VERT-WB.jpg\" alt=\"Wax heater machine Lcd screen Black\" \/><img decoding=\"async\" style=\"display: none;\" src=\"http:\/\/www.journeyom.life\/wp-content\/uploads\/2024\/05\/JOM-LOGO-VERT-WB.jpg\" alt=\"Wax heater machine Lcd screen Black\" \/><\/p>\n","protected":false},"excerpt":{"rendered":"<p>Gyantapatron titandioxid rosa 100 ML k\u00f6zepes patronfejes Aj\u00e1nlott:\u00a0Bikini vonal gyant\u00e1z\u00e1s\u00e1hoz \u00e9rz\u00e9keny b\u0151rre. Haszn\u00e1lat:\u00a0Hagyom\u00e1nyos patronos gyantameleg\u00edt\u0151ben felmeleg\u00edtve 20 perc alatt, gyantapap\u00edrral haszn\u00e1lhat\u00f3. SHOP inform\u00e1ci\u00f3: Gyantapatronok sz\u00e9les v\u00e1laszt\u00e9kban, megb\u00edzhat\u00f3 olasz min\u0151s\u00e9g \u00e9s kedvez\u0151 \u00e1rak. Az Amica Mia web\u00e1ruh\u00e1zban minden b\u0151r \u00e9s sz\u0151r t\u00edpusnak megfelel\u0151 gyantapatront megtal\u00e1l. Gyantapatron rendel\u00e9s\u00e9t leadhatja a webshopban emailen vagy telefonon is.<\/p>\n","protected":false},"featured_media":5757,"comment_status":"open","ping_status":"closed","template":"","meta":[],"product_brand":[],"product_cat":[326,334],"product_tag":[335,336],"class_list":{"0":"post-5760","1":"product","2":"type-product","3":"status-publish","4":"has-post-thumbnail","6":"product_cat-gyanta","7":"product_cat-gyantapatron","8":"product_tag-amica-mia-resin-cartridge-hu","9":"product_tag-resin-hu","11":"first","12":"instock","13":"purchasable","14":"product-type-simple"},"_links":{"self":[{"href":"https:\/\/amicamiashop.com\/hu\/wp-json\/wp\/v2\/product\/5760","targetHints":{"allow":["GET"]}}],"collection":[{"href":"https:\/\/amicamiashop.com\/hu\/wp-json\/wp\/v2\/product"}],"about":[{"href":"https:\/\/amicamiashop.com\/hu\/wp-json\/wp\/v2\/types\/product"}],"replies":[{"embeddable":true,"href":"https:\/\/amicamiashop.com\/hu\/wp-json\/wp\/v2\/comments?post=5760"}],"version-history":[{"count":0,"href":"https:\/\/amicamiashop.com\/hu\/wp-json\/wp\/v2\/product\/5760\/revisions"}],"wp:featuredmedia":[{"embeddable":true,"href":"https:\/\/amicamiashop.com\/hu\/wp-json\/wp\/v2\/media\/5757"}],"wp:attachment":[{"href":"https:\/\/amicamiashop.com\/hu\/wp-json\/wp\/v2\/media?parent=5760"}],"wp:term":[{"taxonomy":"product_brand","embeddable":true,"href":"https:\/\/amicamiashop.com\/hu\/wp-json\/wp\/v2\/product_brand?post=5760"},{"taxonomy":"product_cat","embeddable":true,"href":"https:\/\/amicamiashop.com\/hu\/wp-json\/wp\/v2\/product_cat?post=5760"},{"taxonomy":"product_tag","embeddable":true,"href":"https:\/\/amicamiashop.com\/hu\/wp-json\/wp\/v2\/product_tag?post=5760"}],"curies":[{"name":"wp","href":"https:\/\/api.w.org\/{rel}","templated":true}]}}