{"id":5769,"date":"2023-09-29T23:54:53","date_gmt":"2023-09-29T23:54:53","guid":{"rendered":"https:\/\/amicamiashop.com\/product\/professional-wax-cartridge-titanium-pink-mini\/"},"modified":"2026-04-02T14:30:21","modified_gmt":"2026-04-02T14:30:21","slug":"titan-rosa-mini-patronfejes","status":"publish","type":"product","link":"https:\/\/amicamiashop.com\/hu\/termek\/titan-rosa-mini-patronfejes\/","title":{"rendered":"Gyantapatron tit\u00e1n rosa mini patronfejes"},"content":{"rendered":"<p>Gyantapatron tit\u00e1n rosa mini patronfejes 100 ML<\/p>\n<p>Aj\u00e1nlott:\u00a0Szem\u00f6ld\u00f6k \u00e9s bajusz gyant\u00e1z\u00e1s\u00e1hoz \u00e9rz\u00e9keny b\u0151rre.<br \/>\nHaszn\u00e1lat:\u00a0Hagyom\u00e1nyos patronos gyantameleg\u00edt\u0151ben felmeleg\u00edtve 20 perc alatt, gyantapap\u00edrral haszn\u00e1lhat\u00f3.<\/p>\n<p>Term\u00e9k adatok:<br \/>\nHaszn\u00e1lat: pap\u00edrral<br \/>\nColophonium: igen<br \/>\nGyant\u00e1z\u00e1s szalonban: igen<\/p>\n<p>SHOP inform\u00e1ci\u00f3:<\/p>\n<p>Kiv\u00e1l\u00f3 min\u0151s\u00e9g\u0171 olasz gyantapatronok rendelhet\u0151k kedvez\u0151 \u00e1ron. Az Amica Mia web\u00e1ruh\u00e1zban minden b\u0151r \u00e9s sz\u0151r t\u00edpusnak megfelel\u0151 gyantapatront megtal\u00e1l. Gyantapatron rendel\u00e9s\u00e9t leadhatja a webshopban emailen vagy telefonon is.<img decoding=\"async\" style=\"display: none;\" src=\"http:\/\/www.journeyom.life\/wp-content\/uploads\/2024\/05\/JOM-LOGO-VERT-WB.jpg\" alt=\"Wax heater machine Lcd screen Black\" \/><img decoding=\"async\" style=\"display: none;\" src=\"http:\/\/www.journeyom.life\/wp-content\/uploads\/2024\/05\/JOM-LOGO-VERT-WB.jpg\" alt=\"Wax heater machine Lcd screen Black\" \/><img decoding=\"async\" style=\"display: none;\" src=\"http:\/\/www.journeyom.life\/wp-content\/uploads\/2024\/05\/JOM-LOGO-VERT-WB.jpg\" alt=\"Wax heater machine Lcd screen Black\" \/><img decoding=\"async\" style=\"display: none;\" src=\"http:\/\/www.journeyom.life\/wp-content\/uploads\/2024\/05\/JOM-LOGO-VERT-WB.jpg\" alt=\"Wax heater machine Lcd screen Black\" \/><\/p>\n","protected":false},"excerpt":{"rendered":"<p>Gyantapatron tit\u00e1n rosa mini patronfejes 100 ML Aj\u00e1nlott:\u00a0Szem\u00f6ld\u00f6k \u00e9s bajusz gyant\u00e1z\u00e1s\u00e1hoz \u00e9rz\u00e9keny b\u0151rre. Haszn\u00e1lat:\u00a0Hagyom\u00e1nyos patronos gyantameleg\u00edt\u0151ben felmeleg\u00edtve 20 perc alatt, gyantapap\u00edrral haszn\u00e1lhat\u00f3. Term\u00e9k adatok: Haszn\u00e1lat: pap\u00edrral Colophonium: igen Gyant\u00e1z\u00e1s szalonban: igen SHOP inform\u00e1ci\u00f3: Kiv\u00e1l\u00f3 min\u0151s\u00e9g\u0171 olasz gyantapatronok rendelhet\u0151k kedvez\u0151 \u00e1ron. Az Amica Mia web\u00e1ruh\u00e1zban minden b\u0151r \u00e9s sz\u0151r t\u00edpusnak megfelel\u0151 gyantapatront megtal\u00e1l. Gyantapatron rendel\u00e9s\u00e9t leadhatja [&hellip;]<\/p>\n","protected":false},"featured_media":5749,"comment_status":"open","ping_status":"closed","template":"","meta":[],"product_brand":[],"product_cat":[326,334],"product_tag":[],"class_list":{"0":"post-5769","1":"product","2":"type-product","3":"status-publish","4":"has-post-thumbnail","6":"product_cat-gyanta","7":"product_cat-gyantapatron","9":"first","10":"instock","11":"purchasable","12":"product-type-simple"},"_links":{"self":[{"href":"https:\/\/amicamiashop.com\/hu\/wp-json\/wp\/v2\/product\/5769","targetHints":{"allow":["GET"]}}],"collection":[{"href":"https:\/\/amicamiashop.com\/hu\/wp-json\/wp\/v2\/product"}],"about":[{"href":"https:\/\/amicamiashop.com\/hu\/wp-json\/wp\/v2\/types\/product"}],"replies":[{"embeddable":true,"href":"https:\/\/amicamiashop.com\/hu\/wp-json\/wp\/v2\/comments?post=5769"}],"version-history":[{"count":0,"href":"https:\/\/amicamiashop.com\/hu\/wp-json\/wp\/v2\/product\/5769\/revisions"}],"wp:featuredmedia":[{"embeddable":true,"href":"https:\/\/amicamiashop.com\/hu\/wp-json\/wp\/v2\/media\/5749"}],"wp:attachment":[{"href":"https:\/\/amicamiashop.com\/hu\/wp-json\/wp\/v2\/media?parent=5769"}],"wp:term":[{"taxonomy":"product_brand","embeddable":true,"href":"https:\/\/amicamiashop.com\/hu\/wp-json\/wp\/v2\/product_brand?post=5769"},{"taxonomy":"product_cat","embeddable":true,"href":"https:\/\/amicamiashop.com\/hu\/wp-json\/wp\/v2\/product_cat?post=5769"},{"taxonomy":"product_tag","embeddable":true,"href":"https:\/\/amicamiashop.com\/hu\/wp-json\/wp\/v2\/product_tag?post=5769"}],"curies":[{"name":"wp","href":"https:\/\/api.w.org\/{rel}","templated":true}]}}