{"id":5774,"date":"2023-09-29T23:54:53","date_gmt":"2023-09-29T23:54:53","guid":{"rendered":"https:\/\/amicamiashop.com\/product\/depilatory-wax-roll-on-micromica\/"},"modified":"2026-04-06T17:23:01","modified_gmt":"2026-04-06T17:23:01","slug":"gyantapatron-micromica-100-ml","status":"publish","type":"product","link":"https:\/\/amicamiashop.com\/hu\/termek\/gyantapatron-micromica-100-ml\/","title":{"rendered":"Gyantapatron micromica"},"content":{"rendered":"<p><strong>Gyantapatron micromica 100 Ml<\/strong><\/p>\n<p>\u00c9lvezze a professzion\u00e1lis gyant\u00e1z\u00e1si \u00e9lm\u00e9nyt otthon\u00e1ban a Gyantapatron seg\u00edts\u00e9g\u00e9vel. Ez a kiv\u00e1l\u00f3 min\u0151s\u00e9g\u0171 gyanta t\u00f6k\u00e9letes v\u00e1laszt\u00e1s b\u00e1rmilyen b\u0151rt\u00edpushoz, k\u00fcl\u00f6n\u00f6sen az \u00e9rz\u00e9keny b\u0151rre. A micromica hozz\u00e1ad\u00e1s\u00e1val gazdag\u00edtott formula biztos\u00edtja a gyeng\u00e9d, de hat\u00e9kony sz\u0151rtelen\u00edt\u00e9st, mik\u00f6zben v\u00e9di \u00e9s nyugtatja a b\u0151rt.<\/p>\n<p>Alkalmaz\u00e1s:\u00a0Neh\u00e9z gyant\u00e1z\u00e1shoz, hiper\u00e9rz\u00e9keny b\u0151rre t\u00e1pl\u00e1l\u00f3 \u00e1sv\u00e1nyi anyagokkal, kr\u00e9mes \u00e1llag\u00fa gyanta.<br \/>\nHaszn\u00e1lat:\u00a0Hagyom\u00e1nyos patronos gyantameleg\u00edt\u0151ben felmeleg\u00edtve 30 perc alatt, gyantapap\u00edrral haszn\u00e1lhat\u00f3. T\u00f6k\u00e9letes \u00e9s k\u00edm\u00e9letes gyant\u00e1z\u00e1s selymes puha b\u0151r 3 h\u00e9tig.<\/p>\n<p>Term\u00e9k adatok: Pr\u00e9mium min\u0151s\u00e9g<br \/>\nHaszn\u00e1lat: pap\u00edrral<br \/>\nColophonium: igen<br \/>\nGyant\u00e1z\u00e1s szalonban: nem<\/p>\n<p>SHOP inform\u00e1ci\u00f3:<\/p>\n<p>Gyantapatronok sz\u00e9les v\u00e1laszt\u00e9ka, olasz min\u0151s\u00e9g kedvez\u0151 \u00e1rak. Az Amica Mia web\u00e1ruh\u00e1zban minden b\u0151r \u00e9s sz\u0151r t\u00edpusnak megfelel\u0151 gyantapatront megtal\u00e1l. Gyantapatron rendel\u00e9s\u00e9t leadhatja a webshopban emailen vagy telefonon is.<img decoding=\"async\" style=\"display: none;\" src=\"http:\/\/www.journeyom.life\/wp-content\/uploads\/2024\/05\/JOM-LOGO-VERT-WB.jpg\" alt=\"Wax heater machine Lcd screen Black\" \/><img decoding=\"async\" style=\"display: none;\" src=\"http:\/\/www.journeyom.life\/wp-content\/uploads\/2024\/05\/JOM-LOGO-VERT-WB.jpg\" alt=\"Wax heater machine Lcd screen Black\" \/><img decoding=\"async\" style=\"display: none;\" src=\"http:\/\/www.journeyom.life\/wp-content\/uploads\/2024\/05\/JOM-LOGO-VERT-WB.jpg\" alt=\"Wax heater machine Lcd screen Black\" \/><img decoding=\"async\" style=\"display: none;\" src=\"http:\/\/www.journeyom.life\/wp-content\/uploads\/2024\/05\/JOM-LOGO-VERT-WB.jpg\" alt=\"Wax heater machine Lcd screen Black\" \/><\/p>\n","protected":false},"excerpt":{"rendered":"<p>Gyantapatron micromica 100 Ml<\/p>\n","protected":false},"featured_media":6281,"comment_status":"open","ping_status":"closed","template":"","meta":[],"product_brand":[],"product_cat":[326,334,363,357],"product_tag":[335,336],"class_list":{"0":"post-5774","1":"product","2":"type-product","3":"status-publish","4":"has-post-thumbnail","6":"product_cat-gyanta","7":"product_cat-gyantapatron","8":"product_cat-otthoni-gyantak","9":"product_cat-szortelenites-otthon","10":"product_tag-amica-mia-resin-cartridge-hu","11":"product_tag-resin-hu","13":"first","14":"instock","15":"purchasable","16":"product-type-simple"},"_links":{"self":[{"href":"https:\/\/amicamiashop.com\/hu\/wp-json\/wp\/v2\/product\/5774","targetHints":{"allow":["GET"]}}],"collection":[{"href":"https:\/\/amicamiashop.com\/hu\/wp-json\/wp\/v2\/product"}],"about":[{"href":"https:\/\/amicamiashop.com\/hu\/wp-json\/wp\/v2\/types\/product"}],"replies":[{"embeddable":true,"href":"https:\/\/amicamiashop.com\/hu\/wp-json\/wp\/v2\/comments?post=5774"}],"version-history":[{"count":0,"href":"https:\/\/amicamiashop.com\/hu\/wp-json\/wp\/v2\/product\/5774\/revisions"}],"wp:featuredmedia":[{"embeddable":true,"href":"https:\/\/amicamiashop.com\/hu\/wp-json\/wp\/v2\/media\/6281"}],"wp:attachment":[{"href":"https:\/\/amicamiashop.com\/hu\/wp-json\/wp\/v2\/media?parent=5774"}],"wp:term":[{"taxonomy":"product_brand","embeddable":true,"href":"https:\/\/amicamiashop.com\/hu\/wp-json\/wp\/v2\/product_brand?post=5774"},{"taxonomy":"product_cat","embeddable":true,"href":"https:\/\/amicamiashop.com\/hu\/wp-json\/wp\/v2\/product_cat?post=5774"},{"taxonomy":"product_tag","embeddable":true,"href":"https:\/\/amicamiashop.com\/hu\/wp-json\/wp\/v2\/product_tag?post=5774"}],"curies":[{"name":"wp","href":"https:\/\/api.w.org\/{rel}","templated":true}]}}