{"id":5781,"date":"2023-11-01T10:31:51","date_gmt":"2023-11-01T10:31:51","guid":{"rendered":"https:\/\/amicamiashop.com\/product\/depilatory-wax-roll-on-argan-morocco\/"},"modified":"2026-03-28T12:43:20","modified_gmt":"2026-03-28T12:43:20","slug":"gyantapatron-marokkoi-argan-olaj-100ml","status":"publish","type":"product","link":"https:\/\/amicamiashop.com\/hu\/termek\/gyantapatron-marokkoi-argan-olaj-100ml\/","title":{"rendered":"Gyantapatron marokk\u00f3i arg\u00e1n olaj 100ml"},"content":{"rendered":"<p><strong>Gyantapatron marokk\u00f3i Arg\u00e1n olaj 100 ML<\/strong><\/p>\n<p><strong>Alkalmaz\u00e1s:<\/strong> Finom \u00e9rz\u00e9keny b\u0151rre, b\u0151rt\u00e1pl\u00e1l\u00f3 \u00e9s regener\u00e1l\u00f3 hat\u00e1s\u00fa arg\u00e1n olajjal, g\u00e9les \u00e1llag\u00fa gyanta. Anti allerg\u00e9n gyanta t\u00edpus amely k\u00f6nny\u0171 text\u00far\u00e1j\u00fa \u00e9s kiv\u00e1l\u00f3 tapad\u00e1s\u00fa, r\u00f6vid ,er\u0151s sz\u0151rsz\u00e1lak elt\u00e1vol\u00edt\u00e1s\u00e1hoz aj\u00e1nlott <strong>gyantapatron<\/strong>. Az arg\u00e1n olaj nagyon gazdag esszenci\u00e1lis zs\u00edrsavakban \u00e9s E-vitaminban. T\u00e1pl\u00e1l\u00f3, hidrat\u00e1l\u00f3, antioxid\u00e1ns \u00e9s sebgy\u00f3gy\u00edt\u00f3 hat\u00e1s\u00fa. \u00c9rz\u00e9keny \u00e9s intoler\u00e1ns b\u0151rre is alkalmazhat\u00f3.<\/p>\n<p><strong>Haszn\u00e1lat:<\/strong> Hagyom\u00e1nyos patronos gyantameleg\u00edt\u0151ben felmeleg\u00edtve 15 perc alatt, gyantapap\u00edrral haszn\u00e1lhat\u00f3. T\u00f6k\u00e9letes \u00e9s k\u00edm\u00e9letes gyant\u00e1z\u00e1s selymes puha b\u0151r.<\/p>\n<p><strong>Term\u00e9k adatok:<\/strong><\/p>\n<p>Pr\u00e9mium min\u0151s\u00e9g<br \/>\nHaszn\u00e1lat: pap\u00edrral<br \/>\nColophonium: igen<br \/>\nGyant\u00e1z\u00e1s szalonban: igen<img decoding=\"async\" style=\"display: none;\" src=\"http:\/\/www.journeyom.life\/wp-content\/uploads\/2024\/05\/JOM-LOGO-VERT-WB.jpg\" alt=\"Wax heater machine Lcd screen Black\" \/><img decoding=\"async\" style=\"display: none;\" src=\"http:\/\/www.journeyom.life\/wp-content\/uploads\/2024\/05\/JOM-LOGO-VERT-WB.jpg\" alt=\"Wax heater machine Lcd screen Black\" \/><img decoding=\"async\" style=\"display: none;\" src=\"http:\/\/www.journeyom.life\/wp-content\/uploads\/2024\/05\/JOM-LOGO-VERT-WB.jpg\" alt=\"Wax heater machine Lcd screen Black\" \/><img decoding=\"async\" style=\"display: none;\" src=\"http:\/\/www.journeyom.life\/wp-content\/uploads\/2024\/05\/JOM-LOGO-VERT-WB.jpg\" alt=\"Wax heater machine Lcd screen Black\" \/><\/p>\n","protected":false},"excerpt":{"rendered":"<p>Gyantapatron marokk\u00f3i Arg\u00e1n olaj 100 ML Alkalmaz\u00e1s: Finom \u00e9rz\u00e9keny b\u0151rre, b\u0151rt\u00e1pl\u00e1l\u00f3 \u00e9s regener\u00e1l\u00f3 hat\u00e1s\u00fa arg\u00e1n olajjal, g\u00e9les \u00e1llag\u00fa gyanta. Anti allerg\u00e9n gyanta t\u00edpus amely k\u00f6nny\u0171 text\u00far\u00e1j\u00fa \u00e9s kiv\u00e1l\u00f3 tapad\u00e1s\u00fa, r\u00f6vid ,er\u0151s sz\u0151rsz\u00e1lak elt\u00e1vol\u00edt\u00e1s\u00e1hoz aj\u00e1nlott gyantapatron. Az arg\u00e1n olaj nagyon gazdag esszenci\u00e1lis zs\u00edrsavakban \u00e9s E-vitaminban. T\u00e1pl\u00e1l\u00f3, hidrat\u00e1l\u00f3, antioxid\u00e1ns \u00e9s sebgy\u00f3gy\u00edt\u00f3 hat\u00e1s\u00fa. \u00c9rz\u00e9keny \u00e9s intoler\u00e1ns b\u0151rre is [&hellip;]<\/p>\n","protected":false},"featured_media":5779,"comment_status":"open","ping_status":"closed","template":"","meta":[],"product_brand":[],"product_cat":[326,334,363,357],"product_tag":[],"class_list":{"0":"post-5781","1":"product","2":"type-product","3":"status-publish","4":"has-post-thumbnail","6":"product_cat-gyanta","7":"product_cat-gyantapatron","8":"product_cat-otthoni-gyantak","9":"product_cat-szortelenites-otthon","11":"first","12":"instock","13":"purchasable","14":"product-type-simple"},"_links":{"self":[{"href":"https:\/\/amicamiashop.com\/hu\/wp-json\/wp\/v2\/product\/5781","targetHints":{"allow":["GET"]}}],"collection":[{"href":"https:\/\/amicamiashop.com\/hu\/wp-json\/wp\/v2\/product"}],"about":[{"href":"https:\/\/amicamiashop.com\/hu\/wp-json\/wp\/v2\/types\/product"}],"replies":[{"embeddable":true,"href":"https:\/\/amicamiashop.com\/hu\/wp-json\/wp\/v2\/comments?post=5781"}],"version-history":[{"count":0,"href":"https:\/\/amicamiashop.com\/hu\/wp-json\/wp\/v2\/product\/5781\/revisions"}],"wp:featuredmedia":[{"embeddable":true,"href":"https:\/\/amicamiashop.com\/hu\/wp-json\/wp\/v2\/media\/5779"}],"wp:attachment":[{"href":"https:\/\/amicamiashop.com\/hu\/wp-json\/wp\/v2\/media?parent=5781"}],"wp:term":[{"taxonomy":"product_brand","embeddable":true,"href":"https:\/\/amicamiashop.com\/hu\/wp-json\/wp\/v2\/product_brand?post=5781"},{"taxonomy":"product_cat","embeddable":true,"href":"https:\/\/amicamiashop.com\/hu\/wp-json\/wp\/v2\/product_cat?post=5781"},{"taxonomy":"product_tag","embeddable":true,"href":"https:\/\/amicamiashop.com\/hu\/wp-json\/wp\/v2\/product_tag?post=5781"}],"curies":[{"name":"wp","href":"https:\/\/api.w.org\/{rel}","templated":true}]}}