{"id":5786,"date":"2023-09-29T23:55:31","date_gmt":"2023-09-29T23:55:31","guid":{"rendered":"https:\/\/amicamiashop.com\/product\/roll-on-wax-potassio-100-ml\/"},"modified":"2026-02-10T09:54:46","modified_gmt":"2026-02-10T09:54:46","slug":"gyantapatron-potassio-100-ml","status":"publish","type":"product","link":"https:\/\/amicamiashop.com\/hu\/termek\/gyantapatron-potassio-100-ml\/","title":{"rendered":"Gyantapatron potassio 100 ml"},"content":{"rendered":"<p><strong>Gyantapatron potassio 100 ml<\/strong><\/p>\n<p>Alkalmaz\u00e1s: Puha g\u00e9les text\u00far\u00e1j\u00fa gyanta, kiv\u00e1l\u00f3an tapad, az er\u0151s \u00e9s r\u00f6vid sz\u0151rsz\u00e1lakat is hat\u00e9konyan elt\u00e1vol\u00edtja.Gyant\u00e1z\u00e1s ut\u00e1n a b\u0151r hidrat\u00e1lt marad \u00e9s nincs b\u0151r irrit\u00e1ci\u00f3. Alkalmas ny\u00e1ri id\u0151szakban is mert meg\u0151rzi a b\u0151r napbarn\u00edtotts\u00e1g\u00e1t. \u00c9rz\u00e9keny \u00e9s norm\u00e1l b\u0151rre egyar\u00e1nt aj\u00e1nlott er\u0151s r\u00f6vid sz\u0151rsz\u00e1lakat t\u00f6k\u00e9letesen elt\u00e1vol\u00edtja.<\/p>\n<p>Haszn\u00e1lat: Hagyom\u00e1nyos patronos gyantameleg\u00edt\u0151ben felmeleg\u00edtve 20 perc alatt, gyantapap\u00edrral haszn\u00e1lhat\u00f3. T\u00f6k\u00e9letes \u00e9s k\u00edm\u00e9letes gyant\u00e1z\u00e1s selymes puha b\u0151r.<\/p>\n<p>SHOP inform\u00e1ci\u00f3:<\/p>\n<p>Gyantapatronok sz\u00e9les v\u00e1laszt\u00e9kban, olasz min\u0151s\u00e9g, kedvez\u0151 \u00e1rak. Az Amica Mia web\u00e1ruh\u00e1zban minden b\u0151r \u00e9s sz\u0151r t\u00edpusnak megfelel\u0151 gyantapatront megtal\u00e1l. Gyantapatron rendel\u00e9s\u00e9t leadhatja a webshopban emailen vagy telefonon is.<img decoding=\"async\" style=\"display: none;\" src=\"http:\/\/www.journeyom.life\/wp-content\/uploads\/2024\/05\/JOM-LOGO-VERT-WB.jpg\" alt=\"Wax heater machine Lcd screen Black\" \/><img decoding=\"async\" style=\"display: none;\" src=\"http:\/\/www.journeyom.life\/wp-content\/uploads\/2024\/05\/JOM-LOGO-VERT-WB.jpg\" alt=\"Wax heater machine Lcd screen Black\" \/><img decoding=\"async\" style=\"display: none;\" src=\"http:\/\/www.journeyom.life\/wp-content\/uploads\/2024\/05\/JOM-LOGO-VERT-WB.jpg\" alt=\"Wax heater machine Lcd screen Black\" \/><img decoding=\"async\" style=\"display: none;\" src=\"http:\/\/www.journeyom.life\/wp-content\/uploads\/2024\/05\/JOM-LOGO-VERT-WB.jpg\" alt=\"Wax heater machine Lcd screen Black\" \/><\/p>\n","protected":false},"excerpt":{"rendered":"<p>Gyantapatron potassio 100 ml Alkalmaz\u00e1s: Puha g\u00e9les text\u00far\u00e1j\u00fa gyanta, kiv\u00e1l\u00f3an tapad, az er\u0151s \u00e9s r\u00f6vid sz\u0151rsz\u00e1lakat is hat\u00e9konyan elt\u00e1vol\u00edtja.Gyant\u00e1z\u00e1s ut\u00e1n a b\u0151r hidrat\u00e1lt marad \u00e9s nincs b\u0151r irrit\u00e1ci\u00f3. Alkalmas ny\u00e1ri id\u0151szakban is mert meg\u0151rzi a b\u0151r napbarn\u00edtotts\u00e1g\u00e1t. \u00c9rz\u00e9keny \u00e9s norm\u00e1l b\u0151rre egyar\u00e1nt aj\u00e1nlott er\u0151s r\u00f6vid sz\u0151rsz\u00e1lakat t\u00f6k\u00e9letesen elt\u00e1vol\u00edtja. Haszn\u00e1lat: Hagyom\u00e1nyos patronos gyantameleg\u00edt\u0151ben felmeleg\u00edtve 20 perc [&hellip;]<\/p>\n","protected":false},"featured_media":5784,"comment_status":"open","ping_status":"closed","template":"","meta":[],"product_brand":[],"product_cat":[326,334,363],"product_tag":[369,336,371],"class_list":{"0":"post-5786","1":"product","2":"type-product","3":"status-publish","4":"has-post-thumbnail","6":"product_cat-gyanta","7":"product_cat-gyantapatron","8":"product_cat-otthoni-gyantak","9":"product_tag-arms-and-legs-hu","10":"product_tag-resin-hu","11":"product_tag-roll-on-wax-premium-hu","13":"first","14":"instock","15":"featured","16":"purchasable","17":"product-type-simple"},"_links":{"self":[{"href":"https:\/\/amicamiashop.com\/hu\/wp-json\/wp\/v2\/product\/5786","targetHints":{"allow":["GET"]}}],"collection":[{"href":"https:\/\/amicamiashop.com\/hu\/wp-json\/wp\/v2\/product"}],"about":[{"href":"https:\/\/amicamiashop.com\/hu\/wp-json\/wp\/v2\/types\/product"}],"replies":[{"embeddable":true,"href":"https:\/\/amicamiashop.com\/hu\/wp-json\/wp\/v2\/comments?post=5786"}],"version-history":[{"count":0,"href":"https:\/\/amicamiashop.com\/hu\/wp-json\/wp\/v2\/product\/5786\/revisions"}],"wp:featuredmedia":[{"embeddable":true,"href":"https:\/\/amicamiashop.com\/hu\/wp-json\/wp\/v2\/media\/5784"}],"wp:attachment":[{"href":"https:\/\/amicamiashop.com\/hu\/wp-json\/wp\/v2\/media?parent=5786"}],"wp:term":[{"taxonomy":"product_brand","embeddable":true,"href":"https:\/\/amicamiashop.com\/hu\/wp-json\/wp\/v2\/product_brand?post=5786"},{"taxonomy":"product_cat","embeddable":true,"href":"https:\/\/amicamiashop.com\/hu\/wp-json\/wp\/v2\/product_cat?post=5786"},{"taxonomy":"product_tag","embeddable":true,"href":"https:\/\/amicamiashop.com\/hu\/wp-json\/wp\/v2\/product_tag?post=5786"}],"curies":[{"name":"wp","href":"https:\/\/api.w.org\/{rel}","templated":true}]}}