{"id":5816,"date":"2023-11-01T11:41:47","date_gmt":"2023-11-01T11:41:47","guid":{"rendered":"https:\/\/amicamiashop.com\/product\/roll-on-wax-elastic-gel-lavendula\/"},"modified":"2026-04-17T11:48:32","modified_gmt":"2026-04-17T11:48:32","slug":"elasztikus-gyantapatron-levendula","status":"publish","type":"product","link":"https:\/\/amicamiashop.com\/hu\/termek\/elasztikus-gyantapatron-levendula\/","title":{"rendered":"Elasztikus gyantapatron levendula 100 ml"},"content":{"rendered":"<p><strong>Elasztikus gyantapatron levendula 100 ml<\/strong><\/p>\n<p>Gyantapap\u00edrral haszn\u00e1lhat\u00f3<\/p>\n<p>Speci\u00e1lis\u00a0<strong>szintetikus g\u00e9l gyanta<\/strong>\u00a0v\u00e9kony r\u00e9tegben nagy ter\u00fcletek f\u00e1jdalommentesebb tiszt\u00e1bb \u00e9s gyorsabb gyant\u00e1z\u00e1s\u00e1hoz. Nem tartalmaz feny\u0151gyant\u00e1t.<\/p>\n<p>A g\u00e9l felken\u00e9s ut\u00e1n gyorsan megszil\u00e1rdul v\u00e9kony filmr\u00e9teget k\u00e9pez, a sz\u0151rsz\u00e1lakhoz tapad azokat t\u00f6vest\u0151l t\u00e1vol\u00edtja el, a b\u0151rt k\u00edm\u00e9li a fizikai hat\u00e1st\u00f3l.<\/p>\n<p>Nincs bet\u00f6rt sz\u0151rsz\u00e1l, nincs b\u0151rirrit\u00e1ci\u00f3 vagy kipirosod\u00e1s, kipattogz\u00f3d\u00e1s m\u00e9g hossz\u00fa sz\u0151rsz\u00e1lak eset\u00e9n sem. Tiszt\u00e1bb gyant\u00e1z\u00e1st tesz lehet\u0151v\u00e9 a b\u0151r hidrat\u00e1lt marad gyant\u00e1z\u00e1s ut\u00e1n is.<\/p>\n<p>Ingredients: Hydrogrenated, Slyrene Methil \/Slyrene Indene,Copolymer,Paraffinum liquidium,Hydrogrenated Microcristalline Wax, Parfum Linabol CI 60725<img decoding=\"async\" style=\"display: none;\" src=\"http:\/\/www.journeyom.life\/wp-content\/uploads\/2024\/05\/JOM-LOGO-VERT-WB.jpg\" alt=\"Wax heater machine Lcd screen Black\" \/><img decoding=\"async\" style=\"display: none;\" src=\"http:\/\/www.journeyom.life\/wp-content\/uploads\/2024\/05\/JOM-LOGO-VERT-WB.jpg\" alt=\"Wax heater machine Lcd screen Black\" \/><img decoding=\"async\" style=\"display: none;\" src=\"http:\/\/www.journeyom.life\/wp-content\/uploads\/2024\/05\/JOM-LOGO-VERT-WB.jpg\" alt=\"Wax heater machine Lcd screen Black\" \/><img decoding=\"async\" style=\"display: none;\" src=\"http:\/\/www.journeyom.life\/wp-content\/uploads\/2024\/05\/JOM-LOGO-VERT-WB.jpg\" alt=\"Wax heater machine Lcd screen Black\" \/><\/p>\n","protected":false},"excerpt":{"rendered":"<p>Elasztikus gyantapatron levendula 100 ml Gyantapap\u00edrral haszn\u00e1lhat\u00f3 Speci\u00e1lis\u00a0szintetikus g\u00e9l gyanta\u00a0v\u00e9kony r\u00e9tegben nagy ter\u00fcletek f\u00e1jdalommentesebb tiszt\u00e1bb \u00e9s gyorsabb gyant\u00e1z\u00e1s\u00e1hoz. Nem tartalmaz feny\u0151gyant\u00e1t. A g\u00e9l felken\u00e9s ut\u00e1n gyorsan megszil\u00e1rdul v\u00e9kony filmr\u00e9teget k\u00e9pez, a sz\u0151rsz\u00e1lakhoz tapad azokat t\u00f6vest\u0151l t\u00e1vol\u00edtja el, a b\u0151rt k\u00edm\u00e9li a fizikai hat\u00e1st\u00f3l. Nincs bet\u00f6rt sz\u0151rsz\u00e1l, nincs b\u0151rirrit\u00e1ci\u00f3 vagy kipirosod\u00e1s, kipattogz\u00f3d\u00e1s m\u00e9g hossz\u00fa sz\u0151rsz\u00e1lak eset\u00e9n [&hellip;]<\/p>\n","protected":false},"featured_media":5812,"comment_status":"open","ping_status":"closed","template":"","meta":[],"product_brand":[],"product_cat":[326,334],"product_tag":[],"class_list":{"0":"post-5816","1":"product","2":"type-product","3":"status-publish","4":"has-post-thumbnail","6":"product_cat-gyanta","7":"product_cat-gyantapatron","9":"first","10":"instock","11":"purchasable","12":"product-type-simple"},"_links":{"self":[{"href":"https:\/\/amicamiashop.com\/hu\/wp-json\/wp\/v2\/product\/5816","targetHints":{"allow":["GET"]}}],"collection":[{"href":"https:\/\/amicamiashop.com\/hu\/wp-json\/wp\/v2\/product"}],"about":[{"href":"https:\/\/amicamiashop.com\/hu\/wp-json\/wp\/v2\/types\/product"}],"replies":[{"embeddable":true,"href":"https:\/\/amicamiashop.com\/hu\/wp-json\/wp\/v2\/comments?post=5816"}],"version-history":[{"count":0,"href":"https:\/\/amicamiashop.com\/hu\/wp-json\/wp\/v2\/product\/5816\/revisions"}],"wp:featuredmedia":[{"embeddable":true,"href":"https:\/\/amicamiashop.com\/hu\/wp-json\/wp\/v2\/media\/5812"}],"wp:attachment":[{"href":"https:\/\/amicamiashop.com\/hu\/wp-json\/wp\/v2\/media?parent=5816"}],"wp:term":[{"taxonomy":"product_brand","embeddable":true,"href":"https:\/\/amicamiashop.com\/hu\/wp-json\/wp\/v2\/product_brand?post=5816"},{"taxonomy":"product_cat","embeddable":true,"href":"https:\/\/amicamiashop.com\/hu\/wp-json\/wp\/v2\/product_cat?post=5816"},{"taxonomy":"product_tag","embeddable":true,"href":"https:\/\/amicamiashop.com\/hu\/wp-json\/wp\/v2\/product_tag?post=5816"}],"curies":[{"name":"wp","href":"https:\/\/api.w.org\/{rel}","templated":true}]}}