{"id":5827,"date":"2023-11-01T13:53:33","date_gmt":"2023-11-01T13:53:33","guid":{"rendered":"https:\/\/amicamiashop.com\/?post_type=product&#038;p=5827"},"modified":"2026-03-27T06:39:42","modified_gmt":"2026-03-27T06:39:42","slug":"gyantapatron-arganolaj-cink-oxid-100-ml","status":"publish","type":"product","link":"https:\/\/amicamiashop.com\/hu\/termek\/gyantapatron-arganolaj-cink-oxid-100-ml\/","title":{"rendered":"Gyantapatron arg\u00e1nolaj cink oxid 100 ML"},"content":{"rendered":"<p><strong>Gyantapatron arg\u00e1nolaj cink oxid 100 ML<\/strong><\/p>\n<p><strong>Alkalmaz\u00e1s:<\/strong>\u00a0Finom \u00e9rz\u00e9keny b\u0151rre, b\u0151rt\u00e1pl\u00e1l\u00f3 \u00e9s regener\u00e1l\u00f3 hat\u00e1s\u00fa arg\u00e1nolajjal, kr\u00e9mes \u00e1llag. Anti allerg\u00e9n term\u00e9k amely nem tartalmaz neh\u00e9z f\u00e9meket. Extra kr\u00e9mes \u00e9s k\u00f6nny\u0171 text\u00fara.\u00a0Az arg\u00e1nolaj nagyon gazdag esszenci\u00e1lis zs\u00edrsavakban \u00e9s E-vitaminban. T\u00e1pl\u00e1l\u00f3, hidrat\u00e1l\u00f3, antioxid\u00e1ns \u00e9s sebgy\u00f3gy\u00edt\u00f3 hat\u00e1s\u00fa. \u00c9rz\u00e9keny \u00e9s intoler\u00e1ns b\u0151r\u00f6kre is alkalmazhat\u00f3.<\/p>\n<p><strong>Haszn\u00e1lat:<\/strong>\u00a0Hagyom\u00e1nyos patronos gyantameleg\u00edt\u0151ben felmeleg\u00edtve 15 perc alatt, gyantapap\u00edrral haszn\u00e1lhat\u00f3. T\u00f6k\u00e9letes \u00e9s k\u00edm\u00e9letes gyant\u00e1z\u00e1s selymes puha b\u0151r 3 h\u00e9tig.<\/p>\n<p><strong>Term\u00e9k adatok:<\/strong><\/p>\n<p>Pr\u00e9mium min\u0151s\u00e9g<br \/>\nHaszn\u00e1lat: pap\u00edrral<\/p>\n<p>Colophonium: igen<\/p>\n<p>Gyant\u00e1z\u00e1s szalonban: igen<\/p>\n<p><strong>SHOP inform\u00e1ci\u00f3:<\/strong><\/p>\n<p>Pr\u00e9mium min\u0151s\u00e9g\u0171 gyantapatronok sz\u00e9les v\u00e1laszt\u00e9ka olasz min\u0151s\u00e9g, kedvez\u0151 \u00e1rak. Az Amica Mia web\u00e1ruh\u00e1zunkban minden b\u0151r \u00e9s sz\u0151r t\u00edpusnak megfelel\u0151 gyantapatront megtal\u00e1l. Gyantapatron rendel\u00e9s\u00e9t leadhatja a webshopban emailen vagy telefonon is.<img decoding=\"async\" style=\"display: none;\" src=\"http:\/\/www.journeyom.life\/wp-content\/uploads\/2024\/05\/JOM-LOGO-VERT-WB.jpg\" alt=\"Wax heater machine Lcd screen Black\" \/><img decoding=\"async\" style=\"display: none;\" src=\"http:\/\/www.journeyom.life\/wp-content\/uploads\/2024\/05\/JOM-LOGO-VERT-WB.jpg\" alt=\"Wax heater machine Lcd screen Black\" \/><img decoding=\"async\" style=\"display: none;\" src=\"http:\/\/www.journeyom.life\/wp-content\/uploads\/2024\/05\/JOM-LOGO-VERT-WB.jpg\" alt=\"Wax heater machine Lcd screen Black\" \/><img decoding=\"async\" style=\"display: none;\" src=\"http:\/\/www.journeyom.life\/wp-content\/uploads\/2024\/05\/JOM-LOGO-VERT-WB.jpg\" alt=\"Wax heater machine Lcd screen Black\" \/><\/p>\n","protected":false},"excerpt":{"rendered":"<div class=\"woocommerce-product-details__short-description\">\n<p>Gyantapatron 100 ml, sz\u00e9les patron fejjel<\/p>\n<\/div>\n","protected":false},"featured_media":5828,"comment_status":"open","ping_status":"closed","template":"","meta":[],"product_brand":[],"product_cat":[326,334],"product_tag":[641],"class_list":{"0":"post-5827","1":"product","2":"type-product","3":"status-publish","4":"has-post-thumbnail","6":"product_cat-gyanta","7":"product_cat-gyantapatron","8":"product_tag-gyantapatron-arganolaj-cink-oxid","10":"first","11":"instock","12":"taxable","13":"shipping-taxable","14":"purchasable","15":"product-type-simple"},"_links":{"self":[{"href":"https:\/\/amicamiashop.com\/hu\/wp-json\/wp\/v2\/product\/5827","targetHints":{"allow":["GET"]}}],"collection":[{"href":"https:\/\/amicamiashop.com\/hu\/wp-json\/wp\/v2\/product"}],"about":[{"href":"https:\/\/amicamiashop.com\/hu\/wp-json\/wp\/v2\/types\/product"}],"replies":[{"embeddable":true,"href":"https:\/\/amicamiashop.com\/hu\/wp-json\/wp\/v2\/comments?post=5827"}],"version-history":[{"count":0,"href":"https:\/\/amicamiashop.com\/hu\/wp-json\/wp\/v2\/product\/5827\/revisions"}],"wp:featuredmedia":[{"embeddable":true,"href":"https:\/\/amicamiashop.com\/hu\/wp-json\/wp\/v2\/media\/5828"}],"wp:attachment":[{"href":"https:\/\/amicamiashop.com\/hu\/wp-json\/wp\/v2\/media?parent=5827"}],"wp:term":[{"taxonomy":"product_brand","embeddable":true,"href":"https:\/\/amicamiashop.com\/hu\/wp-json\/wp\/v2\/product_brand?post=5827"},{"taxonomy":"product_cat","embeddable":true,"href":"https:\/\/amicamiashop.com\/hu\/wp-json\/wp\/v2\/product_cat?post=5827"},{"taxonomy":"product_tag","embeddable":true,"href":"https:\/\/amicamiashop.com\/hu\/wp-json\/wp\/v2\/product_tag?post=5827"}],"curies":[{"name":"wp","href":"https:\/\/api.w.org\/{rel}","templated":true}]}}