{"id":5835,"date":"2023-11-01T14:10:55","date_gmt":"2023-11-01T14:10:55","guid":{"rendered":"https:\/\/amicamiashop.com\/?post_type=product&#038;p=5835"},"modified":"2026-03-02T14:55:52","modified_gmt":"2026-03-02T14:55:52","slug":"gyantapatron-titan-csokolade-100-ml","status":"publish","type":"product","link":"https:\/\/amicamiashop.com\/hu\/termek\/gyantapatron-titan-csokolade-100-ml\/","title":{"rendered":"Gyantapatron titan csokol\u00e1d\u00e9 100 ml"},"content":{"rendered":"<p><strong>Gyantapatron titan csokol\u00e1d\u00e9\u00a0100 ML<\/strong><\/p>\n<p><strong>Alkalmaz\u00e1s:<\/strong>\u00a0\u00c9rz\u00e9keny b\u0151rre, gyullad\u00e1s cs\u00f6kkent\u0151 hat\u00e1s\u00fa, csokol\u00e1d\u00e9 illattal, er\u0151s sz\u0151rsz\u00e1lakhoz, kr\u00e9mes \u00e1llag\u00fa \u00f6sszet\u00e9tel. J\u00f3 tapad\u00e1s hat\u00e9kony er\u0151s r\u00f6vid sz\u0151rsz\u00e1lak eset\u00e9n.<br \/>\n<strong>Haszn\u00e1lat:<\/strong> Hagyom\u00e1nyos patronos gyantameleg\u00edt\u0151ben felmeleg\u00edtve 15 perc alatt, gyantapap\u00edrral haszn\u00e1lhat\u00f3. T\u00f6k\u00e9letes \u00e9s k\u00edm\u00e9letes gyant\u00e1z\u00e1s selymes puha b\u0151r.<\/p>\n<p><strong>Term\u00e9k adatok:\u00a0<\/strong>Pr\u00e9mium min\u0151s\u00e9g<br \/>\nHaszn\u00e1lat: pap\u00edrral<br \/>\nColophonium: igen<br \/>\nGyant\u00e1z\u00e1s szalonban: igen<\/p>\n<p><strong>SHOP inform\u00e1ci\u00f3:<\/strong><\/p>\n<p>Gyantapatronok sz\u00e9les v\u00e1laszt\u00e9kban, olasz min\u0151s\u00e9g, kedvez\u0151 \u00e1rak. Az Amica Mia web\u00e1ruh\u00e1zban minden b\u0151r \u00e9s sz\u0151r t\u00edpusnak megfelel\u0151 gyantapatront megtal\u00e1l. Gyantapatron rendel\u00e9s\u00e9t leadhatja a webshopban emailen vagy telefonon is.<img decoding=\"async\" style=\"display: none;\" src=\"http:\/\/www.journeyom.life\/wp-content\/uploads\/2024\/05\/JOM-LOGO-VERT-WB.jpg\" alt=\"Wax heater machine Lcd screen Black\" \/><img decoding=\"async\" style=\"display: none;\" src=\"http:\/\/www.journeyom.life\/wp-content\/uploads\/2024\/05\/JOM-LOGO-VERT-WB.jpg\" alt=\"Wax heater machine Lcd screen Black\" \/><img decoding=\"async\" style=\"display: none;\" src=\"http:\/\/www.journeyom.life\/wp-content\/uploads\/2024\/05\/JOM-LOGO-VERT-WB.jpg\" alt=\"Wax heater machine Lcd screen Black\" \/><img decoding=\"async\" style=\"display: none;\" src=\"http:\/\/www.journeyom.life\/wp-content\/uploads\/2024\/05\/JOM-LOGO-VERT-WB.jpg\" alt=\"Wax heater machine Lcd screen Black\" \/><\/p>\n","protected":false},"excerpt":{"rendered":"<p>Gyantapatron titan csokol\u00e1d\u00e9\u00a0100 ML Alkalmaz\u00e1s:\u00a0\u00c9rz\u00e9keny b\u0151rre, gyullad\u00e1s cs\u00f6kkent\u0151 hat\u00e1s\u00fa, csokol\u00e1d\u00e9 illattal, er\u0151s sz\u0151rsz\u00e1lakhoz, kr\u00e9mes \u00e1llag\u00fa \u00f6sszet\u00e9tel. J\u00f3 tapad\u00e1s hat\u00e9kony er\u0151s r\u00f6vid sz\u0151rsz\u00e1lak eset\u00e9n. Haszn\u00e1lat: Hagyom\u00e1nyos patronos gyantameleg\u00edt\u0151ben felmeleg\u00edtve 15 perc alatt, gyantapap\u00edrral haszn\u00e1lhat\u00f3. T\u00f6k\u00e9letes \u00e9s k\u00edm\u00e9letes gyant\u00e1z\u00e1s selymes puha b\u0151r. Term\u00e9k adatok:\u00a0Pr\u00e9mium min\u0151s\u00e9g Haszn\u00e1lat: pap\u00edrral Colophonium: igen Gyant\u00e1z\u00e1s szalonban: igen SHOP inform\u00e1ci\u00f3: Gyantapatronok sz\u00e9les v\u00e1laszt\u00e9kban, [&hellip;]<\/p>\n","protected":false},"featured_media":5836,"comment_status":"open","ping_status":"closed","template":"","meta":[],"product_brand":[],"product_cat":[326,334],"product_tag":[639],"class_list":{"0":"post-5835","1":"product","2":"type-product","3":"status-publish","4":"has-post-thumbnail","6":"product_cat-gyanta","7":"product_cat-gyantapatron","8":"product_tag-gyantapatron-titan-csokolade","10":"first","11":"instock","12":"purchasable","13":"product-type-simple"},"_links":{"self":[{"href":"https:\/\/amicamiashop.com\/hu\/wp-json\/wp\/v2\/product\/5835","targetHints":{"allow":["GET"]}}],"collection":[{"href":"https:\/\/amicamiashop.com\/hu\/wp-json\/wp\/v2\/product"}],"about":[{"href":"https:\/\/amicamiashop.com\/hu\/wp-json\/wp\/v2\/types\/product"}],"replies":[{"embeddable":true,"href":"https:\/\/amicamiashop.com\/hu\/wp-json\/wp\/v2\/comments?post=5835"}],"version-history":[{"count":0,"href":"https:\/\/amicamiashop.com\/hu\/wp-json\/wp\/v2\/product\/5835\/revisions"}],"wp:featuredmedia":[{"embeddable":true,"href":"https:\/\/amicamiashop.com\/hu\/wp-json\/wp\/v2\/media\/5836"}],"wp:attachment":[{"href":"https:\/\/amicamiashop.com\/hu\/wp-json\/wp\/v2\/media?parent=5835"}],"wp:term":[{"taxonomy":"product_brand","embeddable":true,"href":"https:\/\/amicamiashop.com\/hu\/wp-json\/wp\/v2\/product_brand?post=5835"},{"taxonomy":"product_cat","embeddable":true,"href":"https:\/\/amicamiashop.com\/hu\/wp-json\/wp\/v2\/product_cat?post=5835"},{"taxonomy":"product_tag","embeddable":true,"href":"https:\/\/amicamiashop.com\/hu\/wp-json\/wp\/v2\/product_tag?post=5835"}],"curies":[{"name":"wp","href":"https:\/\/api.w.org\/{rel}","templated":true}]}}