{"id":5843,"date":"2023-11-01T14:39:37","date_gmt":"2023-11-01T14:39:37","guid":{"rendered":"https:\/\/amicamiashop.com\/?post_type=product&#038;p=5843"},"modified":"2026-04-14T15:03:54","modified_gmt":"2026-04-14T15:03:54","slug":"gyantapatron-fekete-orhidea","status":"publish","type":"product","link":"https:\/\/amicamiashop.com\/hu\/termek\/gyantapatron-fekete-orhidea\/","title":{"rendered":"Gyantapatron fekete orhidea 100 ml"},"content":{"rendered":"<h3>Gyantapatron fekete orhidea 100 ml<\/h3>\n<p>Gyanta k\u00fcl\u00f6nlegess\u00e9g micromik\u00e1val b\u0151rt\u00e1pl\u00e1l\u00f3 \u00e1sv\u00e1nyi anyagokkal, f\u00e9rfiak k\u00edm\u00e9letes gyant\u00e1z\u00e1s\u00e1hoz. Er\u0151s sz\u0151rsz\u00e1lak elt\u00e1vol\u00edt\u00e1s\u00e1ra tervezve. Nincsenek bet\u00f6rt sz\u0151rsz\u00e1lak.<\/p>\n<p><strong>Aj\u00e1nlott :<\/strong>\u00a0er\u0151s sz\u0151r elt\u00e1vol\u00edt\u00e1s\u00e1hoz \u00e9s \u00e9rz\u00e9keny illetve norm\u00e1l b\u0151rh\u00f6z<br \/>\n<strong>Haszn\u00e1lat:<\/strong>\u00a0Hagyom\u00e1nyos patronos gyantameleg\u00edt\u0151ben felmeleg\u00edtve 20 perc alatt, gyantapap\u00edrral haszn\u00e1lhat\u00f3. T\u00f6k\u00e9letes \u00e9s k\u00edm\u00e9letes gyant\u00e1z\u00e1s selymes puha b\u0151r 3 h\u00e9tig.<\/p>\n<p><strong>Term\u00e9k adatok:\u00a0<\/strong><\/p>\n<p>Pr\u00e9mium min\u0151s\u00e9g<br \/>\nHaszn\u00e1lat: pap\u00edrral<br \/>\nColophonium: igen<\/p>\n<p><strong>SHOP inform\u00e1ci\u00f3:<\/strong><\/p>\n<p>Gyantapatronok sz\u00e9les v\u00e1laszt\u00e9ka, olasz min\u0151s\u00e9g kedvez\u0151 \u00e1rak. Az Amica Mia web\u00e1ruh\u00e1zban minden b\u0151r \u00e9s sz\u0151r t\u00edpusnak megfelel\u0151 gyantapatront megtal\u00e1l. Gyantapatron rendel\u00e9s\u00e9t leadhatja a webshopban emailen vagy telefonon is.<img decoding=\"async\" style=\"display: none;\" src=\"http:\/\/www.journeyom.life\/wp-content\/uploads\/2024\/05\/JOM-LOGO-VERT-WB.jpg\" alt=\"Wax heater machine Lcd screen Black\" \/><img decoding=\"async\" style=\"display: none;\" src=\"http:\/\/www.journeyom.life\/wp-content\/uploads\/2024\/05\/JOM-LOGO-VERT-WB.jpg\" alt=\"Wax heater machine Lcd screen Black\" \/><img decoding=\"async\" style=\"display: none;\" src=\"http:\/\/www.journeyom.life\/wp-content\/uploads\/2024\/05\/JOM-LOGO-VERT-WB.jpg\" alt=\"Wax heater machine Lcd screen Black\" \/><img decoding=\"async\" style=\"display: none;\" src=\"http:\/\/www.journeyom.life\/wp-content\/uploads\/2024\/05\/JOM-LOGO-VERT-WB.jpg\" alt=\"Wax heater machine Lcd screen Black\" \/><\/p>\n","protected":false},"excerpt":{"rendered":"<p>Gyantapatron fekete orhidea 100 ml Gyanta k\u00fcl\u00f6nlegess\u00e9g micromik\u00e1val b\u0151rt\u00e1pl\u00e1l\u00f3 \u00e1sv\u00e1nyi anyagokkal, f\u00e9rfiak k\u00edm\u00e9letes gyant\u00e1z\u00e1s\u00e1hoz. Er\u0151s sz\u0151rsz\u00e1lak elt\u00e1vol\u00edt\u00e1s\u00e1ra tervezve. Nincsenek bet\u00f6rt sz\u0151rsz\u00e1lak. Aj\u00e1nlott :\u00a0er\u0151s sz\u0151r elt\u00e1vol\u00edt\u00e1s\u00e1hoz \u00e9s \u00e9rz\u00e9keny illetve norm\u00e1l b\u0151rh\u00f6z Haszn\u00e1lat:\u00a0Hagyom\u00e1nyos patronos gyantameleg\u00edt\u0151ben felmeleg\u00edtve 20 perc alatt, gyantapap\u00edrral haszn\u00e1lhat\u00f3. T\u00f6k\u00e9letes \u00e9s k\u00edm\u00e9letes gyant\u00e1z\u00e1s selymes puha b\u0151r 3 h\u00e9tig. Term\u00e9k adatok:\u00a0 Pr\u00e9mium min\u0151s\u00e9g Haszn\u00e1lat: pap\u00edrral Colophonium: [&hellip;]<\/p>\n","protected":false},"featured_media":5844,"comment_status":"open","ping_status":"closed","template":"","meta":[],"product_brand":[],"product_cat":[326,334],"product_tag":[638],"class_list":{"0":"post-5843","1":"product","2":"type-product","3":"status-publish","4":"has-post-thumbnail","6":"product_cat-gyanta","7":"product_cat-gyantapatron","8":"product_tag-gyantapatron-fekete-orhidea","10":"first","11":"instock","12":"purchasable","13":"product-type-simple"},"_links":{"self":[{"href":"https:\/\/amicamiashop.com\/hu\/wp-json\/wp\/v2\/product\/5843","targetHints":{"allow":["GET"]}}],"collection":[{"href":"https:\/\/amicamiashop.com\/hu\/wp-json\/wp\/v2\/product"}],"about":[{"href":"https:\/\/amicamiashop.com\/hu\/wp-json\/wp\/v2\/types\/product"}],"replies":[{"embeddable":true,"href":"https:\/\/amicamiashop.com\/hu\/wp-json\/wp\/v2\/comments?post=5843"}],"version-history":[{"count":0,"href":"https:\/\/amicamiashop.com\/hu\/wp-json\/wp\/v2\/product\/5843\/revisions"}],"wp:featuredmedia":[{"embeddable":true,"href":"https:\/\/amicamiashop.com\/hu\/wp-json\/wp\/v2\/media\/5844"}],"wp:attachment":[{"href":"https:\/\/amicamiashop.com\/hu\/wp-json\/wp\/v2\/media?parent=5843"}],"wp:term":[{"taxonomy":"product_brand","embeddable":true,"href":"https:\/\/amicamiashop.com\/hu\/wp-json\/wp\/v2\/product_brand?post=5843"},{"taxonomy":"product_cat","embeddable":true,"href":"https:\/\/amicamiashop.com\/hu\/wp-json\/wp\/v2\/product_cat?post=5843"},{"taxonomy":"product_tag","embeddable":true,"href":"https:\/\/amicamiashop.com\/hu\/wp-json\/wp\/v2\/product_tag?post=5843"}],"curies":[{"name":"wp","href":"https:\/\/api.w.org\/{rel}","templated":true}]}}