{"id":5847,"date":"2023-11-01T14:47:31","date_gmt":"2023-11-01T14:47:31","guid":{"rendered":"https:\/\/amicamiashop.com\/?post_type=product&#038;p=5847"},"modified":"2026-03-10T09:36:11","modified_gmt":"2026-03-10T09:36:11","slug":"elasztikus-gyantapatron-aloe-vera","status":"publish","type":"product","link":"https:\/\/amicamiashop.com\/hu\/termek\/elasztikus-gyantapatron-aloe-vera\/","title":{"rendered":"Elasztikus gyantapatron aloe vera 100 ml"},"content":{"rendered":"<p><strong>Elasztikus gyantapatron aloe vera 100 ml<\/strong><\/p>\n<p>Speci\u00e1lis\u00a0<strong>szintetikus g\u00e9l gyanta<\/strong>\u00a0v\u00e9kony r\u00e9tegben nagy ter\u00fcletek f\u00e1jdalom mentesebb, tiszt\u00e1bb \u00e9s gyorsabb gyant\u00e1z\u00e1s\u00e1hoz. Nem tartalmaz feny\u0151gyant\u00e1t teh\u00e1t minden b\u0151rt\u00edpusra haszn\u00e1lhat\u00f3.<\/p>\n<p>A g\u00e9l felken\u00e9s ut\u00e1n gyorsan megszil\u00e1rdul v\u00e9kony filmr\u00e9teget k\u00e9pez, a sz\u0151rsz\u00e1lakhoz tapad azokat t\u00f6vest\u0151l t\u00e1vol\u00edtja el a b\u0151rt k\u00edm\u00e9li a fizikai hat\u00e1st\u00f3l.<\/p>\n<p>Nincs bet\u00f6rt sz\u0151rsz\u00e1l nincs b\u0151rirrit\u00e1ci\u00f3 vagy kipirosod\u00e1s, kipattogz\u00f3d\u00e1s m\u00e9g hossz\u00fa sz\u0151rsz\u00e1lak eset\u00e9n sem. Tiszt\u00e1bb gyant\u00e1z\u00e1st tesz lehet\u0151v\u00e9 a b\u0151r hidrat\u00e1lt marad gyant\u00e1z\u00e1s ut\u00e1n is.<\/p>\n<p>Ingredients: Hydrogenated, Styrene Methil \/Styrene Indene,Copolymer, Paraffin liquidium, Hydrogrenated Microcristalline Wax,Aloe Vera Barbadensis Exract, Capric,Triglyceride, CI 61565, CI 47000<img decoding=\"async\" style=\"display: none;\" src=\"http:\/\/www.journeyom.life\/wp-content\/uploads\/2024\/05\/JOM-LOGO-VERT-WB.jpg\" alt=\"Wax heater machine Lcd screen Black\" \/><img decoding=\"async\" style=\"display: none;\" src=\"http:\/\/www.journeyom.life\/wp-content\/uploads\/2024\/05\/JOM-LOGO-VERT-WB.jpg\" alt=\"Wax heater machine Lcd screen Black\" \/><img decoding=\"async\" style=\"display: none;\" src=\"http:\/\/www.journeyom.life\/wp-content\/uploads\/2024\/05\/JOM-LOGO-VERT-WB.jpg\" alt=\"Wax heater machine Lcd screen Black\" \/><img decoding=\"async\" style=\"display: none;\" src=\"http:\/\/www.journeyom.life\/wp-content\/uploads\/2024\/05\/JOM-LOGO-VERT-WB.jpg\" alt=\"Wax heater machine Lcd screen Black\" \/><\/p>\n","protected":false},"excerpt":{"rendered":"<p>Elasztikus gyantapatron aloe vera 100 ml Speci\u00e1lis\u00a0szintetikus g\u00e9l gyanta\u00a0v\u00e9kony r\u00e9tegben nagy ter\u00fcletek f\u00e1jdalom mentesebb, tiszt\u00e1bb \u00e9s gyorsabb gyant\u00e1z\u00e1s\u00e1hoz. Nem tartalmaz feny\u0151gyant\u00e1t teh\u00e1t minden b\u0151rt\u00edpusra haszn\u00e1lhat\u00f3. A g\u00e9l felken\u00e9s ut\u00e1n gyorsan megszil\u00e1rdul v\u00e9kony filmr\u00e9teget k\u00e9pez, a sz\u0151rsz\u00e1lakhoz tapad azokat t\u00f6vest\u0151l t\u00e1vol\u00edtja el a b\u0151rt k\u00edm\u00e9li a fizikai hat\u00e1st\u00f3l. Nincs bet\u00f6rt sz\u0151rsz\u00e1l nincs b\u0151rirrit\u00e1ci\u00f3 vagy kipirosod\u00e1s, kipattogz\u00f3d\u00e1s [&hellip;]<\/p>\n","protected":false},"featured_media":5848,"comment_status":"open","ping_status":"closed","template":"","meta":[],"product_brand":[],"product_cat":[326,334],"product_tag":[637],"class_list":{"0":"post-5847","1":"product","2":"type-product","3":"status-publish","4":"has-post-thumbnail","6":"product_cat-gyanta","7":"product_cat-gyantapatron","8":"product_tag-elasztikus-gyantapatron-aloe-vera","10":"first","11":"outofstock","12":"purchasable","13":"product-type-simple"},"_links":{"self":[{"href":"https:\/\/amicamiashop.com\/hu\/wp-json\/wp\/v2\/product\/5847","targetHints":{"allow":["GET"]}}],"collection":[{"href":"https:\/\/amicamiashop.com\/hu\/wp-json\/wp\/v2\/product"}],"about":[{"href":"https:\/\/amicamiashop.com\/hu\/wp-json\/wp\/v2\/types\/product"}],"replies":[{"embeddable":true,"href":"https:\/\/amicamiashop.com\/hu\/wp-json\/wp\/v2\/comments?post=5847"}],"version-history":[{"count":0,"href":"https:\/\/amicamiashop.com\/hu\/wp-json\/wp\/v2\/product\/5847\/revisions"}],"wp:featuredmedia":[{"embeddable":true,"href":"https:\/\/amicamiashop.com\/hu\/wp-json\/wp\/v2\/media\/5848"}],"wp:attachment":[{"href":"https:\/\/amicamiashop.com\/hu\/wp-json\/wp\/v2\/media?parent=5847"}],"wp:term":[{"taxonomy":"product_brand","embeddable":true,"href":"https:\/\/amicamiashop.com\/hu\/wp-json\/wp\/v2\/product_brand?post=5847"},{"taxonomy":"product_cat","embeddable":true,"href":"https:\/\/amicamiashop.com\/hu\/wp-json\/wp\/v2\/product_cat?post=5847"},{"taxonomy":"product_tag","embeddable":true,"href":"https:\/\/amicamiashop.com\/hu\/wp-json\/wp\/v2\/product_tag?post=5847"}],"curies":[{"name":"wp","href":"https:\/\/api.w.org\/{rel}","templated":true}]}}