{"id":5861,"date":"2023-11-01T15:04:36","date_gmt":"2023-11-01T15:04:36","guid":{"rendered":"https:\/\/amicamiashop.com\/?post_type=product&#038;p=5861"},"modified":"2026-03-02T14:35:35","modified_gmt":"2026-03-02T14:35:35","slug":"gyantapatron-canapa-100-ml","status":"publish","type":"product","link":"https:\/\/amicamiashop.com\/hu\/termek\/gyantapatron-canapa-100-ml\/","title":{"rendered":"Gyantapatron canapa 100 ml"},"content":{"rendered":"<p><strong>Gyantapatron canapa 100 ML<\/strong><\/p>\n<p><strong>Tulajdons\u00e1g:\u00a0<\/strong><\/p>\n<p>V\u00e1logatott \u00f6sszetev\u0151ket tartalmaz\u00f3 gyanta mely indiai kendermagolajjal gazdag\u00edtott, \u00e9s a Canapa n\u00f6v\u00e9ny magj\u00e1nak hideg sajtol\u00e1s\u00e1b\u00f3l\u00f3l sz\u00e1rmaz\u00f3 olajat tartalmaz.<\/p>\n<p>Antioxid\u00e1ns \u00e9s nyugtat\u00f3 hat\u00e1s\u00fa a kenderolajnak k\u00f6sz\u00f6nhet\u0151en ; kiv\u00e1l\u00f3 b\u0151rpuh\u00edt\u00f3 tulajdons\u00e1gokkal rendelkezik, amelyek seg\u00edtenek megv\u00e9deni a b\u0151rt a kipirosod\u00e1s \u00e9s az irrit\u00e1ci\u00f3 ellen.<\/p>\n<p>Sz\u00edn: vil\u00e1gos b\u00e9zs<\/p>\n<p>A gyeng\u00e9d tit\u00e1n-dioxid sz\u0151rtelen\u00edt\u0151 gyanta alkalmas \u00e9rz\u00e9keny \u00e9s lebarnult b\u0151rre. Finom gyant\u00e1z\u00e1st tesz lehet\u0151v\u00e9 \u00e9s\u00a0 \u00e9s gyant\u00e1z\u00e1s ut\u00e1n nincs kipirosod\u00e1s.<\/p>\n<p>F\u0151bb jellemz\u0151i: kiv\u00e1l\u00f3 ter\u00fcl\u00e9s \u00e9s rugalmass\u00e1g \u00e9s k\u00f6nny\u00fc gyant\u00e1z\u00e1s.<\/p>\n<p><strong>Alkalmaz\u00e1s:<\/strong>\u00a0Canapa n\u00f6v\u00e9ny kivonat\u00e1val d\u00fas\u00edtott gyanta, hiper\u00e9rz\u00e9keny vagy lebarnult b\u0151rre aj\u00e1nlott kr\u00e9mes \u00e1llag\u00fa \u00f6sszet\u00e9tel\u0171 gyantapatron. T\u00f6k\u00e9letes \u00e9s k\u00edm\u00e9letes gyant\u00e1z\u00e1st\u00a0 valamint k\u00f6nny\u0171, tiszta \u00e9s gyors depil\u00e1ci\u00f3t tesz lehet\u0151v\u00e9. Haszn\u00e1lata nincs ragad\u00f3s b\u0151r \u00e9rzet sem gyantamaradv\u00e1nyok.<br \/>\n<strong>Haszn\u00e1lat:<\/strong> Hagyom\u00e1nyos patronos gyantameleg\u00edt\u0151ben felmeleg\u00edtve 15 perc alatt, gyantapap\u00edrral haszn\u00e1lhat\u00f3.<\/p>\n<p><strong>Term\u00e9k adatok:<\/strong><br \/>\nHaszn\u00e1lat: pap\u00edrral<br \/>\nColophonium: nem<\/p>\n<p><strong>SHOP inform\u00e1ci\u00f3:<\/strong><\/p>\n<p>Gyantapatronok sz\u00e9les v\u00e1laszt\u00e9kban, olasz min\u0151s\u00e9g, kedvez\u0151 \u00e1rak. Az Amica Mia web\u00e1ruh\u00e1zban minden b\u0151r \u00e9s sz\u0151r t\u00edpusnak megfelel\u0151 gyantapatront megtal\u00e1l. Gyantapatron rendel\u00e9s\u00e9t leadhatja a webshopban emailen vagy telefonon is.<img decoding=\"async\" style=\"display: none;\" src=\"http:\/\/www.journeyom.life\/wp-content\/uploads\/2024\/05\/JOM-LOGO-VERT-WB.jpg\" alt=\"Wax heater machine Lcd screen Black\" \/><img decoding=\"async\" style=\"display: none;\" src=\"http:\/\/www.journeyom.life\/wp-content\/uploads\/2024\/05\/JOM-LOGO-VERT-WB.jpg\" alt=\"Wax heater machine Lcd screen Black\" \/><img decoding=\"async\" style=\"display: none;\" src=\"http:\/\/www.journeyom.life\/wp-content\/uploads\/2024\/05\/JOM-LOGO-VERT-WB.jpg\" alt=\"Wax heater machine Lcd screen Black\" \/><img decoding=\"async\" style=\"display: none;\" src=\"http:\/\/www.journeyom.life\/wp-content\/uploads\/2024\/05\/JOM-LOGO-VERT-WB.jpg\" alt=\"Wax heater machine Lcd screen Black\" \/><\/p>\n","protected":false},"excerpt":{"rendered":"<p>Gyantapatron canapa 100 ML Tulajdons\u00e1g:\u00a0 V\u00e1logatott \u00f6sszetev\u0151ket tartalmaz\u00f3 gyanta mely indiai kendermagolajjal gazdag\u00edtott, \u00e9s a Canapa n\u00f6v\u00e9ny magj\u00e1nak hideg sajtol\u00e1s\u00e1b\u00f3l\u00f3l sz\u00e1rmaz\u00f3 olajat tartalmaz. Antioxid\u00e1ns \u00e9s nyugtat\u00f3 hat\u00e1s\u00fa a kenderolajnak k\u00f6sz\u00f6nhet\u0151en ; kiv\u00e1l\u00f3 b\u0151rpuh\u00edt\u00f3 tulajdons\u00e1gokkal rendelkezik, amelyek seg\u00edtenek megv\u00e9deni a b\u0151rt a kipirosod\u00e1s \u00e9s az irrit\u00e1ci\u00f3 ellen. Sz\u00edn: vil\u00e1gos b\u00e9zs A gyeng\u00e9d tit\u00e1n-dioxid sz\u0151rtelen\u00edt\u0151 gyanta alkalmas [&hellip;]<\/p>\n","protected":false},"featured_media":5862,"comment_status":"open","ping_status":"closed","template":"","meta":[],"product_brand":[],"product_cat":[326,334],"product_tag":[633],"class_list":{"0":"post-5861","1":"product","2":"type-product","3":"status-publish","4":"has-post-thumbnail","6":"product_cat-gyanta","7":"product_cat-gyantapatron","8":"product_tag-gyantapatron-canapa","10":"first","11":"instock","12":"purchasable","13":"product-type-simple"},"_links":{"self":[{"href":"https:\/\/amicamiashop.com\/hu\/wp-json\/wp\/v2\/product\/5861","targetHints":{"allow":["GET"]}}],"collection":[{"href":"https:\/\/amicamiashop.com\/hu\/wp-json\/wp\/v2\/product"}],"about":[{"href":"https:\/\/amicamiashop.com\/hu\/wp-json\/wp\/v2\/types\/product"}],"replies":[{"embeddable":true,"href":"https:\/\/amicamiashop.com\/hu\/wp-json\/wp\/v2\/comments?post=5861"}],"version-history":[{"count":0,"href":"https:\/\/amicamiashop.com\/hu\/wp-json\/wp\/v2\/product\/5861\/revisions"}],"wp:featuredmedia":[{"embeddable":true,"href":"https:\/\/amicamiashop.com\/hu\/wp-json\/wp\/v2\/media\/5862"}],"wp:attachment":[{"href":"https:\/\/amicamiashop.com\/hu\/wp-json\/wp\/v2\/media?parent=5861"}],"wp:term":[{"taxonomy":"product_brand","embeddable":true,"href":"https:\/\/amicamiashop.com\/hu\/wp-json\/wp\/v2\/product_brand?post=5861"},{"taxonomy":"product_cat","embeddable":true,"href":"https:\/\/amicamiashop.com\/hu\/wp-json\/wp\/v2\/product_cat?post=5861"},{"taxonomy":"product_tag","embeddable":true,"href":"https:\/\/amicamiashop.com\/hu\/wp-json\/wp\/v2\/product_tag?post=5861"}],"curies":[{"name":"wp","href":"https:\/\/api.w.org\/{rel}","templated":true}]}}