{"id":5865,"date":"2023-11-01T15:09:11","date_gmt":"2023-11-01T15:09:11","guid":{"rendered":"https:\/\/amicamiashop.com\/?post_type=product&#038;p=5865"},"modified":"2026-04-06T17:38:39","modified_gmt":"2026-04-06T17:38:39","slug":"gyantapatron-curcuma-gyomber-100-ml","status":"publish","type":"product","link":"https:\/\/amicamiashop.com\/hu\/termek\/gyantapatron-curcuma-gyomber-100-ml\/","title":{"rendered":"Gyantapatron curcuma gyomber 100 ml"},"content":{"rendered":"<p><strong>Gyantapatron curcuma gyomber 100 ML<\/strong><\/p>\n<p><strong>Tulajdons\u00e1g:<\/strong>\u00a0 Kurkuma \u00e9s a gy\u00f6mb\u00e9r kivonataival gazdag\u00edtott kr\u00e9mes \u00e1llag\u00fa Colophomium mentes olasz Pr\u00e9mium min\u0151s\u00e9g\u00fc gyantapatron. Regener\u00e1l\u00f3 \u00e9s b\u0151rnyugtat\u00f3 \u00f6sszetev\u0151inek k\u00f6sz\u00f6nhet\u0151en nincs kipirosod\u00e1s gyant\u00e1z\u00e1s ut\u00e1n.<\/p>\n<p><strong>Alkalmaz\u00e1s: <\/strong>\u00c9rz\u00e9keny b\u0151rre aj\u00e1nlott,kr\u00e9mes \u00e1llag\u00fa gyantapatron, amely intenz\u00edv s\u00e1rga sz\u00edn\u0171. T\u00f6k\u00e9letes gyant\u00e1z\u00e1st\u00a0 valamint k\u00f6nny\u0171, tiszta \u00e9s gyors depil\u00e1ci\u00f3t tesz lehet\u0151v\u00e9. Haszn\u00e1lata ut\u00e1n nincs ragad\u00f3s b\u0151r\u00e9rzet sem gyantamaradv\u00e1nyok.<\/p>\n<p><strong>Haszn\u00e1lat:<\/strong>\u00a0Hagyom\u00e1nyos patronos gyantameleg\u00edt\u0151ben felmeleg\u00edtve 15 perc alatt, gyantapap\u00edrral haszn\u00e1lhat\u00f3. T\u00f6k\u00e9letes \u00e9s k\u00edm\u00e9letes gyant\u00e1z\u00e1s selymes puha b\u0151r 3 h\u00e9tig.<\/p>\n<p><strong>Term\u00e9k adatok:<\/strong><br \/>\nHaszn\u00e1lat: pap\u00edrral<br \/>\nColophonium: nem<\/p>\n<p><strong>SHOP inform\u00e1ci\u00f3:<\/strong><\/p>\n<p>Gyantapatronok sz\u00e9les v\u00e1laszt\u00e9kban, olasz min\u0151s\u00e9g, kedvez\u0151 \u00e1rak. Az Amica Mia web\u00e1ruh\u00e1zban minden b\u0151r \u00e9s sz\u0151r t\u00edpusnak megfelel\u0151 gyantapatront megtal\u00e1l. Gyantapatron rendel\u00e9s\u00e9t leadhatja a webshopban emailen vagy telefonon is.<img decoding=\"async\" style=\"display: none;\" src=\"http:\/\/www.journeyom.life\/wp-content\/uploads\/2024\/05\/JOM-LOGO-VERT-WB.jpg\" alt=\"Wax heater machine Lcd screen Black\" \/><img decoding=\"async\" style=\"display: none;\" src=\"http:\/\/www.journeyom.life\/wp-content\/uploads\/2024\/05\/JOM-LOGO-VERT-WB.jpg\" alt=\"Wax heater machine Lcd screen Black\" \/><img decoding=\"async\" style=\"display: none;\" src=\"http:\/\/www.journeyom.life\/wp-content\/uploads\/2024\/05\/JOM-LOGO-VERT-WB.jpg\" alt=\"Wax heater machine Lcd screen Black\" \/><img decoding=\"async\" style=\"display: none;\" src=\"http:\/\/www.journeyom.life\/wp-content\/uploads\/2024\/05\/JOM-LOGO-VERT-WB.jpg\" alt=\"Wax heater machine Lcd screen Black\" \/><\/p>\n","protected":false},"excerpt":{"rendered":"<p>Gyantapatron curcuma gyomber 100 ML Tulajdons\u00e1g:\u00a0 Kurkuma \u00e9s a gy\u00f6mb\u00e9r kivonataival gazdag\u00edtott kr\u00e9mes \u00e1llag\u00fa Colophomium mentes olasz Pr\u00e9mium min\u0151s\u00e9g\u00fc gyantapatron. Regener\u00e1l\u00f3 \u00e9s b\u0151rnyugtat\u00f3 \u00f6sszetev\u0151inek k\u00f6sz\u00f6nhet\u0151en nincs kipirosod\u00e1s gyant\u00e1z\u00e1s ut\u00e1n. Alkalmaz\u00e1s: \u00c9rz\u00e9keny b\u0151rre aj\u00e1nlott,kr\u00e9mes \u00e1llag\u00fa gyantapatron, amely intenz\u00edv s\u00e1rga sz\u00edn\u0171. T\u00f6k\u00e9letes gyant\u00e1z\u00e1st\u00a0 valamint k\u00f6nny\u0171, tiszta \u00e9s gyors depil\u00e1ci\u00f3t tesz lehet\u0151v\u00e9. Haszn\u00e1lata ut\u00e1n nincs ragad\u00f3s b\u0151r\u00e9rzet sem [&hellip;]<\/p>\n","protected":false},"featured_media":5866,"comment_status":"open","ping_status":"closed","template":"","meta":[],"product_brand":[],"product_cat":[326,334],"product_tag":[632],"class_list":{"0":"post-5865","1":"product","2":"type-product","3":"status-publish","4":"has-post-thumbnail","6":"product_cat-gyanta","7":"product_cat-gyantapatron","8":"product_tag-gyantapatron-curcuma-gyomber","10":"first","11":"instock","12":"purchasable","13":"product-type-simple"},"_links":{"self":[{"href":"https:\/\/amicamiashop.com\/hu\/wp-json\/wp\/v2\/product\/5865","targetHints":{"allow":["GET"]}}],"collection":[{"href":"https:\/\/amicamiashop.com\/hu\/wp-json\/wp\/v2\/product"}],"about":[{"href":"https:\/\/amicamiashop.com\/hu\/wp-json\/wp\/v2\/types\/product"}],"replies":[{"embeddable":true,"href":"https:\/\/amicamiashop.com\/hu\/wp-json\/wp\/v2\/comments?post=5865"}],"version-history":[{"count":0,"href":"https:\/\/amicamiashop.com\/hu\/wp-json\/wp\/v2\/product\/5865\/revisions"}],"wp:featuredmedia":[{"embeddable":true,"href":"https:\/\/amicamiashop.com\/hu\/wp-json\/wp\/v2\/media\/5866"}],"wp:attachment":[{"href":"https:\/\/amicamiashop.com\/hu\/wp-json\/wp\/v2\/media?parent=5865"}],"wp:term":[{"taxonomy":"product_brand","embeddable":true,"href":"https:\/\/amicamiashop.com\/hu\/wp-json\/wp\/v2\/product_brand?post=5865"},{"taxonomy":"product_cat","embeddable":true,"href":"https:\/\/amicamiashop.com\/hu\/wp-json\/wp\/v2\/product_cat?post=5865"},{"taxonomy":"product_tag","embeddable":true,"href":"https:\/\/amicamiashop.com\/hu\/wp-json\/wp\/v2\/product_tag?post=5865"}],"curies":[{"name":"wp","href":"https:\/\/api.w.org\/{rel}","templated":true}]}}