{"id":5885,"date":"2023-09-29T23:54:53","date_gmt":"2023-09-29T23:54:53","guid":{"rendered":"https:\/\/amicamiashop.com\/product\/brazilian-wax\/"},"modified":"2026-04-18T09:41:30","modified_gmt":"2026-04-18T09:41:30","slug":"elasztikus-gyanta-brazi","status":"publish","type":"product","link":"https:\/\/amicamiashop.com\/hu\/termek\/elasztikus-gyanta-brazi\/","title":{"rendered":"Brazil gyanta Korong"},"content":{"rendered":"<p>Elasztikus\u00a0 brazil gyanta 800gr<\/p>\n<p>Szinte f\u00e1jdalommentes gyant\u00e1z\u00e1s m\u00e9g a leg\u00e9rz\u00e9kenyebb ter\u00fcleteken is. Elasztikus gyanta ami sosem t\u00f6rik \u00e9s alacsony h\u0151fokon olvad \u00edgy b\u0151rre kenve kellemes \u00e9rz\u00e9s, ez a t\u00edpus\u00fa gyanta sosem \u00e9get.<\/p>\n<p>Csakis term\u00e9szetes alapanyagokat tartalmaz\u00f3 brazil elasztikus koronggyanta olyan gyanta t\u00edpus, amely minden b\u0151rt\u00edpusra haszn\u00e1lhat\u00f3, javasolt intim ter\u00fcleteken \u00e9s arcon. Haszn\u00e1lata sor\u00e1n a sz\u0151rsz\u00e1lak gyeng\u00fclnek a b\u0151r\u00f6n sosincs h\u00e1ms\u00e9r\u00fcl\u00e9s mert csak a sz\u0151rh\u00f6z tapad nem a b\u0151rh\u00f6z.<br \/>\nA brazil elasztikus koronggyanta Nem tartalmaz: k\u0151olaj sz\u00e1rmaz\u00e9kokat, parab\u00e9neket, allerg\u00e9neket, neh\u00e9z f\u00e9meket.<\/p>\n<p>K\u00fcl\u00f6n\u00f6sen alkalmas intim ter\u00fcletek gyant\u00e1z\u00e1s\u00e1ra elasztikuss\u00e1ga miatt puha, tompa szak\u00edt\u00e1ssal v\u00e9gezhet\u0151 a sz\u0151rtelen\u00edt\u00e9s, k\u00edm\u00e9letes \u00e9s soha nem nem roncsolja a b\u0151rt. Brazil elasztikus korongyanta kimondottan aj\u00e1nlott \u00e9rz\u00e9keny vagy allergi\u00e1ra hajlamos b\u0151rre \u00e9s a kezel\u00e9s ut\u00e1n nincs kipirosod\u00e1s sem b\u0151r\u00e9rz\u00e9kenys\u00e9g. Maracuja olaj tartalm\u00e1val t\u00e1pl\u00e1lja \u00e9s hidrat\u00e1lja a b\u0151rt ez\u00e1ltal gyant\u00e1z\u00e1s ut\u00e1n nincs sz\u00e1raz \u00e9s megviselt b\u0151r.<br \/>\nLeh\u00faz\u00f3cs\u00edk n\u00e9lk\u00fcli haszn\u00e1lat.<\/p>\n<p>Elasztikus brazil gyanta, Konzervgyanta brazil,\u00a0Brazil t\u00e1lc\u00e1s gyanta\u00a0azonos recptura alapj\u00e1n gy\u00e1rtott term\u00e9k elt\u00e9r\u0151 kiszerel\u00e9sben.<\/p>\n<p>\u00d6sszetev\u0151i:\u00a0m\u00e9hviasz, term\u00e9szetes \u00e1sv\u00e1nyi viasz, candellila viasz \u00e9s maracuja olaj.<\/p>\n<p>Haszn\u00e1lat:<\/p>\n<p>Meleg\u00edts\u00fck a gyant\u00e1t 90 C fokon am\u00edg teljesen felolvad, majd \u00e1ll\u00edtsuk alacsonyabb 55-65 C fokos h\u0151m\u00e9rs\u00e9klet\u0171re a g\u00e9pet.<br \/>\nV\u00e1rjuk meg am\u00edg a gyanta s\u0171r\u0171 text\u00far\u00e1j\u00fa lesz \u00edgy vigy\u00fck fel a b\u0151rre.<br \/>\nSz\u0151rn\u00f6veked\u00e9s ir\u00e1ny\u00e1nak megfelel\u0151en kenj\u00fck fel spatula seg\u00edts\u00e9g\u00e9vel \u00e9s v\u00e1rjuk meg am\u00edg\u00a0 megdermed a b\u0151r\u00f6n.<br \/>\nSz\u0151rn\u00f6veked\u00e9ssel ellent\u00e9tes ir\u00e1nyba t\u00e9pj\u00fck le r\u00f6vid hat\u00e1rozott mozdulatokkal.<br \/>\nGyant\u00e1z\u00e1s befejezt\u00e9vel haszn\u00e1ljon tiszt\u00edt\u00f3 olajat a gyantamaradv\u00e1nyok elt\u00fcntet\u00e9s\u00e9hez.<\/p>\n<p>Term\u00e9k adatok:<br \/>\nHaszn\u00e1lat: pap\u00edr n\u00e9lk\u00fcl<br \/>\nColophonium: igen<br \/>\nGyant\u00e1z\u00e1s szalonban: igen<\/p>\n<p>SHOP inform\u00e1ci\u00f3:<\/p>\n<p>Web\u00e1ruh\u00e1zunkban t\u00f6bbf\u00e9le korong gyanta fajta rendelhet\u0151 kedvez\u0151 \u00e1ron. Az Amica Mia web\u00e1ruh\u00e1zunkban minden b\u0151r \u00e9s sz\u0151r t\u00edpusnak megfelel\u0151 korong gyant\u00e1t megtal\u00e1l. Gyanta rendel\u00e9s\u00e9t leadhatja a webshopban emailen vagy telefonon is.<img decoding=\"async\" style=\"display: none;\" src=\"http:\/\/www.journeyom.life\/wp-content\/uploads\/2024\/05\/JOM-LOGO-VERT-WB.jpg\" alt=\"Wax heater machine Lcd screen Black\" \/><img decoding=\"async\" style=\"display: none;\" src=\"http:\/\/www.journeyom.life\/wp-content\/uploads\/2024\/05\/JOM-LOGO-VERT-WB.jpg\" alt=\"Wax heater machine Lcd screen Black\" \/><img decoding=\"async\" style=\"display: none;\" src=\"http:\/\/www.journeyom.life\/wp-content\/uploads\/2024\/05\/JOM-LOGO-VERT-WB.jpg\" alt=\"Wax heater machine Lcd screen Black\" \/><img decoding=\"async\" style=\"display: none;\" src=\"http:\/\/www.journeyom.life\/wp-content\/uploads\/2024\/05\/JOM-LOGO-VERT-WB.jpg\" alt=\"Wax heater machine Lcd screen Black\" \/><\/p>\n","protected":false},"excerpt":{"rendered":"<p>Elasztikus gyanta brazil 800gr<\/p>\n","protected":false},"featured_media":5880,"comment_status":"open","ping_status":"closed","template":"","meta":[],"product_brand":[],"product_cat":[326,341],"product_tag":[372],"class_list":{"0":"post-5885","1":"product","2":"type-product","3":"status-publish","4":"has-post-thumbnail","6":"product_cat-gyanta","7":"product_cat-intim-gyantak","8":"product_tag-special-wax-hu","10":"first","11":"instock","12":"purchasable","13":"product-type-simple"},"_links":{"self":[{"href":"https:\/\/amicamiashop.com\/hu\/wp-json\/wp\/v2\/product\/5885","targetHints":{"allow":["GET"]}}],"collection":[{"href":"https:\/\/amicamiashop.com\/hu\/wp-json\/wp\/v2\/product"}],"about":[{"href":"https:\/\/amicamiashop.com\/hu\/wp-json\/wp\/v2\/types\/product"}],"replies":[{"embeddable":true,"href":"https:\/\/amicamiashop.com\/hu\/wp-json\/wp\/v2\/comments?post=5885"}],"version-history":[{"count":2,"href":"https:\/\/amicamiashop.com\/hu\/wp-json\/wp\/v2\/product\/5885\/revisions"}],"predecessor-version":[{"id":15557,"href":"https:\/\/amicamiashop.com\/hu\/wp-json\/wp\/v2\/product\/5885\/revisions\/15557"}],"wp:featuredmedia":[{"embeddable":true,"href":"https:\/\/amicamiashop.com\/hu\/wp-json\/wp\/v2\/media\/5880"}],"wp:attachment":[{"href":"https:\/\/amicamiashop.com\/hu\/wp-json\/wp\/v2\/media?parent=5885"}],"wp:term":[{"taxonomy":"product_brand","embeddable":true,"href":"https:\/\/amicamiashop.com\/hu\/wp-json\/wp\/v2\/product_brand?post=5885"},{"taxonomy":"product_cat","embeddable":true,"href":"https:\/\/amicamiashop.com\/hu\/wp-json\/wp\/v2\/product_cat?post=5885"},{"taxonomy":"product_tag","embeddable":true,"href":"https:\/\/amicamiashop.com\/hu\/wp-json\/wp\/v2\/product_tag?post=5885"}],"curies":[{"name":"wp","href":"https:\/\/api.w.org\/{rel}","templated":true}]}}