{"id":5894,"date":"2023-11-01T20:14:58","date_gmt":"2023-11-01T20:14:58","guid":{"rendered":"https:\/\/amicamiashop.com\/product\/brazil-wax-at-home\/"},"modified":"2026-04-06T17:38:39","modified_gmt":"2026-04-06T17:38:39","slug":"brazil-gyanta-konzerv","status":"publish","type":"product","link":"https:\/\/amicamiashop.com\/hu\/termek\/brazil-gyanta-konzerv\/","title":{"rendered":"Brazil gyanta konzerv"},"content":{"rendered":"<h3><strong>Konzervgyanta Brazil\u00a0400 Gr<\/strong><\/h3>\n<p>Gyantapap\u00edr n\u00e9lk\u00fcli haszn\u00e1lat<\/p>\n<p>Elasztikus gyanta maracuja olajjal. K\u00fcl\u00f6n\u00f6sen alkalmas arc \u00e9s intim ter\u00fcletek gyant\u00e1z\u00e1s\u00e1ra elasztikuss\u00e1ga miatt puha, tompa szak\u00edt\u00e1ssal v\u00e9gezhet\u0151 a sz\u0151rtelen\u00edt\u00e9s, k\u00edm\u00e9letes \u00e9s nem roncsolja a b\u0151rt. A gyant\u00e1z\u00e1s ezzel a gyanta t\u00edpussal \u00e9lm\u00e9nny\u00e9 v\u00e1lik mert a sz\u0151rtelen\u00edt\u00e9s f\u00e1jdalom mentes \u00e9s puha selymes tapint\u00e1s\u00fa b\u0151r a v\u00e9geredm\u00e9ny.<br \/>\n<strong>Leh\u00faz\u00f3cs\u00edk n\u00e9lk\u00fcli haszn\u00e1lat.<\/strong> Kimondottan aj\u00e1nlott hiper\u00e9rz\u00e9keny b\u0151rt\u00edpusra mert a brazil gyanta alacsony h\u0151m\u00e9rs\u00e9kleten haszn\u00e1lhat\u00f3 \u00e9s sosem roncsolja a fels\u0151 h\u00e1mr\u00e9teget valamint csak term\u00e9szetes anyagokat tartalmaz. Kezel\u00e9s ut\u00e1n nincs b\u0151r\u00e9rz\u00e9kenys\u00e9g \u00e9s kipirosod\u00e1s.<\/p>\n<p><em>Elasztikus brazil gyanta, Konzervgyanta brazil, Brazil t\u00e1lc\u00e1s gyanta\u00a0<strong>azonos recptura alapj\u00e1n gy\u00e1rtott term\u00e9k elt\u00e9r\u0151 kiszerel\u00e9sben.\u00a0<\/strong><\/em><\/p>\n<p><strong>\u00d6sszetev\u0151i:<\/strong>\u00a0Colophonium\/ Rosin, Glyceyl Rosinante, Cera Alba \/ Bees Wax, Cera\u00a0 Microcrystallina \/ Microcrystalline Wax, Paraffin,Candelilla Cera\/ Candelilla Wax, Passioflora Edulis 6 passio Fruit, Seed Oil,Parfum\/ Fragrance CI 61565 \/ Green 6 CI 47000\/ Yello 11<\/p>\n<p><strong>Haszn\u00e1lat:<\/strong><\/p>\n<ul>\n<li>Meleg\u00edts\u00fck a gyant\u00e1t 70-80 C fokon am\u00edg teljesen felolvad, majd \u00e1ll\u00edtsuk alacsonyabb 50-60 C fokos h\u0151m\u00e9rs\u00e9klet\u0171re a g\u00e9pet.<\/li>\n<li>V\u00e1rjuk meg am\u00edg a gyanta s\u0171r\u0171 text\u00far\u00e1j\u00fa lesz \u00edgy vigy\u00fck fel a b\u0151rre.<\/li>\n<li>Vastagabb r\u00e9tegben vigy\u00fck fel a gyant\u00e1zand\u00f3 ter\u00fcletre mint m\u00e1s gyant\u00e1kat, hogy k\u00e9zzel egyszer\u0171bben megfoghat\u00f3 legyen.<\/li>\n<li>Sz\u0151rn\u00f6veked\u00e9s ir\u00e1ny\u00e1nak megfelel\u0151en kenj\u00fck fel spatula seg\u00edts\u00e9g\u00e9vel \u00e9s v\u00e1rjuk meg am\u00edg\u00a0 megdermed a b\u0151r\u00f6n.<\/li>\n<li>Sz\u0151rn\u00f6veked\u00e9ssel ellent\u00e9tes ir\u00e1nyba t\u00e9pj\u00fck le r\u00f6vid hat\u00e1rozott mozdulatokkal.<\/li>\n<li>Gyant\u00e1z\u00e1s befejezt\u00e9vel haszn\u00e1ljon tiszt\u00edt\u00f3 olajat a gyantamaradv\u00e1nyok elt\u00fcntet\u00e9s\u00e9hez.<\/li>\n<\/ul>\n<p><strong>SHOP inform\u00e1ci\u00f3:<\/strong><\/p>\n<p>Brazil gyanta konzerv, amely elasztikuss\u00e1ga miatt legink\u00e1bb \u00e9rz\u00e9keny ter\u00fcletek sz\u0151rtelen\u00edt\u00e9s\u00e9re aj\u00e1nlott. Az Amica Mia web\u00e1ruh\u00e1zban minden b\u0151r \u00e9s sz\u0151r t\u00edpusnak megfelel\u0151 gyanta t\u00edpust megtal\u00e1l. Rendel\u00e9s\u00e9t leadhatja a webshopban email en vagy telefonon is.\u00a0 Szakmai v\u00e1s\u00e1rl\u00f3knak regisztr\u00e1ci\u00f3 eset\u00e9n kedvezm\u00e9nyes \u00e1rakat biztos\u00edtunk minden term\u00e9k\u00fcnkb\u0151l.<img decoding=\"async\" style=\"display: none;\" src=\"http:\/\/www.journeyom.life\/wp-content\/uploads\/2024\/05\/JOM-LOGO-VERT-WB.jpg\" alt=\"Wax heater machine Lcd screen Black\" \/><img decoding=\"async\" style=\"display: none;\" src=\"http:\/\/www.journeyom.life\/wp-content\/uploads\/2024\/05\/JOM-LOGO-VERT-WB.jpg\" alt=\"Wax heater machine Lcd screen Black\" \/><img decoding=\"async\" style=\"display: none;\" src=\"http:\/\/www.journeyom.life\/wp-content\/uploads\/2024\/05\/JOM-LOGO-VERT-WB.jpg\" alt=\"Wax heater machine Lcd screen Black\" \/><img decoding=\"async\" style=\"display: none;\" src=\"http:\/\/www.journeyom.life\/wp-content\/uploads\/2024\/05\/JOM-LOGO-VERT-WB.jpg\" alt=\"Wax heater machine Lcd screen Black\" \/><\/p>\n","protected":false},"excerpt":{"rendered":"<p>Konzervgyanta Brazil\u00a0400 Gr<\/p>\n","protected":false},"featured_media":5891,"comment_status":"open","ping_status":"closed","template":"","meta":[],"product_brand":[],"product_cat":[341,363,357],"product_tag":[],"class_list":{"0":"post-5894","1":"product","2":"type-product","3":"status-publish","4":"has-post-thumbnail","6":"product_cat-intim-gyantak","7":"product_cat-otthoni-gyantak","8":"product_cat-szortelenites-otthon","10":"first","11":"instock","12":"purchasable","13":"product-type-simple"},"_links":{"self":[{"href":"https:\/\/amicamiashop.com\/hu\/wp-json\/wp\/v2\/product\/5894","targetHints":{"allow":["GET"]}}],"collection":[{"href":"https:\/\/amicamiashop.com\/hu\/wp-json\/wp\/v2\/product"}],"about":[{"href":"https:\/\/amicamiashop.com\/hu\/wp-json\/wp\/v2\/types\/product"}],"replies":[{"embeddable":true,"href":"https:\/\/amicamiashop.com\/hu\/wp-json\/wp\/v2\/comments?post=5894"}],"version-history":[{"count":0,"href":"https:\/\/amicamiashop.com\/hu\/wp-json\/wp\/v2\/product\/5894\/revisions"}],"wp:featuredmedia":[{"embeddable":true,"href":"https:\/\/amicamiashop.com\/hu\/wp-json\/wp\/v2\/media\/5891"}],"wp:attachment":[{"href":"https:\/\/amicamiashop.com\/hu\/wp-json\/wp\/v2\/media?parent=5894"}],"wp:term":[{"taxonomy":"product_brand","embeddable":true,"href":"https:\/\/amicamiashop.com\/hu\/wp-json\/wp\/v2\/product_brand?post=5894"},{"taxonomy":"product_cat","embeddable":true,"href":"https:\/\/amicamiashop.com\/hu\/wp-json\/wp\/v2\/product_cat?post=5894"},{"taxonomy":"product_tag","embeddable":true,"href":"https:\/\/amicamiashop.com\/hu\/wp-json\/wp\/v2\/product_tag?post=5894"}],"curies":[{"name":"wp","href":"https:\/\/api.w.org\/{rel}","templated":true}]}}