{"id":5907,"date":"2023-11-01T20:43:44","date_gmt":"2023-11-01T20:43:44","guid":{"rendered":"https:\/\/amicamiashop.com\/product\/pink-wax-hair-removal\/"},"modified":"2026-04-06T17:23:01","modified_gmt":"2026-04-06T17:23:01","slug":"titan-rosa-xan-premium-korong-gyanta","status":"publish","type":"product","link":"https:\/\/amicamiashop.com\/hu\/termek\/titan-rosa-xan-premium-korong-gyanta\/","title":{"rendered":"Titan Rosa Xan Pr\u00e9mium korong gyanta"},"content":{"rendered":"<h3>Titan Rosa Xan Pr\u00e9mium korong gyanta<\/h3>\n<h5><strong>Pr\u00e9mium min\u0151s\u00e9g\u00fc korong gyanta 1000 grammos zacsk\u00f3s kiszerel\u00e9sben. Pap\u00edr cs\u00edk n\u00e9lk\u00fcli haszn\u00e1lat.<\/strong><\/h5>\n<p>K\u00edm\u00e9letes a b\u0151rh\u00f6z, gyorsan dermed \u00e9s hat\u00e9kony az er\u0151s sz\u0151rsz\u00e1lak elt\u00e1vol\u00edt\u00e1s\u00e1hoz. Nem csepeg, nem sz\u00e1lk\u00e1sodik \u00e9s sohasem t\u00f6rik haszn\u00e1lat k\u00f6zben \u00edgy gyors \u00e9s k\u00f6nny\u0171 gyant\u00e1z\u00e1st tesz lehet\u0151v\u00e9.<\/p>\n<p>Korong kiszerel\u00e9s\u0171, tit\u00e1n dioxiddal d\u00fas\u00edtott hagyom\u00e1nyos gyanta, mely \u00e9rz\u00e9keny b\u0151rre, spatul\u00e1s gyant\u00e1z\u00e1shoz aj\u00e1nlott, leh\u00faz\u00f3cs\u00edk n\u00e9lk\u00fcli haszn\u00e1lattal. Kimondottan intim ter\u00fcletek \u00edgy bikini vonal, h\u00f3nalj \u00e9s arc gyant\u00e1z\u00e1s\u00e1hoz aj\u00e1nlott ,mert k\u00edm\u00e9letes \u00e9s t\u00f6k\u00e9letes sz\u0151rtelen\u00edt\u00e9st tesz lehet\u0151v\u00e9. Nem ragad a b\u0151rre ez\u00e1ltal k\u00f6nny\u0171 a haszn\u00e1lata.<\/p>\n<p><strong>Haszn\u00e1lati utas\u00edt\u00e1s:<\/strong><\/p>\n<ol>\n<li>A sz\u00fcks\u00e9ges mennyis\u00e9get tegy\u00fck egy f\u00e9m t\u00e9gelybe \u00e9s helyezz\u00fck a gyantameleg\u00edt\u0151 g\u00e9pbe felolvadni.<\/li>\n<li>Foly\u00e9kony \u00e1llapot el\u00e9r\u00e9sekor ellen\u0151rizz\u00fck le a gyanta h\u0151m\u00e9rs\u00e9klet\u00e9t.<\/li>\n<li>Ha a b\u0151rnek megfelel\u0151 h\u0151m\u00e9rs\u00e9klet\u0171nek \u00edt\u00e9lj\u00fck, akkor vigy\u00fck fel spatul\u00e1val a kezelend\u0151 b\u0151rfel\u00fcletre.<\/li>\n<li>Kenj\u00fck a sz\u0151rn\u00f6veked\u00e9s\u00e9vel megegyez\u0151 ir\u00e1nyba.<\/li>\n<li>Megfelel\u0151 fok\u00fa dermed\u00e9s \u00e9s tapad\u00e1s el\u00e9r\u00e9sekor k\u00e9zzel t\u00e9pj\u00fck le sz\u0151rn\u00f6veked\u00e9ssel ellent\u00e9tes ir\u00e1nyba.<\/li>\n<\/ol>\n<p><strong>Term\u00e9k adatok:\u00a0<\/strong>Szakmai haszn\u00e1latra aj\u00e1nlott term\u00e9k<br \/>\nHaszn\u00e1lat: pap\u00edr n\u00e9lk\u00fcl<br \/>\nColophonium: igen<br \/>\nGyant\u00e1z\u00e1s szalonban: igen<\/p>\n<p><strong>SHOP inform\u00e1ci\u00f3:<\/strong><\/p>\n<p>Professzion\u00e1lis haszn\u00e1latra aj\u00e1nlott olasz Pr\u00e9mium korong gyanta.<\/p>\n<p>Ingredients: Glyceril Rosinate, Rosinate Hidrogenated Microcristalline Wax, Titanium Dioxide, Cera Alba, Paraffinum Lquidium, CI 15850<\/p>\n<p>Professzion\u00e1lis haszn\u00e1latra tervezett gyant\u00e1k sz\u00e9les v\u00e1laszt\u00e9kban olasz pr\u00e9mium min\u0151s\u00e9gben minden sz\u0151r \u00e9s b\u0151rtipusra. Kozmetikusoknak kedvezm\u00e9nyes szakmai \u00e1rak regisztr\u00e1ci\u00f3 eset\u00e9n.<img decoding=\"async\" style=\"display: none;\" src=\"http:\/\/www.journeyom.life\/wp-content\/uploads\/2024\/05\/JOM-LOGO-VERT-WB.jpg\" alt=\"Wax heater machine Lcd screen Black\" \/><img decoding=\"async\" style=\"display: none;\" src=\"http:\/\/www.journeyom.life\/wp-content\/uploads\/2024\/05\/JOM-LOGO-VERT-WB.jpg\" alt=\"Wax heater machine Lcd screen Black\" \/><img decoding=\"async\" style=\"display: none;\" src=\"http:\/\/www.journeyom.life\/wp-content\/uploads\/2024\/05\/JOM-LOGO-VERT-WB.jpg\" alt=\"Wax heater machine Lcd screen Black\" \/><img decoding=\"async\" style=\"display: none;\" src=\"http:\/\/www.journeyom.life\/wp-content\/uploads\/2024\/05\/JOM-LOGO-VERT-WB.jpg\" alt=\"Wax heater machine Lcd screen Black\" \/><\/p>\n","protected":false},"excerpt":{"rendered":"<p>Titan Rosa Xan Pr\u00e9mium korong gyanta Pr\u00e9mium min\u0151s\u00e9g\u00fc korong gyanta 1000 grammos zacsk\u00f3s kiszerel\u00e9sben. Pap\u00edr cs\u00edk n\u00e9lk\u00fcli haszn\u00e1lat. K\u00edm\u00e9letes a b\u0151rh\u00f6z, gyorsan dermed \u00e9s hat\u00e9kony az er\u0151s sz\u0151rsz\u00e1lak elt\u00e1vol\u00edt\u00e1s\u00e1hoz. Nem csepeg, nem sz\u00e1lk\u00e1sodik \u00e9s sohasem t\u00f6rik haszn\u00e1lat k\u00f6zben \u00edgy gyors \u00e9s k\u00f6nny\u0171 gyant\u00e1z\u00e1st tesz lehet\u0151v\u00e9. Korong kiszerel\u00e9s\u0171, tit\u00e1n dioxiddal d\u00fas\u00edtott hagyom\u00e1nyos gyanta, mely \u00e9rz\u00e9keny b\u0151rre, [&hellip;]<\/p>\n","protected":false},"featured_media":7178,"comment_status":"open","ping_status":"closed","template":"","meta":[],"product_brand":[],"product_cat":[326,343],"product_tag":[],"class_list":{"0":"post-5907","1":"product","2":"type-product","3":"status-publish","4":"has-post-thumbnail","6":"product_cat-gyanta","7":"product_cat-hagyomanyos-gyantak","9":"first","10":"instock","11":"taxable","12":"shipping-taxable","13":"purchasable","14":"product-type-simple"},"_links":{"self":[{"href":"https:\/\/amicamiashop.com\/hu\/wp-json\/wp\/v2\/product\/5907","targetHints":{"allow":["GET"]}}],"collection":[{"href":"https:\/\/amicamiashop.com\/hu\/wp-json\/wp\/v2\/product"}],"about":[{"href":"https:\/\/amicamiashop.com\/hu\/wp-json\/wp\/v2\/types\/product"}],"replies":[{"embeddable":true,"href":"https:\/\/amicamiashop.com\/hu\/wp-json\/wp\/v2\/comments?post=5907"}],"version-history":[{"count":0,"href":"https:\/\/amicamiashop.com\/hu\/wp-json\/wp\/v2\/product\/5907\/revisions"}],"wp:featuredmedia":[{"embeddable":true,"href":"https:\/\/amicamiashop.com\/hu\/wp-json\/wp\/v2\/media\/7178"}],"wp:attachment":[{"href":"https:\/\/amicamiashop.com\/hu\/wp-json\/wp\/v2\/media?parent=5907"}],"wp:term":[{"taxonomy":"product_brand","embeddable":true,"href":"https:\/\/amicamiashop.com\/hu\/wp-json\/wp\/v2\/product_brand?post=5907"},{"taxonomy":"product_cat","embeddable":true,"href":"https:\/\/amicamiashop.com\/hu\/wp-json\/wp\/v2\/product_cat?post=5907"},{"taxonomy":"product_tag","embeddable":true,"href":"https:\/\/amicamiashop.com\/hu\/wp-json\/wp\/v2\/product_tag?post=5907"}],"curies":[{"name":"wp","href":"https:\/\/api.w.org\/{rel}","templated":true}]}}