{"id":5920,"date":"2023-11-01T21:02:06","date_gmt":"2023-11-01T21:02:06","guid":{"rendered":"https:\/\/amicamiashop.com\/product\/golden-hot-film-wax\/"},"modified":"2024-06-21T12:58:07","modified_gmt":"2024-06-21T12:58:07","slug":"golden-sands-filmgyanta","status":"publish","type":"product","link":"https:\/\/amicamiashop.com\/hu\/termek\/golden-sands-filmgyanta\/","title":{"rendered":"Golden Sands filmgyanta"},"content":{"rendered":"<p><strong>Golden Sands filmgyanta<\/strong><\/p>\n<p>Gyanta cs\u00edk n\u00e9lk\u00fcl haszn\u00e1lhat\u00f3 elasztikus <strong>film gyanta 1000 gr<\/strong>\u00a0zacsk\u00f3s kiszerel\u00e9s.<\/p>\n<p>Vastagon felkenve meleg, a testnek kellemes h\u0151m\u00e9rs\u00e9klet\u0171 \u00e9s gyorsan dermed\u0151 gyanta. Er\u0151s sz\u0151rsz\u00e1lak eset\u00e9n hat\u00e9kony gyanta t\u00edpus. Gyors \u00e9s egyszer\u00fc gyant\u00e1z\u00e1st tesz lehet\u0151v\u00e9.<\/p>\n<p><u><strong>Haszn\u00e1lata:<\/strong><\/u><\/p>\n<ul>\n<li>Gyantameleg\u00edt\u0151\u00a0g\u00e9pbe helyezz\u00fck a k\u00edv\u00e1nt mennyis\u00e9get<\/li>\n<li>Meleg\u00edts\u00fck felolvad\u00e1sig max h\u0151m\u00e9rs\u00e9kleten majd \u00e1ll\u00edtsuk k\u00f6zepes h\u0151m\u00e9rs\u00e9klet\u0171re a g\u00e9pet \u00e9s v\u00e1rjuk meg am\u00edg kenhet\u0151 konzisztenci\u00e1j\u00fa lesz a gyanta.<\/li>\n<li>Haszn\u00e1lat el\u00f6tt ellen\u0151rizz\u00fck a gyanta h\u0151m\u00e9rs\u00e9klet\u00e9t \u00e9s \u00e1llag\u00e1t. Ha kellemes meleg de sosem forr\u00f3 h\u0151m\u00e9rs\u00e9klet\u0171 a b\u0151rnek akkor megfelel\u0151 valamint neh\u00e9z\u00a0<strong>s\u0171r\u0171 kr\u00e9mes \u00e1llag<\/strong>\u00a0jellemzi. Tegy\u00fcnk a b\u0151r\u00fcnkre pr\u00f3bak\u00e9nt \u00e9s ha kellemes h\u0151m\u00e9rs\u00e9klet\u0171 a b\u0151rnek indulhat a gyant\u00e1z\u00e1s.<\/li>\n<li>Spatula seg\u00edts\u00e9g\u00e9vel vigy\u00fck fel a sz\u0151rtelen\u00edteni k\u00edv\u00e1nt r\u00e9szre a sz\u0151rn\u00f6veked\u00e9ssel megegyez\u0151 ir\u00e1nyba majd megszil\u00e1rdul\u00e1s ut\u00e1n azzal ellent\u00e9tes ir\u00e1nyba h\u00fazzuk le gyors mozdulattal.<\/li>\n<li>A gyant\u00e1z\u00e1s befejezt\u00e9vel haszn\u00e1ljon ut\u00f3\u00e1pol\u00f3 g\u00e9lt vagy olajat\u00a0.<\/li>\n<\/ul>\n<p>Ingredients:<\/p>\n<p>Glyceryl Rosinate, Colophonium , Paraffin, Ethylene\/ VA, Copolymer, Hydrogenated Microcrystalline Wax, Triethylene Glicol rosinate, Mica, Titanium Dioxid, Ricinus Communis seed oil,<img decoding=\"async\" style=\"display: none;\" src=\"http:\/\/www.journeyom.life\/wp-content\/uploads\/2024\/05\/JOM-LOGO-VERT-WB.jpg\" alt=\"Wax heater machine Lcd screen Black\" \/><img decoding=\"async\" style=\"display: none;\" src=\"http:\/\/www.journeyom.life\/wp-content\/uploads\/2024\/05\/JOM-LOGO-VERT-WB.jpg\" alt=\"Wax heater machine Lcd screen Black\" \/><img decoding=\"async\" style=\"display: none;\" src=\"http:\/\/www.journeyom.life\/wp-content\/uploads\/2024\/05\/JOM-LOGO-VERT-WB.jpg\" alt=\"Wax heater machine Lcd screen Black\" \/><img decoding=\"async\" style=\"display: none;\" src=\"http:\/\/www.journeyom.life\/wp-content\/uploads\/2024\/05\/JOM-LOGO-VERT-WB.jpg\" alt=\"Wax heater machine Lcd screen Black\" \/><\/p>\n","protected":false},"excerpt":{"rendered":"<p>Golden Sands filmgyanta Gyanta cs\u00edk n\u00e9lk\u00fcl haszn\u00e1lhat\u00f3 elasztikus film gyanta 1000 gr\u00a0zacsk\u00f3s kiszerel\u00e9s. Vastagon felkenve meleg, a testnek kellemes h\u0151m\u00e9rs\u00e9klet\u0171 \u00e9s gyorsan dermed\u0151 gyanta. Er\u0151s sz\u0151rsz\u00e1lak eset\u00e9n hat\u00e9kony gyanta t\u00edpus. Gyors \u00e9s egyszer\u00fc gyant\u00e1z\u00e1st tesz lehet\u0151v\u00e9. Haszn\u00e1lata: Gyantameleg\u00edt\u0151\u00a0g\u00e9pbe helyezz\u00fck a k\u00edv\u00e1nt mennyis\u00e9get Meleg\u00edts\u00fck felolvad\u00e1sig max h\u0151m\u00e9rs\u00e9kleten majd \u00e1ll\u00edtsuk k\u00f6zepes h\u0151m\u00e9rs\u00e9klet\u0171re a g\u00e9pet \u00e9s v\u00e1rjuk meg [&hellip;]<\/p>\n","protected":false},"featured_media":5918,"comment_status":"open","ping_status":"closed","template":"","meta":[],"product_brand":[],"product_cat":[326,343],"product_tag":[],"class_list":{"0":"post-5920","1":"product","2":"type-product","3":"status-publish","4":"has-post-thumbnail","6":"product_cat-gyanta","7":"product_cat-hagyomanyos-gyantak","9":"first","10":"instock","11":"taxable","12":"shipping-taxable","13":"purchasable","14":"product-type-simple"},"_links":{"self":[{"href":"https:\/\/amicamiashop.com\/hu\/wp-json\/wp\/v2\/product\/5920","targetHints":{"allow":["GET"]}}],"collection":[{"href":"https:\/\/amicamiashop.com\/hu\/wp-json\/wp\/v2\/product"}],"about":[{"href":"https:\/\/amicamiashop.com\/hu\/wp-json\/wp\/v2\/types\/product"}],"replies":[{"embeddable":true,"href":"https:\/\/amicamiashop.com\/hu\/wp-json\/wp\/v2\/comments?post=5920"}],"version-history":[{"count":0,"href":"https:\/\/amicamiashop.com\/hu\/wp-json\/wp\/v2\/product\/5920\/revisions"}],"wp:featuredmedia":[{"embeddable":true,"href":"https:\/\/amicamiashop.com\/hu\/wp-json\/wp\/v2\/media\/5918"}],"wp:attachment":[{"href":"https:\/\/amicamiashop.com\/hu\/wp-json\/wp\/v2\/media?parent=5920"}],"wp:term":[{"taxonomy":"product_brand","embeddable":true,"href":"https:\/\/amicamiashop.com\/hu\/wp-json\/wp\/v2\/product_brand?post=5920"},{"taxonomy":"product_cat","embeddable":true,"href":"https:\/\/amicamiashop.com\/hu\/wp-json\/wp\/v2\/product_cat?post=5920"},{"taxonomy":"product_tag","embeddable":true,"href":"https:\/\/amicamiashop.com\/hu\/wp-json\/wp\/v2\/product_tag?post=5920"}],"curies":[{"name":"wp","href":"https:\/\/api.w.org\/{rel}","templated":true}]}}