{"id":5935,"date":"2023-09-29T23:57:50","date_gmt":"2023-09-29T23:57:50","guid":{"rendered":"https:\/\/amicamiashop.com\/product\/amethyst-film-wax\/"},"modified":"2024-08-22T09:54:39","modified_gmt":"2024-08-22T09:54:39","slug":"gyantagyongy-film-wax-ametiszt","status":"publish","type":"product","link":"https:\/\/amicamiashop.com\/hu\/termek\/gyantagyongy-film-wax-ametiszt\/","title":{"rendered":"Gyanta gy\u00f6ngy film wax ametiszt"},"content":{"rendered":"<p><strong>Gyantagy\u00f6ngy Film Wax Ametiszt<\/strong><\/p>\n<p>Ametiszt filmgyanta 1 Kg<\/p>\n<p>Gyanta cs\u00edk n\u00e9lk\u00fcl haszn\u00e1lhat\u00f3 elasztikus gyanta. 1000 gramm<\/p>\n<p>Nagyon k\u00edm\u00e9letes \u00e9s alacsony h\u0151fokon olvad\u00f3 elasztikus\u00a0gy\u00f6ngy gyanta. Felkenve meleg, a testnek kellemes h\u0151m\u00e9rs\u00e9klet\u0171 \u00e9s gyorsan dermed\u0151 gyanta. A leh\u00faz\u00e1sn\u00e1l sosem t\u00f6rik, vastag filmszer\u0171 r\u00e9teget k\u00e9pez \u00e9s egyszer\u0171en leh\u00fazhat\u00f3 a b\u0151rr\u0151l \u00fagy, hogy t\u00f6vest\u0151l t\u00e1vol\u00edtja el a sz\u0151rsz\u00e1lakat \u00e9s szinte f\u00e1jdalom mentes a sz\u0151rtelen\u00edt\u00e9s. Kar, l\u00e1b h\u00f3nalj \u00e9s bikinivonal gyant\u00e1z\u00e1s\u00e1hoz aj\u00e1nlott. Er\u0151s sz\u0151rsz\u00e1lak eset\u00e9n nagyon hat\u00e9kony gyanta t\u00edpus.<\/p>\n<p><u><strong>Haszn\u00e1lata:<\/strong><\/u><\/p>\n<ul>\n<li>Gyantameleg\u00edt\u0151\u00a0g\u00e9pbe helyezz\u00fck a k\u00edv\u00e1nt mennyis\u00e9get<\/li>\n<li>Meleg\u00edts\u00fck felolvad\u00e1sig max h\u0151m\u00e9rs\u00e9kleten majd \u00e1ll\u00edtsuk k\u00f6zepes h\u0151m\u00e9rs\u00e9klet\u0171re a g\u00e9pet \u00e9s v\u00e1rjuk meg am\u00edg kenhet\u0151 konzisztenci\u00e1j\u00fa lesz a gyanta.<\/li>\n<li>Haszn\u00e1lat el\u00f6tt ellen\u0151rizz\u00fck a gyanta h\u0151m\u00e9rs\u00e9klet\u00e9t \u00e9s \u00e1llag\u00e1t. Ha kellemes meleg de sosem forr\u00f3 h\u0151m\u00e9rs\u00e9klet\u0171 a b\u0151rnek akkor megfelel\u0151 valamint neh\u00e9z s\u0171r\u0171 kr\u00e9mes \u00e1llag jellemzi. Tegy\u00fcnk a b\u0151r\u00fcnkre pr\u00f3bak\u00e9nt \u00e9s ha kellemes h\u0151m\u00e9rs\u00e9klet\u0171 a b\u0151rnek indulhat a gyant\u00e1z\u00e1s.<\/li>\n<li>Spatula seg\u00edts\u00e9g\u00e9vel vigy\u00fck fel a sz\u0151rtelen\u00edteni k\u00edv\u00e1nt r\u00e9szre a sz\u0151rn\u00f6veked\u00e9ssel megegyez\u0151 ir\u00e1nyba majd megszil\u00e1rdul\u00e1s ut\u00e1n azzal ellent\u00e9tes ir\u00e1nyba h\u00fazzuk le gyors mozdulattal.<\/li>\n<li>A gyant\u00e1z\u00e1s befejezt\u00e9vel haszn\u00e1ljon ut\u00f3\u00e1pol\u00f3 g\u00e9lt vagy olajat .<\/li>\n<\/ul>\n<p>Ingredients:<\/p>\n<p>Glyceryl Rosinate, Colophonium , Paraffin, Ethylene\/ VA, Copolymer, Hydrogenated Microcrystalline Wax, Triethylene Glicol rosinate, Mica, Titanium Dioxid, Ricinus Communis seed oil,CI 60726 Ametiszt.<img decoding=\"async\" style=\"display: none;\" src=\"http:\/\/www.journeyom.life\/wp-content\/uploads\/2024\/05\/JOM-LOGO-VERT-WB.jpg\" alt=\"Wax heater machine Lcd screen Black\" \/><img decoding=\"async\" style=\"display: none;\" src=\"http:\/\/www.journeyom.life\/wp-content\/uploads\/2024\/05\/JOM-LOGO-VERT-WB.jpg\" alt=\"Wax heater machine Lcd screen Black\" \/><img decoding=\"async\" style=\"display: none;\" src=\"http:\/\/www.journeyom.life\/wp-content\/uploads\/2024\/05\/JOM-LOGO-VERT-WB.jpg\" alt=\"Wax heater machine Lcd screen Black\" \/><img decoding=\"async\" style=\"display: none;\" src=\"http:\/\/www.journeyom.life\/wp-content\/uploads\/2024\/05\/JOM-LOGO-VERT-WB.jpg\" alt=\"Wax heater machine Lcd screen Black\" \/><\/p>\n","protected":false},"excerpt":{"rendered":"<p><strong>Ametiszt filmgyanta 1 Kg<\/strong><\/p>\n","protected":false},"featured_media":5932,"comment_status":"open","ping_status":"closed","template":"","meta":[],"product_brand":[],"product_cat":[326,343],"product_tag":[375],"class_list":{"0":"post-5935","1":"product","2":"type-product","3":"status-publish","4":"has-post-thumbnail","6":"product_cat-gyanta","7":"product_cat-hagyomanyos-gyantak","8":"product_tag-hot-film-wax-hu","10":"first","11":"instock","12":"purchasable","13":"product-type-simple"},"_links":{"self":[{"href":"https:\/\/amicamiashop.com\/hu\/wp-json\/wp\/v2\/product\/5935","targetHints":{"allow":["GET"]}}],"collection":[{"href":"https:\/\/amicamiashop.com\/hu\/wp-json\/wp\/v2\/product"}],"about":[{"href":"https:\/\/amicamiashop.com\/hu\/wp-json\/wp\/v2\/types\/product"}],"replies":[{"embeddable":true,"href":"https:\/\/amicamiashop.com\/hu\/wp-json\/wp\/v2\/comments?post=5935"}],"version-history":[{"count":0,"href":"https:\/\/amicamiashop.com\/hu\/wp-json\/wp\/v2\/product\/5935\/revisions"}],"wp:featuredmedia":[{"embeddable":true,"href":"https:\/\/amicamiashop.com\/hu\/wp-json\/wp\/v2\/media\/5932"}],"wp:attachment":[{"href":"https:\/\/amicamiashop.com\/hu\/wp-json\/wp\/v2\/media?parent=5935"}],"wp:term":[{"taxonomy":"product_brand","embeddable":true,"href":"https:\/\/amicamiashop.com\/hu\/wp-json\/wp\/v2\/product_brand?post=5935"},{"taxonomy":"product_cat","embeddable":true,"href":"https:\/\/amicamiashop.com\/hu\/wp-json\/wp\/v2\/product_cat?post=5935"},{"taxonomy":"product_tag","embeddable":true,"href":"https:\/\/amicamiashop.com\/hu\/wp-json\/wp\/v2\/product_tag?post=5935"}],"curies":[{"name":"wp","href":"https:\/\/api.w.org\/{rel}","templated":true}]}}